{"id":13337,"date":"2021-12-25T11:50:23","date_gmt":"2021-12-25T08:50:23","guid":{"rendered":"https:\/\/www.eryigit.com.tr\/firma\/"},"modified":"2021-12-25T11:50:23","modified_gmt":"2021-12-25T08:50:23","slug":"firma","status":"publish","type":"page","link":"https:\/\/www.eryigit.com.tr\/ar\/firma\/","title":{"rendered":"Firma"},"content":{"rendered":"","protected":false},"excerpt":{"rendered":"","protected":false},"author":1,"featured_media":0,"parent":0,"menu_order":0,"comment_status":"closed","ping_status":"closed","template":"","meta":{"footnotes":""},"class_list":["post-13337","page","type-page","status-publish","hentry"],"yoast_head":"<!-- This site is optimized with the Yoast SEO plugin v24.1 - https:\/\/yoast.com\/wordpress\/plugins\/seo\/ -->\n<title>\u0623\u062c\u0647\u0632\u0629 \u0637\u0628\u064a\u0629 - \u0623\u062c\u0647\u0632\u0629 \u0637\u0628\u064a\u0629 - \u0645\u0646 \u0646\u062d\u0646 | \u0623\u062c\u0647\u0632\u0629 \u0625\u064a\u0631\u064a\u062c\u064a\u062a \u0627\u0644\u0637\u0628\u064a\u0629<\/title>\n<meta name=\"description\" content=\"\u062a\u0642\u0648\u0645 \u0634\u0631\u0643\u0629 Eryi\u011fit Medical Devices \u0628\u062a\u0635\u0646\u064a\u0639 \u0627\u0644\u0623\u062c\u0647\u0632\u0629 \u0627\u0644\u0637\u0628\u064a\u0629 \u0627\u0644\u062a\u064a \u062a\u062d\u062a\u0627\u062c\u0647\u0627 \u0627\u0644\u0635\u0646\u0627\u0639\u0629 \u0641\u064a \u0645\u062c\u0645\u0639 \u0636\u062e\u0645 \u0628\u0645\u0633\u0627\u062d\u0629 10.000 \u0645\u062a\u0631 \u0645\u0631\u0628\u0639 \u0641\u064a \u0623\u0646\u0642\u0631\u0629 \u0130vedik O.S.B.\" \/>\n<meta name=\"robots\" content=\"index, follow, max-snippet:-1, max-image-preview:large, max-video-preview:-1\" \/>\n<link rel=\"canonical\" href=\"https:\/\/www.eryigit.com.tr\/ar\/firma\/\" \/>\n<script type=\"application\/ld+json\" class=\"yoast-schema-graph\">{\"@context\":\"https:\/\/schema.org\",\"@graph\":[{\"@type\":\"WebPage\",\"@id\":\"https:\/\/www.eryigit.com.tr\/ar\/firma\/\",\"url\":\"https:\/\/www.eryigit.com.tr\/ar\/firma\/\",\"name\":\"\u0623\u062c\u0647\u0632\u0629 \u0637\u0628\u064a\u0629 - \u0623\u062c\u0647\u0632\u0629 \u0637\u0628\u064a\u0629 - \u0645\u0646 \u0646\u062d\u0646 | \u0623\u062c\u0647\u0632\u0629 \u0625\u064a\u0631\u064a\u062c\u064a\u062a \u0627\u0644\u0637\u0628\u064a\u0629\",\"isPartOf\":{\"@id\":\"https:\/\/www.eryigit.com.tr\/#website\"},\"datePublished\":\"2021-12-25T08:50:23+00:00\",\"dateModified\":\"2021-12-25T08:50:23+00:00\",\"description\":\"\u062a\u0642\u0648\u0645 \u0634\u0631\u0643\u0629 Eryi\u011fit Medical Devices \u0628\u062a\u0635\u0646\u064a\u0639 \u0627\u0644\u0623\u062c\u0647\u0632\u0629 \u0627\u0644\u0637\u0628\u064a\u0629 \u0627\u0644\u062a\u064a \u062a\u062d\u062a\u0627\u062c\u0647\u0627 \u0627\u0644\u0635\u0646\u0627\u0639\u0629 \u0641\u064a \u0645\u062c\u0645\u0639 \u0636\u062e\u0645 \u0628\u0645\u0633\u0627\u062d\u0629 10.000 \u0645\u062a\u0631 \u0645\u0631\u0628\u0639 \u0641\u064a \u0623\u0646\u0642\u0631\u0629 \u0130vedik O.S.B.\",\"breadcrumb\":{\"@id\":\"https:\/\/www.eryigit.com.tr\/ar\/firma\/#breadcrumb\"},\"inLanguage\":\"ar\",\"potentialAction\":[{\"@type\":\"ReadAction\",\"target\":[\"https:\/\/www.eryigit.com.tr\/ar\/firma\/\"]}]},{\"@type\":\"BreadcrumbList\",\"@id\":\"https:\/\/www.eryigit.com.tr\/ar\/firma\/#breadcrumb\",\"itemListElement\":[{\"@type\":\"ListItem\",\"position\":1,\"name\":\"Ana sayfa\",\"item\":\"https:\/\/www.eryigit.com.tr\/ar\/\"},{\"@type\":\"ListItem\",\"position\":2,\"name\":\"Firma\"}]},{\"@type\":\"WebSite\",\"@id\":\"https:\/\/www.eryigit.com.tr\/#website\",\"url\":\"https:\/\/www.eryigit.com.tr\/\",\"name\":\"Eryi\u011fit T\u0131bbi Cihazlar&amp;Biyoteknoloji\",\"description\":\"Eryi\u011fit T\u0131bbi Cihazlar&amp;Biyoteknoloji \u2013 Technologies for Life\",\"publisher\":{\"@id\":\"https:\/\/www.eryigit.com.tr\/#organization\"},\"potentialAction\":[{\"@type\":\"SearchAction\",\"target\":{\"@type\":\"EntryPoint\",\"urlTemplate\":\"https:\/\/www.eryigit.com.tr\/?s={search_term_string}\"},\"query-input\":{\"@type\":\"PropertyValueSpecification\",\"valueRequired\":true,\"valueName\":\"search_term_string\"}}],\"inLanguage\":\"ar\"},{\"@type\":\"Organization\",\"@id\":\"https:\/\/www.eryigit.com.tr\/#organization\",\"name\":\"Eryi\u011fit T\u0131bbi Cihazlar A.\u015e.\",\"url\":\"https:\/\/www.eryigit.com.tr\/\",\"logo\":{\"@type\":\"ImageObject\",\"inLanguage\":\"ar\",\"@id\":\"https:\/\/www.eryigit.com.tr\/#\/schema\/logo\/image\/\",\"url\":\"https:\/\/www.eryigit.com.tr\/wp-content\/uploads\/eryigit-logo.jpg\",\"contentUrl\":\"https:\/\/www.eryigit.com.tr\/wp-content\/uploads\/eryigit-logo.jpg\",\"width\":168,\"height\":49,\"caption\":\"Eryi\u011fit T\u0131bbi Cihazlar A.\u015e.\"},\"image\":{\"@id\":\"https:\/\/www.eryigit.com.tr\/#\/schema\/logo\/image\/\"},\"sameAs\":[\"https:\/\/www.facebook.com\/eryigitmedical\/\",\"https:\/\/www.instagram.com\/eryigitmedical\/\",\"https:\/\/www.linkedin.com\/company\/eryi\u011fit-t\u0131bbi-cihazlar-\/\",\"https:\/\/www.youtube.com\/channel\/UCMaYrhKIcluSWpTNjQJw2Gw\"]}]}<\/script>\n<!-- \/ Yoast SEO plugin. -->","yoast_head_json":{"title":"\u0623\u062c\u0647\u0632\u0629 \u0637\u0628\u064a\u0629 - \u0623\u062c\u0647\u0632\u0629 \u0637\u0628\u064a\u0629 - \u0645\u0646 \u0646\u062d\u0646 | \u0623\u062c\u0647\u0632\u0629 \u0625\u064a\u0631\u064a\u062c\u064a\u062a \u0627\u0644\u0637\u0628\u064a\u0629","description":"\u062a\u0642\u0648\u0645 \u0634\u0631\u0643\u0629 Eryi\u011fit Medical Devices \u0628\u062a\u0635\u0646\u064a\u0639 \u0627\u0644\u0623\u062c\u0647\u0632\u0629 \u0627\u0644\u0637\u0628\u064a\u0629 \u0627\u0644\u062a\u064a \u062a\u062d\u062a\u0627\u062c\u0647\u0627 \u0627\u0644\u0635\u0646\u0627\u0639\u0629 \u0641\u064a \u0645\u062c\u0645\u0639 \u0636\u062e\u0645 \u0628\u0645\u0633\u0627\u062d\u0629 10.000 \u0645\u062a\u0631 \u0645\u0631\u0628\u0639 \u0641\u064a \u0623\u0646\u0642\u0631\u0629 \u0130vedik O.S.B.","robots":{"index":"index","follow":"follow","max-snippet":"max-snippet:-1","max-image-preview":"max-image-preview:large","max-video-preview":"max-video-preview:-1"},"canonical":"https:\/\/www.eryigit.com.tr\/ar\/firma\/","schema":{"@context":"https:\/\/schema.org","@graph":[{"@type":"WebPage","@id":"https:\/\/www.eryigit.com.tr\/ar\/firma\/","url":"https:\/\/www.eryigit.com.tr\/ar\/firma\/","name":"\u0623\u062c\u0647\u0632\u0629 \u0637\u0628\u064a\u0629 - \u0623\u062c\u0647\u0632\u0629 \u0637\u0628\u064a\u0629 - \u0645\u0646 \u0646\u062d\u0646 | \u0623\u062c\u0647\u0632\u0629 \u0625\u064a\u0631\u064a\u062c\u064a\u062a \u0627\u0644\u0637\u0628\u064a\u0629","isPartOf":{"@id":"https:\/\/www.eryigit.com.tr\/#website"},"datePublished":"2021-12-25T08:50:23+00:00","dateModified":"2021-12-25T08:50:23+00:00","description":"\u062a\u0642\u0648\u0645 \u0634\u0631\u0643\u0629 Eryi\u011fit Medical Devices \u0628\u062a\u0635\u0646\u064a\u0639 \u0627\u0644\u0623\u062c\u0647\u0632\u0629 \u0627\u0644\u0637\u0628\u064a\u0629 \u0627\u0644\u062a\u064a \u062a\u062d\u062a\u0627\u062c\u0647\u0627 \u0627\u0644\u0635\u0646\u0627\u0639\u0629 \u0641\u064a \u0645\u062c\u0645\u0639 \u0636\u062e\u0645 \u0628\u0645\u0633\u0627\u062d\u0629 10.000 \u0645\u062a\u0631 \u0645\u0631\u0628\u0639 \u0641\u064a \u0623\u0646\u0642\u0631\u0629 \u0130vedik O.S.B.","breadcrumb":{"@id":"https:\/\/www.eryigit.com.tr\/ar\/firma\/#breadcrumb"},"inLanguage":"ar","potentialAction":[{"@type":"ReadAction","target":["https:\/\/www.eryigit.com.tr\/ar\/firma\/"]}]},{"@type":"BreadcrumbList","@id":"https:\/\/www.eryigit.com.tr\/ar\/firma\/#breadcrumb","itemListElement":[{"@type":"ListItem","position":1,"name":"Ana sayfa","item":"https:\/\/www.eryigit.com.tr\/ar\/"},{"@type":"ListItem","position":2,"name":"Firma"}]},{"@type":"WebSite","@id":"https:\/\/www.eryigit.com.tr\/#website","url":"https:\/\/www.eryigit.com.tr\/","name":"Eryi\u011fit T\u0131bbi Cihazlar&amp;Biyoteknoloji","description":"Eryi\u011fit T\u0131bbi Cihazlar&amp;Biyoteknoloji \u2013 Technologies for Life","publisher":{"@id":"https:\/\/www.eryigit.com.tr\/#organization"},"potentialAction":[{"@type":"SearchAction","target":{"@type":"EntryPoint","urlTemplate":"https:\/\/www.eryigit.com.tr\/?s={search_term_string}"},"query-input":{"@type":"PropertyValueSpecification","valueRequired":true,"valueName":"search_term_string"}}],"inLanguage":"ar"},{"@type":"Organization","@id":"https:\/\/www.eryigit.com.tr\/#organization","name":"Eryi\u011fit T\u0131bbi Cihazlar A.\u015e.","url":"https:\/\/www.eryigit.com.tr\/","logo":{"@type":"ImageObject","inLanguage":"ar","@id":"https:\/\/www.eryigit.com.tr\/#\/schema\/logo\/image\/","url":"https:\/\/www.eryigit.com.tr\/wp-content\/uploads\/eryigit-logo.jpg","contentUrl":"https:\/\/www.eryigit.com.tr\/wp-content\/uploads\/eryigit-logo.jpg","width":168,"height":49,"caption":"Eryi\u011fit T\u0131bbi Cihazlar A.\u015e."},"image":{"@id":"https:\/\/www.eryigit.com.tr\/#\/schema\/logo\/image\/"},"sameAs":["https:\/\/www.facebook.com\/eryigitmedical\/","https:\/\/www.instagram.com\/eryigitmedical\/","https:\/\/www.linkedin.com\/company\/eryi\u011fit-t\u0131bbi-cihazlar-\/","https:\/\/www.youtube.com\/channel\/UCMaYrhKIcluSWpTNjQJw2Gw"]}]}},"_links":{"self":[{"href":"https:\/\/www.eryigit.com.tr\/ar\/wp-json\/wp\/v2\/pages\/13337","targetHints":{"allow":["GET"]}}],"collection":[{"href":"https:\/\/www.eryigit.com.tr\/ar\/wp-json\/wp\/v2\/pages"}],"about":[{"href":"https:\/\/www.eryigit.com.tr\/ar\/wp-json\/wp\/v2\/types\/page"}],"author":[{"embeddable":true,"href":"https:\/\/www.eryigit.com.tr\/ar\/wp-json\/wp\/v2\/users\/1"}],"replies":[{"embeddable":true,"href":"https:\/\/www.eryigit.com.tr\/ar\/wp-json\/wp\/v2\/comments?post=13337"}],"version-history":[{"count":0,"href":"https:\/\/www.eryigit.com.tr\/ar\/wp-json\/wp\/v2\/pages\/13337\/revisions"}],"wp:attachment":[{"href":"https:\/\/www.eryigit.com.tr\/ar\/wp-json\/wp\/v2\/media?parent=13337"}],"curies":[{"name":"wp","href":"https:\/\/api.w.org\/{rel}","templated":true}]}}