{"id":13417,"date":"2022-01-10T11:52:07","date_gmt":"2022-01-10T08:52:07","guid":{"rendered":"https:\/\/www.eryigit.com.tr\/%d8%aa%d8%b5%d9%85%d9%8a%d9%85-%d8%a7%d9%84%d8%a8%d8%b1%d9%85%d8%ac%d9%8a%d8%a7%d8%aa\/"},"modified":"2022-01-10T11:52:12","modified_gmt":"2022-01-10T08:52:12","slug":"%d8%aa%d8%b5%d9%85%d9%8a%d9%85-%d8%a7%d9%84%d8%a8%d8%b1%d9%85%d8%ac%d9%8a%d8%a7%d8%aa","status":"publish","type":"page","link":"https:\/\/www.eryigit.com.tr\/ar\/%d8%aa%d8%b5%d9%85%d9%8a%d9%85-%d8%a7%d9%84%d8%a8%d8%b1%d9%85%d8%ac%d9%8a%d8%a7%d8%aa\/","title":{"rendered":"\u062a\u0635\u0645\u064a\u0645 \u0627\u0644\u0628\u0631\u0645\u062c\u064a\u0627\u062a"},"content":{"rendered":"","protected":false},"excerpt":{"rendered":"","protected":false},"author":2,"featured_media":0,"parent":0,"menu_order":0,"comment_status":"closed","ping_status":"closed","template":"","meta":{"footnotes":""},"class_list":["post-13417","page","type-page","status-publish","hentry"],"yoast_head":"<!-- This site is optimized with the Yoast SEO plugin v24.1 - https:\/\/yoast.com\/wordpress\/plugins\/seo\/ -->\n<title>\u062a\u0635\u0645\u064a\u0645 \u0627\u0644\u0628\u0631\u0645\u062c\u064a\u0627\u062a | Eryi\u011fit T\u0131bbi Cihazlar&amp;Biyoteknoloji<\/title>\n<meta name=\"robots\" content=\"index, follow, max-snippet:-1, max-image-preview:large, max-video-preview:-1\" \/>\n<link rel=\"canonical\" href=\"https:\/\/www.eryigit.com.tr\/ar\/\u062a\u0635\u0645\u064a\u0645-\u0627\u0644\u0628\u0631\u0645\u062c\u064a\u0627\u062a\/\" \/>\n<script type=\"application\/ld+json\" class=\"yoast-schema-graph\">{\"@context\":\"https:\/\/schema.org\",\"@graph\":[{\"@type\":\"WebPage\",\"@id\":\"https:\/\/www.eryigit.com.tr\/ar\/%d8%aa%d8%b5%d9%85%d9%8a%d9%85-%d8%a7%d9%84%d8%a8%d8%b1%d9%85%d8%ac%d9%8a%d8%a7%d8%aa\/\",\"url\":\"https:\/\/www.eryigit.com.tr\/ar\/%d8%aa%d8%b5%d9%85%d9%8a%d9%85-%d8%a7%d9%84%d8%a8%d8%b1%d9%85%d8%ac%d9%8a%d8%a7%d8%aa\/\",\"name\":\"\u062a\u0635\u0645\u064a\u0645 \u0627\u0644\u0628\u0631\u0645\u062c\u064a\u0627\u062a | Eryi\u011fit T\u0131bbi Cihazlar&amp;Biyoteknoloji\",\"isPartOf\":{\"@id\":\"https:\/\/www.eryigit.com.tr\/#website\"},\"datePublished\":\"2022-01-10T08:52:07+00:00\",\"dateModified\":\"2022-01-10T08:52:12+00:00\",\"breadcrumb\":{\"@id\":\"https:\/\/www.eryigit.com.tr\/ar\/%d8%aa%d8%b5%d9%85%d9%8a%d9%85-%d8%a7%d9%84%d8%a8%d8%b1%d9%85%d8%ac%d9%8a%d8%a7%d8%aa\/#breadcrumb\"},\"inLanguage\":\"ar\",\"potentialAction\":[{\"@type\":\"ReadAction\",\"target\":[\"https:\/\/www.eryigit.com.tr\/ar\/%d8%aa%d8%b5%d9%85%d9%8a%d9%85-%d8%a7%d9%84%d8%a8%d8%b1%d9%85%d8%ac%d9%8a%d8%a7%d8%aa\/\"]}]},{\"@type\":\"BreadcrumbList\",\"@id\":\"https:\/\/www.eryigit.com.tr\/ar\/%d8%aa%d8%b5%d9%85%d9%8a%d9%85-%d8%a7%d9%84%d8%a8%d8%b1%d9%85%d8%ac%d9%8a%d8%a7%d8%aa\/#breadcrumb\",\"itemListElement\":[{\"@type\":\"ListItem\",\"position\":1,\"name\":\"Ana sayfa\",\"item\":\"https:\/\/www.eryigit.com.tr\/ar\/\"},{\"@type\":\"ListItem\",\"position\":2,\"name\":\"\u062a\u0635\u0645\u064a\u0645 \u0627\u0644\u0628\u0631\u0645\u062c\u064a\u0627\u062a\"}]},{\"@type\":\"WebSite\",\"@id\":\"https:\/\/www.eryigit.com.tr\/#website\",\"url\":\"https:\/\/www.eryigit.com.tr\/\",\"name\":\"Eryi\u011fit T\u0131bbi Cihazlar&amp;Biyoteknoloji\",\"description\":\"Eryi\u011fit T\u0131bbi Cihazlar&amp;Biyoteknoloji \u2013 Technologies for Life\",\"publisher\":{\"@id\":\"https:\/\/www.eryigit.com.tr\/#organization\"},\"potentialAction\":[{\"@type\":\"SearchAction\",\"target\":{\"@type\":\"EntryPoint\",\"urlTemplate\":\"https:\/\/www.eryigit.com.tr\/?s={search_term_string}\"},\"query-input\":{\"@type\":\"PropertyValueSpecification\",\"valueRequired\":true,\"valueName\":\"search_term_string\"}}],\"inLanguage\":\"ar\"},{\"@type\":\"Organization\",\"@id\":\"https:\/\/www.eryigit.com.tr\/#organization\",\"name\":\"Eryi\u011fit T\u0131bbi Cihazlar A.\u015e.\",\"url\":\"https:\/\/www.eryigit.com.tr\/\",\"logo\":{\"@type\":\"ImageObject\",\"inLanguage\":\"ar\",\"@id\":\"https:\/\/www.eryigit.com.tr\/#\/schema\/logo\/image\/\",\"url\":\"https:\/\/www.eryigit.com.tr\/wp-content\/uploads\/eryigit-logo.jpg\",\"contentUrl\":\"https:\/\/www.eryigit.com.tr\/wp-content\/uploads\/eryigit-logo.jpg\",\"width\":168,\"height\":49,\"caption\":\"Eryi\u011fit T\u0131bbi Cihazlar A.\u015e.\"},\"image\":{\"@id\":\"https:\/\/www.eryigit.com.tr\/#\/schema\/logo\/image\/\"},\"sameAs\":[\"https:\/\/www.facebook.com\/eryigitmedical\/\",\"https:\/\/www.instagram.com\/eryigitmedical\/\",\"https:\/\/www.linkedin.com\/company\/eryi\u011fit-t\u0131bbi-cihazlar-\/\",\"https:\/\/www.youtube.com\/channel\/UCMaYrhKIcluSWpTNjQJw2Gw\"]}]}<\/script>\n<!-- \/ Yoast SEO plugin. -->","yoast_head_json":{"title":"\u062a\u0635\u0645\u064a\u0645 \u0627\u0644\u0628\u0631\u0645\u062c\u064a\u0627\u062a | Eryi\u011fit T\u0131bbi Cihazlar&amp;Biyoteknoloji","robots":{"index":"index","follow":"follow","max-snippet":"max-snippet:-1","max-image-preview":"max-image-preview:large","max-video-preview":"max-video-preview:-1"},"canonical":"https:\/\/www.eryigit.com.tr\/ar\/\u062a\u0635\u0645\u064a\u0645-\u0627\u0644\u0628\u0631\u0645\u062c\u064a\u0627\u062a\/","schema":{"@context":"https:\/\/schema.org","@graph":[{"@type":"WebPage","@id":"https:\/\/www.eryigit.com.tr\/ar\/%d8%aa%d8%b5%d9%85%d9%8a%d9%85-%d8%a7%d9%84%d8%a8%d8%b1%d9%85%d8%ac%d9%8a%d8%a7%d8%aa\/","url":"https:\/\/www.eryigit.com.tr\/ar\/%d8%aa%d8%b5%d9%85%d9%8a%d9%85-%d8%a7%d9%84%d8%a8%d8%b1%d9%85%d8%ac%d9%8a%d8%a7%d8%aa\/","name":"\u062a\u0635\u0645\u064a\u0645 \u0627\u0644\u0628\u0631\u0645\u062c\u064a\u0627\u062a | Eryi\u011fit T\u0131bbi Cihazlar&amp;Biyoteknoloji","isPartOf":{"@id":"https:\/\/www.eryigit.com.tr\/#website"},"datePublished":"2022-01-10T08:52:07+00:00","dateModified":"2022-01-10T08:52:12+00:00","breadcrumb":{"@id":"https:\/\/www.eryigit.com.tr\/ar\/%d8%aa%d8%b5%d9%85%d9%8a%d9%85-%d8%a7%d9%84%d8%a8%d8%b1%d9%85%d8%ac%d9%8a%d8%a7%d8%aa\/#breadcrumb"},"inLanguage":"ar","potentialAction":[{"@type":"ReadAction","target":["https:\/\/www.eryigit.com.tr\/ar\/%d8%aa%d8%b5%d9%85%d9%8a%d9%85-%d8%a7%d9%84%d8%a8%d8%b1%d9%85%d8%ac%d9%8a%d8%a7%d8%aa\/"]}]},{"@type":"BreadcrumbList","@id":"https:\/\/www.eryigit.com.tr\/ar\/%d8%aa%d8%b5%d9%85%d9%8a%d9%85-%d8%a7%d9%84%d8%a8%d8%b1%d9%85%d8%ac%d9%8a%d8%a7%d8%aa\/#breadcrumb","itemListElement":[{"@type":"ListItem","position":1,"name":"Ana sayfa","item":"https:\/\/www.eryigit.com.tr\/ar\/"},{"@type":"ListItem","position":2,"name":"\u062a\u0635\u0645\u064a\u0645 \u0627\u0644\u0628\u0631\u0645\u062c\u064a\u0627\u062a"}]},{"@type":"WebSite","@id":"https:\/\/www.eryigit.com.tr\/#website","url":"https:\/\/www.eryigit.com.tr\/","name":"Eryi\u011fit T\u0131bbi Cihazlar&amp;Biyoteknoloji","description":"Eryi\u011fit T\u0131bbi Cihazlar&amp;Biyoteknoloji \u2013 Technologies for Life","publisher":{"@id":"https:\/\/www.eryigit.com.tr\/#organization"},"potentialAction":[{"@type":"SearchAction","target":{"@type":"EntryPoint","urlTemplate":"https:\/\/www.eryigit.com.tr\/?s={search_term_string}"},"query-input":{"@type":"PropertyValueSpecification","valueRequired":true,"valueName":"search_term_string"}}],"inLanguage":"ar"},{"@type":"Organization","@id":"https:\/\/www.eryigit.com.tr\/#organization","name":"Eryi\u011fit T\u0131bbi Cihazlar A.\u015e.","url":"https:\/\/www.eryigit.com.tr\/","logo":{"@type":"ImageObject","inLanguage":"ar","@id":"https:\/\/www.eryigit.com.tr\/#\/schema\/logo\/image\/","url":"https:\/\/www.eryigit.com.tr\/wp-content\/uploads\/eryigit-logo.jpg","contentUrl":"https:\/\/www.eryigit.com.tr\/wp-content\/uploads\/eryigit-logo.jpg","width":168,"height":49,"caption":"Eryi\u011fit T\u0131bbi Cihazlar A.\u015e."},"image":{"@id":"https:\/\/www.eryigit.com.tr\/#\/schema\/logo\/image\/"},"sameAs":["https:\/\/www.facebook.com\/eryigitmedical\/","https:\/\/www.instagram.com\/eryigitmedical\/","https:\/\/www.linkedin.com\/company\/eryi\u011fit-t\u0131bbi-cihazlar-\/","https:\/\/www.youtube.com\/channel\/UCMaYrhKIcluSWpTNjQJw2Gw"]}]}},"_links":{"self":[{"href":"https:\/\/www.eryigit.com.tr\/ar\/wp-json\/wp\/v2\/pages\/13417","targetHints":{"allow":["GET"]}}],"collection":[{"href":"https:\/\/www.eryigit.com.tr\/ar\/wp-json\/wp\/v2\/pages"}],"about":[{"href":"https:\/\/www.eryigit.com.tr\/ar\/wp-json\/wp\/v2\/types\/page"}],"author":[{"embeddable":true,"href":"https:\/\/www.eryigit.com.tr\/ar\/wp-json\/wp\/v2\/users\/2"}],"replies":[{"embeddable":true,"href":"https:\/\/www.eryigit.com.tr\/ar\/wp-json\/wp\/v2\/comments?post=13417"}],"version-history":[{"count":0,"href":"https:\/\/www.eryigit.com.tr\/ar\/wp-json\/wp\/v2\/pages\/13417\/revisions"}],"wp:attachment":[{"href":"https:\/\/www.eryigit.com.tr\/ar\/wp-json\/wp\/v2\/media?parent=13417"}],"curies":[{"name":"wp","href":"https:\/\/api.w.org\/{rel}","templated":true}]}}