{"id":13448,"date":"2022-01-15T11:44:54","date_gmt":"2022-01-15T08:44:54","guid":{"rendered":"https:\/\/www.eryigit.com.tr\/%d9%85%d9%84%d8%ad%d9%82%d8%a7%d8%aa-%d8%b7%d8%a7%d9%88%d9%84%d8%a9-%d8%a7%d9%84%d8%b9%d9%85%d9%84%d9%8a%d8%a7%d8%aa\/"},"modified":"2022-01-15T11:45:06","modified_gmt":"2022-01-15T08:45:06","slug":"%d9%85%d9%84%d8%ad%d9%82%d8%a7%d8%aa-%d8%b7%d8%a7%d9%88%d9%84%d8%a9-%d8%a7%d9%84%d8%b9%d9%85%d9%84%d9%8a%d8%a7%d8%aa","status":"publish","type":"page","link":"https:\/\/www.eryigit.com.tr\/ar\/%d8%a7%d9%84%d9%85%d9%86%d8%aa%d8%ac%d8%a7%d8%aa\/%d8%b7%d8%a7%d9%88%d9%84%d8%a9-%d8%a7%d9%84%d8%b9%d9%85%d9%84%d9%8a%d8%a7%d8%aa\/%d9%85%d9%84%d8%ad%d9%82%d8%a7%d8%aa-%d8%b7%d8%a7%d9%88%d9%84%d8%a9-%d8%a7%d9%84%d8%b9%d9%85%d9%84%d9%8a%d8%a7%d8%aa\/","title":{"rendered":"\u0645\u0644\u062d\u0642\u0627\u062a \u0637\u0627\u0648\u0644\u0629 \u0627\u0644\u0639\u0645\u0644\u064a\u0627\u062a"},"content":{"rendered":"","protected":false},"excerpt":{"rendered":"","protected":false},"author":2,"featured_media":0,"parent":13451,"menu_order":0,"comment_status":"closed","ping_status":"closed","template":"","meta":{"footnotes":""},"class_list":["post-13448","page","type-page","status-publish","hentry"],"yoast_head":"<!-- This site is optimized with the Yoast SEO plugin v24.1 - https:\/\/yoast.com\/wordpress\/plugins\/seo\/ -->\n<title>\u0645\u0644\u062d\u0642\u0627\u062a \u0637\u0627\u0648\u0644\u0629 \u0627\u0644\u0639\u0645\u0644\u064a\u0627\u062a - Eryi\u011fit Medical Devices Inc.<\/title>\n<meta name=\"description\" content=\"\u062a\u062a\u0648\u0641\u0631 \u0645\u0644\u062d\u0642\u0627\u062a \u0637\u0627\u0648\u0644\u0629 \u0627\u0644\u062a\u0634\u063a\u064a\u0644 Eryi\u011fit A\u015e \u0628\u0634\u0643\u0644 \u0642\u064a\u0627\u0633\u064a \u0648\u0627\u062e\u062a\u064a\u0627\u0631\u064a. \u0646\u0642\u0648\u0645 \u0628\u062a\u0635\u0646\u064a\u0639 \u0645\u0644\u062d\u0642\u0627\u062a \u0637\u0627\u0648\u0644\u0629 \u0627\u0644\u0639\u0645\u0644\u064a\u0627\u062a \u062f\u0627\u062e\u0644 \u0627\u0644\u0648\u0631\u0634 \u0627\u0644\u062e\u0627\u0635\u0629 \u060c \u0645\u0646 \u0645\u062c\u0645\u0648\u0639\u0629 \u0627\u0644\u062c\u0631 \u0625\u0644\u0649 \u0627\u0644\u0631\u0623\u0633 \u0627\u0644\u0645\u0633\u0646\u0646.\" \/>\n<meta name=\"robots\" content=\"index, follow, max-snippet:-1, max-image-preview:large, max-video-preview:-1\" \/>\n<link rel=\"canonical\" href=\"https:\/\/www.eryigit.com.tr\/ar\/\u0627\u0644\u0645\u0646\u062a\u062c\u0627\u062a\/\u0637\u0627\u0648\u0644\u0629-\u0627\u0644\u0639\u0645\u0644\u064a\u0627\u062a\/\u0645\u0644\u062d\u0642\u0627\u062a-\u0637\u0627\u0648\u0644\u0629-\u0627\u0644\u0639\u0645\u0644\u064a\u0627\u062a\/\" \/>\n<script type=\"application\/ld+json\" class=\"yoast-schema-graph\">{\"@context\":\"https:\/\/schema.org\",\"@graph\":[{\"@type\":\"WebPage\",\"@id\":\"https:\/\/www.eryigit.com.tr\/ar\/%d8%a7%d9%84%d9%85%d9%86%d8%aa%d8%ac%d8%a7%d8%aa\/%d8%b7%d8%a7%d9%88%d9%84%d8%a9-%d8%a7%d9%84%d8%b9%d9%85%d9%84%d9%8a%d8%a7%d8%aa\/%d9%85%d9%84%d8%ad%d9%82%d8%a7%d8%aa-%d8%b7%d8%a7%d9%88%d9%84%d8%a9-%d8%a7%d9%84%d8%b9%d9%85%d9%84%d9%8a%d8%a7%d8%aa\/\",\"url\":\"https:\/\/www.eryigit.com.tr\/ar\/%d8%a7%d9%84%d9%85%d9%86%d8%aa%d8%ac%d8%a7%d8%aa\/%d8%b7%d8%a7%d9%88%d9%84%d8%a9-%d8%a7%d9%84%d8%b9%d9%85%d9%84%d9%8a%d8%a7%d8%aa\/%d9%85%d9%84%d8%ad%d9%82%d8%a7%d8%aa-%d8%b7%d8%a7%d9%88%d9%84%d8%a9-%d8%a7%d9%84%d8%b9%d9%85%d9%84%d9%8a%d8%a7%d8%aa\/\",\"name\":\"\u0645\u0644\u062d\u0642\u0627\u062a \u0637\u0627\u0648\u0644\u0629 \u0627\u0644\u0639\u0645\u0644\u064a\u0627\u062a - Eryi\u011fit Medical Devices Inc.\",\"isPartOf\":{\"@id\":\"https:\/\/www.eryigit.com.tr\/#website\"},\"datePublished\":\"2022-01-15T08:44:54+00:00\",\"dateModified\":\"2022-01-15T08:45:06+00:00\",\"description\":\"\u062a\u062a\u0648\u0641\u0631 \u0645\u0644\u062d\u0642\u0627\u062a \u0637\u0627\u0648\u0644\u0629 \u0627\u0644\u062a\u0634\u063a\u064a\u0644 Eryi\u011fit A\u015e \u0628\u0634\u0643\u0644 \u0642\u064a\u0627\u0633\u064a \u0648\u0627\u062e\u062a\u064a\u0627\u0631\u064a. \u0646\u0642\u0648\u0645 \u0628\u062a\u0635\u0646\u064a\u0639 \u0645\u0644\u062d\u0642\u0627\u062a \u0637\u0627\u0648\u0644\u0629 \u0627\u0644\u0639\u0645\u0644\u064a\u0627\u062a \u062f\u0627\u062e\u0644 \u0627\u0644\u0648\u0631\u0634 \u0627\u0644\u062e\u0627\u0635\u0629 \u060c \u0645\u0646 \u0645\u062c\u0645\u0648\u0639\u0629 \u0627\u0644\u062c\u0631 \u0625\u0644\u0649 \u0627\u0644\u0631\u0623\u0633 \u0627\u0644\u0645\u0633\u0646\u0646.\",\"breadcrumb\":{\"@id\":\"https:\/\/www.eryigit.com.tr\/ar\/%d8%a7%d9%84%d9%85%d9%86%d8%aa%d8%ac%d8%a7%d8%aa\/%d8%b7%d8%a7%d9%88%d9%84%d8%a9-%d8%a7%d9%84%d8%b9%d9%85%d9%84%d9%8a%d8%a7%d8%aa\/%d9%85%d9%84%d8%ad%d9%82%d8%a7%d8%aa-%d8%b7%d8%a7%d9%88%d9%84%d8%a9-%d8%a7%d9%84%d8%b9%d9%85%d9%84%d9%8a%d8%a7%d8%aa\/#breadcrumb\"},\"inLanguage\":\"ar\",\"potentialAction\":[{\"@type\":\"ReadAction\",\"target\":[\"https:\/\/www.eryigit.com.tr\/ar\/%d8%a7%d9%84%d9%85%d9%86%d8%aa%d8%ac%d8%a7%d8%aa\/%d8%b7%d8%a7%d9%88%d9%84%d8%a9-%d8%a7%d9%84%d8%b9%d9%85%d9%84%d9%8a%d8%a7%d8%aa\/%d9%85%d9%84%d8%ad%d9%82%d8%a7%d8%aa-%d8%b7%d8%a7%d9%88%d9%84%d8%a9-%d8%a7%d9%84%d8%b9%d9%85%d9%84%d9%8a%d8%a7%d8%aa\/\"]}]},{\"@type\":\"BreadcrumbList\",\"@id\":\"https:\/\/www.eryigit.com.tr\/ar\/%d8%a7%d9%84%d9%85%d9%86%d8%aa%d8%ac%d8%a7%d8%aa\/%d8%b7%d8%a7%d9%88%d9%84%d8%a9-%d8%a7%d9%84%d8%b9%d9%85%d9%84%d9%8a%d8%a7%d8%aa\/%d9%85%d9%84%d8%ad%d9%82%d8%a7%d8%aa-%d8%b7%d8%a7%d9%88%d9%84%d8%a9-%d8%a7%d9%84%d8%b9%d9%85%d9%84%d9%8a%d8%a7%d8%aa\/#breadcrumb\",\"itemListElement\":[{\"@type\":\"ListItem\",\"position\":1,\"name\":\"Ana sayfa\",\"item\":\"https:\/\/www.eryigit.com.tr\/ar\/\"},{\"@type\":\"ListItem\",\"position\":2,\"name\":\"\u0627\u0644\u0645\u0646\u062a\u062c\u0627\u062a\",\"item\":\"https:\/\/www.eryigit.com.tr\/ar\/%d8%a7%d9%84%d9%85%d9%86%d8%aa%d8%ac%d8%a7%d8%aa\/\"},{\"@type\":\"ListItem\",\"position\":3,\"name\":\"\u0637\u0627\u0648\u0644\u0627\u062a \u063a\u0631\u0641\u0629 \u0627\u0644\u0639\u0645\u0644\u064a\u0627\u062a\",\"item\":\"https:\/\/www.eryigit.com.tr\/ar\/%d8%a7%d9%84%d9%85%d9%86%d8%aa%d8%ac%d8%a7%d8%aa\/%d8%b7%d8%a7%d9%88%d9%84%d8%a9-%d8%a7%d9%84%d8%b9%d9%85%d9%84%d9%8a%d8%a7%d8%aa\/\"},{\"@type\":\"ListItem\",\"position\":4,\"name\":\"\u0645\u0644\u062d\u0642\u0627\u062a \u0637\u0627\u0648\u0644\u0629 \u0627\u0644\u0639\u0645\u0644\u064a\u0627\u062a\"}]},{\"@type\":\"WebSite\",\"@id\":\"https:\/\/www.eryigit.com.tr\/#website\",\"url\":\"https:\/\/www.eryigit.com.tr\/\",\"name\":\"Eryi\u011fit T\u0131bbi Cihazlar&amp;Biyoteknoloji\",\"description\":\"Eryi\u011fit T\u0131bbi Cihazlar&amp;Biyoteknoloji \u2013 Technologies for Life\",\"publisher\":{\"@id\":\"https:\/\/www.eryigit.com.tr\/#organization\"},\"potentialAction\":[{\"@type\":\"SearchAction\",\"target\":{\"@type\":\"EntryPoint\",\"urlTemplate\":\"https:\/\/www.eryigit.com.tr\/?s={search_term_string}\"},\"query-input\":{\"@type\":\"PropertyValueSpecification\",\"valueRequired\":true,\"valueName\":\"search_term_string\"}}],\"inLanguage\":\"ar\"},{\"@type\":\"Organization\",\"@id\":\"https:\/\/www.eryigit.com.tr\/#organization\",\"name\":\"Eryi\u011fit T\u0131bbi Cihazlar A.\u015e.\",\"url\":\"https:\/\/www.eryigit.com.tr\/\",\"logo\":{\"@type\":\"ImageObject\",\"inLanguage\":\"ar\",\"@id\":\"https:\/\/www.eryigit.com.tr\/#\/schema\/logo\/image\/\",\"url\":\"https:\/\/www.eryigit.com.tr\/wp-content\/uploads\/eryigit-logo.jpg\",\"contentUrl\":\"https:\/\/www.eryigit.com.tr\/wp-content\/uploads\/eryigit-logo.jpg\",\"width\":168,\"height\":49,\"caption\":\"Eryi\u011fit T\u0131bbi Cihazlar A.\u015e.\"},\"image\":{\"@id\":\"https:\/\/www.eryigit.com.tr\/#\/schema\/logo\/image\/\"},\"sameAs\":[\"https:\/\/www.facebook.com\/eryigitmedical\/\",\"https:\/\/www.instagram.com\/eryigitmedical\/\",\"https:\/\/www.linkedin.com\/company\/eryi\u011fit-t\u0131bbi-cihazlar-\/\",\"https:\/\/www.youtube.com\/channel\/UCMaYrhKIcluSWpTNjQJw2Gw\"]}]}<\/script>\n<!-- \/ Yoast SEO plugin. -->","yoast_head_json":{"title":"\u0645\u0644\u062d\u0642\u0627\u062a \u0637\u0627\u0648\u0644\u0629 \u0627\u0644\u0639\u0645\u0644\u064a\u0627\u062a - Eryi\u011fit Medical Devices Inc.","description":"\u062a\u062a\u0648\u0641\u0631 \u0645\u0644\u062d\u0642\u0627\u062a \u0637\u0627\u0648\u0644\u0629 \u0627\u0644\u062a\u0634\u063a\u064a\u0644 Eryi\u011fit A\u015e \u0628\u0634\u0643\u0644 \u0642\u064a\u0627\u0633\u064a \u0648\u0627\u062e\u062a\u064a\u0627\u0631\u064a. \u0646\u0642\u0648\u0645 \u0628\u062a\u0635\u0646\u064a\u0639 \u0645\u0644\u062d\u0642\u0627\u062a \u0637\u0627\u0648\u0644\u0629 \u0627\u0644\u0639\u0645\u0644\u064a\u0627\u062a \u062f\u0627\u062e\u0644 \u0627\u0644\u0648\u0631\u0634 \u0627\u0644\u062e\u0627\u0635\u0629 \u060c \u0645\u0646 \u0645\u062c\u0645\u0648\u0639\u0629 \u0627\u0644\u062c\u0631 \u0625\u0644\u0649 \u0627\u0644\u0631\u0623\u0633 \u0627\u0644\u0645\u0633\u0646\u0646.","robots":{"index":"index","follow":"follow","max-snippet":"max-snippet:-1","max-image-preview":"max-image-preview:large","max-video-preview":"max-video-preview:-1"},"canonical":"https:\/\/www.eryigit.com.tr\/ar\/\u0627\u0644\u0645\u0646\u062a\u062c\u0627\u062a\/\u0637\u0627\u0648\u0644\u0629-\u0627\u0644\u0639\u0645\u0644\u064a\u0627\u062a\/\u0645\u0644\u062d\u0642\u0627\u062a-\u0637\u0627\u0648\u0644\u0629-\u0627\u0644\u0639\u0645\u0644\u064a\u0627\u062a\/","schema":{"@context":"https:\/\/schema.org","@graph":[{"@type":"WebPage","@id":"https:\/\/www.eryigit.com.tr\/ar\/%d8%a7%d9%84%d9%85%d9%86%d8%aa%d8%ac%d8%a7%d8%aa\/%d8%b7%d8%a7%d9%88%d9%84%d8%a9-%d8%a7%d9%84%d8%b9%d9%85%d9%84%d9%8a%d8%a7%d8%aa\/%d9%85%d9%84%d8%ad%d9%82%d8%a7%d8%aa-%d8%b7%d8%a7%d9%88%d9%84%d8%a9-%d8%a7%d9%84%d8%b9%d9%85%d9%84%d9%8a%d8%a7%d8%aa\/","url":"https:\/\/www.eryigit.com.tr\/ar\/%d8%a7%d9%84%d9%85%d9%86%d8%aa%d8%ac%d8%a7%d8%aa\/%d8%b7%d8%a7%d9%88%d9%84%d8%a9-%d8%a7%d9%84%d8%b9%d9%85%d9%84%d9%8a%d8%a7%d8%aa\/%d9%85%d9%84%d8%ad%d9%82%d8%a7%d8%aa-%d8%b7%d8%a7%d9%88%d9%84%d8%a9-%d8%a7%d9%84%d8%b9%d9%85%d9%84%d9%8a%d8%a7%d8%aa\/","name":"\u0645\u0644\u062d\u0642\u0627\u062a \u0637\u0627\u0648\u0644\u0629 \u0627\u0644\u0639\u0645\u0644\u064a\u0627\u062a - Eryi\u011fit Medical Devices Inc.","isPartOf":{"@id":"https:\/\/www.eryigit.com.tr\/#website"},"datePublished":"2022-01-15T08:44:54+00:00","dateModified":"2022-01-15T08:45:06+00:00","description":"\u062a\u062a\u0648\u0641\u0631 \u0645\u0644\u062d\u0642\u0627\u062a \u0637\u0627\u0648\u0644\u0629 \u0627\u0644\u062a\u0634\u063a\u064a\u0644 Eryi\u011fit A\u015e \u0628\u0634\u0643\u0644 \u0642\u064a\u0627\u0633\u064a \u0648\u0627\u062e\u062a\u064a\u0627\u0631\u064a. \u0646\u0642\u0648\u0645 \u0628\u062a\u0635\u0646\u064a\u0639 \u0645\u0644\u062d\u0642\u0627\u062a \u0637\u0627\u0648\u0644\u0629 \u0627\u0644\u0639\u0645\u0644\u064a\u0627\u062a \u062f\u0627\u062e\u0644 \u0627\u0644\u0648\u0631\u0634 \u0627\u0644\u062e\u0627\u0635\u0629 \u060c \u0645\u0646 \u0645\u062c\u0645\u0648\u0639\u0629 \u0627\u0644\u062c\u0631 \u0625\u0644\u0649 \u0627\u0644\u0631\u0623\u0633 \u0627\u0644\u0645\u0633\u0646\u0646.","breadcrumb":{"@id":"https:\/\/www.eryigit.com.tr\/ar\/%d8%a7%d9%84%d9%85%d9%86%d8%aa%d8%ac%d8%a7%d8%aa\/%d8%b7%d8%a7%d9%88%d9%84%d8%a9-%d8%a7%d9%84%d8%b9%d9%85%d9%84%d9%8a%d8%a7%d8%aa\/%d9%85%d9%84%d8%ad%d9%82%d8%a7%d8%aa-%d8%b7%d8%a7%d9%88%d9%84%d8%a9-%d8%a7%d9%84%d8%b9%d9%85%d9%84%d9%8a%d8%a7%d8%aa\/#breadcrumb"},"inLanguage":"ar","potentialAction":[{"@type":"ReadAction","target":["https:\/\/www.eryigit.com.tr\/ar\/%d8%a7%d9%84%d9%85%d9%86%d8%aa%d8%ac%d8%a7%d8%aa\/%d8%b7%d8%a7%d9%88%d9%84%d8%a9-%d8%a7%d9%84%d8%b9%d9%85%d9%84%d9%8a%d8%a7%d8%aa\/%d9%85%d9%84%d8%ad%d9%82%d8%a7%d8%aa-%d8%b7%d8%a7%d9%88%d9%84%d8%a9-%d8%a7%d9%84%d8%b9%d9%85%d9%84%d9%8a%d8%a7%d8%aa\/"]}]},{"@type":"BreadcrumbList","@id":"https:\/\/www.eryigit.com.tr\/ar\/%d8%a7%d9%84%d9%85%d9%86%d8%aa%d8%ac%d8%a7%d8%aa\/%d8%b7%d8%a7%d9%88%d9%84%d8%a9-%d8%a7%d9%84%d8%b9%d9%85%d9%84%d9%8a%d8%a7%d8%aa\/%d9%85%d9%84%d8%ad%d9%82%d8%a7%d8%aa-%d8%b7%d8%a7%d9%88%d9%84%d8%a9-%d8%a7%d9%84%d8%b9%d9%85%d9%84%d9%8a%d8%a7%d8%aa\/#breadcrumb","itemListElement":[{"@type":"ListItem","position":1,"name":"Ana sayfa","item":"https:\/\/www.eryigit.com.tr\/ar\/"},{"@type":"ListItem","position":2,"name":"\u0627\u0644\u0645\u0646\u062a\u062c\u0627\u062a","item":"https:\/\/www.eryigit.com.tr\/ar\/%d8%a7%d9%84%d9%85%d9%86%d8%aa%d8%ac%d8%a7%d8%aa\/"},{"@type":"ListItem","position":3,"name":"\u0637\u0627\u0648\u0644\u0627\u062a \u063a\u0631\u0641\u0629 \u0627\u0644\u0639\u0645\u0644\u064a\u0627\u062a","item":"https:\/\/www.eryigit.com.tr\/ar\/%d8%a7%d9%84%d9%85%d9%86%d8%aa%d8%ac%d8%a7%d8%aa\/%d8%b7%d8%a7%d9%88%d9%84%d8%a9-%d8%a7%d9%84%d8%b9%d9%85%d9%84%d9%8a%d8%a7%d8%aa\/"},{"@type":"ListItem","position":4,"name":"\u0645\u0644\u062d\u0642\u0627\u062a \u0637\u0627\u0648\u0644\u0629 \u0627\u0644\u0639\u0645\u0644\u064a\u0627\u062a"}]},{"@type":"WebSite","@id":"https:\/\/www.eryigit.com.tr\/#website","url":"https:\/\/www.eryigit.com.tr\/","name":"Eryi\u011fit T\u0131bbi Cihazlar&amp;Biyoteknoloji","description":"Eryi\u011fit T\u0131bbi Cihazlar&amp;Biyoteknoloji \u2013 Technologies for Life","publisher":{"@id":"https:\/\/www.eryigit.com.tr\/#organization"},"potentialAction":[{"@type":"SearchAction","target":{"@type":"EntryPoint","urlTemplate":"https:\/\/www.eryigit.com.tr\/?s={search_term_string}"},"query-input":{"@type":"PropertyValueSpecification","valueRequired":true,"valueName":"search_term_string"}}],"inLanguage":"ar"},{"@type":"Organization","@id":"https:\/\/www.eryigit.com.tr\/#organization","name":"Eryi\u011fit T\u0131bbi Cihazlar A.\u015e.","url":"https:\/\/www.eryigit.com.tr\/","logo":{"@type":"ImageObject","inLanguage":"ar","@id":"https:\/\/www.eryigit.com.tr\/#\/schema\/logo\/image\/","url":"https:\/\/www.eryigit.com.tr\/wp-content\/uploads\/eryigit-logo.jpg","contentUrl":"https:\/\/www.eryigit.com.tr\/wp-content\/uploads\/eryigit-logo.jpg","width":168,"height":49,"caption":"Eryi\u011fit T\u0131bbi Cihazlar A.\u015e."},"image":{"@id":"https:\/\/www.eryigit.com.tr\/#\/schema\/logo\/image\/"},"sameAs":["https:\/\/www.facebook.com\/eryigitmedical\/","https:\/\/www.instagram.com\/eryigitmedical\/","https:\/\/www.linkedin.com\/company\/eryi\u011fit-t\u0131bbi-cihazlar-\/","https:\/\/www.youtube.com\/channel\/UCMaYrhKIcluSWpTNjQJw2Gw"]}]}},"_links":{"self":[{"href":"https:\/\/www.eryigit.com.tr\/ar\/wp-json\/wp\/v2\/pages\/13448","targetHints":{"allow":["GET"]}}],"collection":[{"href":"https:\/\/www.eryigit.com.tr\/ar\/wp-json\/wp\/v2\/pages"}],"about":[{"href":"https:\/\/www.eryigit.com.tr\/ar\/wp-json\/wp\/v2\/types\/page"}],"author":[{"embeddable":true,"href":"https:\/\/www.eryigit.com.tr\/ar\/wp-json\/wp\/v2\/users\/2"}],"replies":[{"embeddable":true,"href":"https:\/\/www.eryigit.com.tr\/ar\/wp-json\/wp\/v2\/comments?post=13448"}],"version-history":[{"count":0,"href":"https:\/\/www.eryigit.com.tr\/ar\/wp-json\/wp\/v2\/pages\/13448\/revisions"}],"up":[{"embeddable":true,"href":"https:\/\/www.eryigit.com.tr\/ar\/wp-json\/wp\/v2\/pages\/13451"}],"wp:attachment":[{"href":"https:\/\/www.eryigit.com.tr\/ar\/wp-json\/wp\/v2\/media?parent=13448"}],"curies":[{"name":"wp","href":"https:\/\/api.w.org\/{rel}","templated":true}]}}