{"id":14630,"date":"2022-12-05T16:21:39","date_gmt":"2022-12-05T13:21:39","guid":{"rendered":"https:\/\/www.eryigit.com.tr\/produkte\/zentrale-sterilisationseinheiten-msu\/msu-hilfsgeraete\/"},"modified":"2022-12-07T10:26:49","modified_gmt":"2022-12-07T07:26:49","slug":"msu-hilfsgeraete","status":"publish","type":"page","link":"https:\/\/www.eryigit.com.tr\/de\/produkte\/zentrale-sterilisationseinheiten-msu\/msu-hilfsgeraete\/","title":{"rendered":"MSU-Hilfsger\u00e4te"},"content":{"rendered":"","protected":false},"excerpt":{"rendered":"","protected":false},"author":1,"featured_media":0,"parent":14629,"menu_order":0,"comment_status":"closed","ping_status":"closed","template":"","meta":{"footnotes":""},"class_list":["post-14630","page","type-page","status-publish","hentry"],"yoast_head":"<!-- This site is optimized with the Yoast SEO plugin v24.1 - https:\/\/yoast.com\/wordpress\/plugins\/seo\/ -->\n<title>Hilfsger\u00e4te f\u00fcr die Zentralsterilisation - Eryigit T\u0131bbi Cihazlar AS<\/title>\n<meta name=\"description\" content=\"Als Eryi\u011fit A\u015e stellen wir eine breite Palette von Hilfsger\u00e4ten f\u00fcr die Zentralsterilisation her, von Luft-Wasser-Pistolen bis zu Ultraschallreinigern.\" \/>\n<meta name=\"robots\" content=\"index, follow, max-snippet:-1, max-image-preview:large, max-video-preview:-1\" \/>\n<link rel=\"canonical\" href=\"https:\/\/www.eryigit.com.tr\/de\/produkte\/zentrale-sterilisationseinheiten-msu\/msu-hilfsgeraete\/\" \/>\n<script type=\"application\/ld+json\" class=\"yoast-schema-graph\">{\"@context\":\"https:\/\/schema.org\",\"@graph\":[{\"@type\":\"WebPage\",\"@id\":\"https:\/\/www.eryigit.com.tr\/de\/produkte\/zentrale-sterilisationseinheiten-msu\/msu-hilfsgeraete\/\",\"url\":\"https:\/\/www.eryigit.com.tr\/de\/produkte\/zentrale-sterilisationseinheiten-msu\/msu-hilfsgeraete\/\",\"name\":\"Hilfsger\u00e4te f\u00fcr die Zentralsterilisation - Eryigit T\u0131bbi Cihazlar AS\",\"isPartOf\":{\"@id\":\"https:\/\/www.eryigit.com.tr\/#website\"},\"datePublished\":\"2022-12-05T13:21:39+00:00\",\"dateModified\":\"2022-12-07T07:26:49+00:00\",\"description\":\"Als Eryi\u011fit A\u015e stellen wir eine breite Palette von Hilfsger\u00e4ten f\u00fcr die Zentralsterilisation her, von Luft-Wasser-Pistolen bis zu Ultraschallreinigern.\",\"breadcrumb\":{\"@id\":\"https:\/\/www.eryigit.com.tr\/de\/produkte\/zentrale-sterilisationseinheiten-msu\/msu-hilfsgeraete\/#breadcrumb\"},\"inLanguage\":\"de\",\"potentialAction\":[{\"@type\":\"ReadAction\",\"target\":[\"https:\/\/www.eryigit.com.tr\/de\/produkte\/zentrale-sterilisationseinheiten-msu\/msu-hilfsgeraete\/\"]}]},{\"@type\":\"BreadcrumbList\",\"@id\":\"https:\/\/www.eryigit.com.tr\/de\/produkte\/zentrale-sterilisationseinheiten-msu\/msu-hilfsgeraete\/#breadcrumb\",\"itemListElement\":[{\"@type\":\"ListItem\",\"position\":1,\"name\":\"Ana sayfa\",\"item\":\"https:\/\/www.eryigit.com.tr\/de\/\"},{\"@type\":\"ListItem\",\"position\":2,\"name\":\"Produkte\",\"item\":\"https:\/\/www.eryigit.com.tr\/de\/produkte\/\"},{\"@type\":\"ListItem\",\"position\":3,\"name\":\"Zentrale Sterilisationseinheiten (MSU)\",\"item\":\"https:\/\/www.eryigit.com.tr\/de\/produkte\/zentrale-sterilisationseinheiten-msu\/\"},{\"@type\":\"ListItem\",\"position\":4,\"name\":\"MSU-Hilfsger\u00e4te\"}]},{\"@type\":\"WebSite\",\"@id\":\"https:\/\/www.eryigit.com.tr\/#website\",\"url\":\"https:\/\/www.eryigit.com.tr\/\",\"name\":\"Eryi\u011fit T\u0131bbi Cihazlar&amp;Biyoteknoloji\",\"description\":\"Eryi\u011fit T\u0131bbi Cihazlar&amp;Biyoteknoloji \u2013 Technologies for Life\",\"publisher\":{\"@id\":\"https:\/\/www.eryigit.com.tr\/#organization\"},\"potentialAction\":[{\"@type\":\"SearchAction\",\"target\":{\"@type\":\"EntryPoint\",\"urlTemplate\":\"https:\/\/www.eryigit.com.tr\/?s={search_term_string}\"},\"query-input\":{\"@type\":\"PropertyValueSpecification\",\"valueRequired\":true,\"valueName\":\"search_term_string\"}}],\"inLanguage\":\"de\"},{\"@type\":\"Organization\",\"@id\":\"https:\/\/www.eryigit.com.tr\/#organization\",\"name\":\"Eryi\u011fit T\u0131bbi Cihazlar A.\u015e.\",\"url\":\"https:\/\/www.eryigit.com.tr\/\",\"logo\":{\"@type\":\"ImageObject\",\"inLanguage\":\"de\",\"@id\":\"https:\/\/www.eryigit.com.tr\/#\/schema\/logo\/image\/\",\"url\":\"https:\/\/www.eryigit.com.tr\/wp-content\/uploads\/eryigit-logo.jpg\",\"contentUrl\":\"https:\/\/www.eryigit.com.tr\/wp-content\/uploads\/eryigit-logo.jpg\",\"width\":168,\"height\":49,\"caption\":\"Eryi\u011fit T\u0131bbi Cihazlar A.\u015e.\"},\"image\":{\"@id\":\"https:\/\/www.eryigit.com.tr\/#\/schema\/logo\/image\/\"},\"sameAs\":[\"https:\/\/www.facebook.com\/eryigitmedical\/\",\"https:\/\/www.instagram.com\/eryigitmedical\/\",\"https:\/\/www.linkedin.com\/company\/eryi\u011fit-t\u0131bbi-cihazlar-\/\",\"https:\/\/www.youtube.com\/channel\/UCMaYrhKIcluSWpTNjQJw2Gw\"]}]}<\/script>\n<!-- \/ Yoast SEO plugin. -->","yoast_head_json":{"title":"Hilfsger\u00e4te f\u00fcr die Zentralsterilisation - Eryigit T\u0131bbi Cihazlar AS","description":"Als Eryi\u011fit A\u015e stellen wir eine breite Palette von Hilfsger\u00e4ten f\u00fcr die Zentralsterilisation her, von Luft-Wasser-Pistolen bis zu Ultraschallreinigern.","robots":{"index":"index","follow":"follow","max-snippet":"max-snippet:-1","max-image-preview":"max-image-preview:large","max-video-preview":"max-video-preview:-1"},"canonical":"https:\/\/www.eryigit.com.tr\/de\/produkte\/zentrale-sterilisationseinheiten-msu\/msu-hilfsgeraete\/","schema":{"@context":"https:\/\/schema.org","@graph":[{"@type":"WebPage","@id":"https:\/\/www.eryigit.com.tr\/de\/produkte\/zentrale-sterilisationseinheiten-msu\/msu-hilfsgeraete\/","url":"https:\/\/www.eryigit.com.tr\/de\/produkte\/zentrale-sterilisationseinheiten-msu\/msu-hilfsgeraete\/","name":"Hilfsger\u00e4te f\u00fcr die Zentralsterilisation - Eryigit T\u0131bbi Cihazlar AS","isPartOf":{"@id":"https:\/\/www.eryigit.com.tr\/#website"},"datePublished":"2022-12-05T13:21:39+00:00","dateModified":"2022-12-07T07:26:49+00:00","description":"Als Eryi\u011fit A\u015e stellen wir eine breite Palette von Hilfsger\u00e4ten f\u00fcr die Zentralsterilisation her, von Luft-Wasser-Pistolen bis zu Ultraschallreinigern.","breadcrumb":{"@id":"https:\/\/www.eryigit.com.tr\/de\/produkte\/zentrale-sterilisationseinheiten-msu\/msu-hilfsgeraete\/#breadcrumb"},"inLanguage":"de","potentialAction":[{"@type":"ReadAction","target":["https:\/\/www.eryigit.com.tr\/de\/produkte\/zentrale-sterilisationseinheiten-msu\/msu-hilfsgeraete\/"]}]},{"@type":"BreadcrumbList","@id":"https:\/\/www.eryigit.com.tr\/de\/produkte\/zentrale-sterilisationseinheiten-msu\/msu-hilfsgeraete\/#breadcrumb","itemListElement":[{"@type":"ListItem","position":1,"name":"Ana sayfa","item":"https:\/\/www.eryigit.com.tr\/de\/"},{"@type":"ListItem","position":2,"name":"Produkte","item":"https:\/\/www.eryigit.com.tr\/de\/produkte\/"},{"@type":"ListItem","position":3,"name":"Zentrale Sterilisationseinheiten (MSU)","item":"https:\/\/www.eryigit.com.tr\/de\/produkte\/zentrale-sterilisationseinheiten-msu\/"},{"@type":"ListItem","position":4,"name":"MSU-Hilfsger\u00e4te"}]},{"@type":"WebSite","@id":"https:\/\/www.eryigit.com.tr\/#website","url":"https:\/\/www.eryigit.com.tr\/","name":"Eryi\u011fit T\u0131bbi Cihazlar&amp;Biyoteknoloji","description":"Eryi\u011fit T\u0131bbi Cihazlar&amp;Biyoteknoloji \u2013 Technologies for Life","publisher":{"@id":"https:\/\/www.eryigit.com.tr\/#organization"},"potentialAction":[{"@type":"SearchAction","target":{"@type":"EntryPoint","urlTemplate":"https:\/\/www.eryigit.com.tr\/?s={search_term_string}"},"query-input":{"@type":"PropertyValueSpecification","valueRequired":true,"valueName":"search_term_string"}}],"inLanguage":"de"},{"@type":"Organization","@id":"https:\/\/www.eryigit.com.tr\/#organization","name":"Eryi\u011fit T\u0131bbi Cihazlar A.\u015e.","url":"https:\/\/www.eryigit.com.tr\/","logo":{"@type":"ImageObject","inLanguage":"de","@id":"https:\/\/www.eryigit.com.tr\/#\/schema\/logo\/image\/","url":"https:\/\/www.eryigit.com.tr\/wp-content\/uploads\/eryigit-logo.jpg","contentUrl":"https:\/\/www.eryigit.com.tr\/wp-content\/uploads\/eryigit-logo.jpg","width":168,"height":49,"caption":"Eryi\u011fit T\u0131bbi Cihazlar A.\u015e."},"image":{"@id":"https:\/\/www.eryigit.com.tr\/#\/schema\/logo\/image\/"},"sameAs":["https:\/\/www.facebook.com\/eryigitmedical\/","https:\/\/www.instagram.com\/eryigitmedical\/","https:\/\/www.linkedin.com\/company\/eryi\u011fit-t\u0131bbi-cihazlar-\/","https:\/\/www.youtube.com\/channel\/UCMaYrhKIcluSWpTNjQJw2Gw"]}]}},"_links":{"self":[{"href":"https:\/\/www.eryigit.com.tr\/de\/wp-json\/wp\/v2\/pages\/14630","targetHints":{"allow":["GET"]}}],"collection":[{"href":"https:\/\/www.eryigit.com.tr\/de\/wp-json\/wp\/v2\/pages"}],"about":[{"href":"https:\/\/www.eryigit.com.tr\/de\/wp-json\/wp\/v2\/types\/page"}],"author":[{"embeddable":true,"href":"https:\/\/www.eryigit.com.tr\/de\/wp-json\/wp\/v2\/users\/1"}],"replies":[{"embeddable":true,"href":"https:\/\/www.eryigit.com.tr\/de\/wp-json\/wp\/v2\/comments?post=14630"}],"version-history":[{"count":0,"href":"https:\/\/www.eryigit.com.tr\/de\/wp-json\/wp\/v2\/pages\/14630\/revisions"}],"up":[{"embeddable":true,"href":"https:\/\/www.eryigit.com.tr\/de\/wp-json\/wp\/v2\/pages\/14629"}],"wp:attachment":[{"href":"https:\/\/www.eryigit.com.tr\/de\/wp-json\/wp\/v2\/media?parent=14630"}],"curies":[{"name":"wp","href":"https:\/\/api.w.org\/{rel}","templated":true}]}}