{"id":15254,"date":"2023-01-30T13:34:53","date_gmt":"2023-01-30T10:34:53","guid":{"rendered":"https:\/\/www.eryigit.com.tr\/bilder-aus-unserem-unternehmen\/"},"modified":"2023-01-30T14:28:57","modified_gmt":"2023-01-30T11:28:57","slug":"bilder-aus-unserem-unternehmen","status":"publish","type":"page","link":"https:\/\/www.eryigit.com.tr\/de\/bilder-aus-unserem-unternehmen\/","title":{"rendered":"Bilder aus unserem Unternehmen"},"content":{"rendered":"","protected":false},"excerpt":{"rendered":"","protected":false},"author":2,"featured_media":0,"parent":0,"menu_order":0,"comment_status":"closed","ping_status":"closed","template":"","meta":{"footnotes":""},"class_list":["post-15254","page","type-page","status-publish","hentry"],"yoast_head":"<!-- This site is optimized with the Yoast SEO plugin v24.1 - https:\/\/yoast.com\/wordpress\/plugins\/seo\/ -->\n<title>Bilder aus unserem Unternehmen | Eryi\u011fit T\u0131bbi Cihazlar&amp;Biyoteknoloji<\/title>\n<meta name=\"robots\" content=\"index, follow, max-snippet:-1, max-image-preview:large, max-video-preview:-1\" \/>\n<link rel=\"canonical\" href=\"https:\/\/www.eryigit.com.tr\/de\/bilder-aus-unserem-unternehmen\/\" \/>\n<script type=\"application\/ld+json\" class=\"yoast-schema-graph\">{\"@context\":\"https:\/\/schema.org\",\"@graph\":[{\"@type\":\"WebPage\",\"@id\":\"https:\/\/www.eryigit.com.tr\/de\/bilder-aus-unserem-unternehmen\/\",\"url\":\"https:\/\/www.eryigit.com.tr\/de\/bilder-aus-unserem-unternehmen\/\",\"name\":\"Bilder aus unserem Unternehmen | Eryi\u011fit T\u0131bbi Cihazlar&amp;Biyoteknoloji\",\"isPartOf\":{\"@id\":\"https:\/\/www.eryigit.com.tr\/#website\"},\"datePublished\":\"2023-01-30T10:34:53+00:00\",\"dateModified\":\"2023-01-30T11:28:57+00:00\",\"breadcrumb\":{\"@id\":\"https:\/\/www.eryigit.com.tr\/de\/bilder-aus-unserem-unternehmen\/#breadcrumb\"},\"inLanguage\":\"de\",\"potentialAction\":[{\"@type\":\"ReadAction\",\"target\":[\"https:\/\/www.eryigit.com.tr\/de\/bilder-aus-unserem-unternehmen\/\"]}]},{\"@type\":\"BreadcrumbList\",\"@id\":\"https:\/\/www.eryigit.com.tr\/de\/bilder-aus-unserem-unternehmen\/#breadcrumb\",\"itemListElement\":[{\"@type\":\"ListItem\",\"position\":1,\"name\":\"Ana sayfa\",\"item\":\"https:\/\/www.eryigit.com.tr\/de\/\"},{\"@type\":\"ListItem\",\"position\":2,\"name\":\"Bilder aus unserem Unternehmen\"}]},{\"@type\":\"WebSite\",\"@id\":\"https:\/\/www.eryigit.com.tr\/#website\",\"url\":\"https:\/\/www.eryigit.com.tr\/\",\"name\":\"Eryi\u011fit T\u0131bbi Cihazlar&amp;Biyoteknoloji\",\"description\":\"Eryi\u011fit T\u0131bbi Cihazlar&amp;Biyoteknoloji \u2013 Technologies for Life\",\"publisher\":{\"@id\":\"https:\/\/www.eryigit.com.tr\/#organization\"},\"potentialAction\":[{\"@type\":\"SearchAction\",\"target\":{\"@type\":\"EntryPoint\",\"urlTemplate\":\"https:\/\/www.eryigit.com.tr\/?s={search_term_string}\"},\"query-input\":{\"@type\":\"PropertyValueSpecification\",\"valueRequired\":true,\"valueName\":\"search_term_string\"}}],\"inLanguage\":\"de\"},{\"@type\":\"Organization\",\"@id\":\"https:\/\/www.eryigit.com.tr\/#organization\",\"name\":\"Eryi\u011fit T\u0131bbi Cihazlar A.\u015e.\",\"url\":\"https:\/\/www.eryigit.com.tr\/\",\"logo\":{\"@type\":\"ImageObject\",\"inLanguage\":\"de\",\"@id\":\"https:\/\/www.eryigit.com.tr\/#\/schema\/logo\/image\/\",\"url\":\"https:\/\/www.eryigit.com.tr\/wp-content\/uploads\/eryigit-logo.jpg\",\"contentUrl\":\"https:\/\/www.eryigit.com.tr\/wp-content\/uploads\/eryigit-logo.jpg\",\"width\":168,\"height\":49,\"caption\":\"Eryi\u011fit T\u0131bbi Cihazlar A.\u015e.\"},\"image\":{\"@id\":\"https:\/\/www.eryigit.com.tr\/#\/schema\/logo\/image\/\"},\"sameAs\":[\"https:\/\/www.facebook.com\/eryigitmedical\/\",\"https:\/\/www.instagram.com\/eryigitmedical\/\",\"https:\/\/www.linkedin.com\/company\/eryi\u011fit-t\u0131bbi-cihazlar-\/\",\"https:\/\/www.youtube.com\/channel\/UCMaYrhKIcluSWpTNjQJw2Gw\"]}]}<\/script>\n<!-- \/ Yoast SEO plugin. -->","yoast_head_json":{"title":"Bilder aus unserem Unternehmen | Eryi\u011fit T\u0131bbi Cihazlar&amp;Biyoteknoloji","robots":{"index":"index","follow":"follow","max-snippet":"max-snippet:-1","max-image-preview":"max-image-preview:large","max-video-preview":"max-video-preview:-1"},"canonical":"https:\/\/www.eryigit.com.tr\/de\/bilder-aus-unserem-unternehmen\/","schema":{"@context":"https:\/\/schema.org","@graph":[{"@type":"WebPage","@id":"https:\/\/www.eryigit.com.tr\/de\/bilder-aus-unserem-unternehmen\/","url":"https:\/\/www.eryigit.com.tr\/de\/bilder-aus-unserem-unternehmen\/","name":"Bilder aus unserem Unternehmen | Eryi\u011fit T\u0131bbi Cihazlar&amp;Biyoteknoloji","isPartOf":{"@id":"https:\/\/www.eryigit.com.tr\/#website"},"datePublished":"2023-01-30T10:34:53+00:00","dateModified":"2023-01-30T11:28:57+00:00","breadcrumb":{"@id":"https:\/\/www.eryigit.com.tr\/de\/bilder-aus-unserem-unternehmen\/#breadcrumb"},"inLanguage":"de","potentialAction":[{"@type":"ReadAction","target":["https:\/\/www.eryigit.com.tr\/de\/bilder-aus-unserem-unternehmen\/"]}]},{"@type":"BreadcrumbList","@id":"https:\/\/www.eryigit.com.tr\/de\/bilder-aus-unserem-unternehmen\/#breadcrumb","itemListElement":[{"@type":"ListItem","position":1,"name":"Ana sayfa","item":"https:\/\/www.eryigit.com.tr\/de\/"},{"@type":"ListItem","position":2,"name":"Bilder aus unserem Unternehmen"}]},{"@type":"WebSite","@id":"https:\/\/www.eryigit.com.tr\/#website","url":"https:\/\/www.eryigit.com.tr\/","name":"Eryi\u011fit T\u0131bbi Cihazlar&amp;Biyoteknoloji","description":"Eryi\u011fit T\u0131bbi Cihazlar&amp;Biyoteknoloji \u2013 Technologies for Life","publisher":{"@id":"https:\/\/www.eryigit.com.tr\/#organization"},"potentialAction":[{"@type":"SearchAction","target":{"@type":"EntryPoint","urlTemplate":"https:\/\/www.eryigit.com.tr\/?s={search_term_string}"},"query-input":{"@type":"PropertyValueSpecification","valueRequired":true,"valueName":"search_term_string"}}],"inLanguage":"de"},{"@type":"Organization","@id":"https:\/\/www.eryigit.com.tr\/#organization","name":"Eryi\u011fit T\u0131bbi Cihazlar A.\u015e.","url":"https:\/\/www.eryigit.com.tr\/","logo":{"@type":"ImageObject","inLanguage":"de","@id":"https:\/\/www.eryigit.com.tr\/#\/schema\/logo\/image\/","url":"https:\/\/www.eryigit.com.tr\/wp-content\/uploads\/eryigit-logo.jpg","contentUrl":"https:\/\/www.eryigit.com.tr\/wp-content\/uploads\/eryigit-logo.jpg","width":168,"height":49,"caption":"Eryi\u011fit T\u0131bbi Cihazlar A.\u015e."},"image":{"@id":"https:\/\/www.eryigit.com.tr\/#\/schema\/logo\/image\/"},"sameAs":["https:\/\/www.facebook.com\/eryigitmedical\/","https:\/\/www.instagram.com\/eryigitmedical\/","https:\/\/www.linkedin.com\/company\/eryi\u011fit-t\u0131bbi-cihazlar-\/","https:\/\/www.youtube.com\/channel\/UCMaYrhKIcluSWpTNjQJw2Gw"]}]}},"_links":{"self":[{"href":"https:\/\/www.eryigit.com.tr\/de\/wp-json\/wp\/v2\/pages\/15254","targetHints":{"allow":["GET"]}}],"collection":[{"href":"https:\/\/www.eryigit.com.tr\/de\/wp-json\/wp\/v2\/pages"}],"about":[{"href":"https:\/\/www.eryigit.com.tr\/de\/wp-json\/wp\/v2\/types\/page"}],"author":[{"embeddable":true,"href":"https:\/\/www.eryigit.com.tr\/de\/wp-json\/wp\/v2\/users\/2"}],"replies":[{"embeddable":true,"href":"https:\/\/www.eryigit.com.tr\/de\/wp-json\/wp\/v2\/comments?post=15254"}],"version-history":[{"count":0,"href":"https:\/\/www.eryigit.com.tr\/de\/wp-json\/wp\/v2\/pages\/15254\/revisions"}],"wp:attachment":[{"href":"https:\/\/www.eryigit.com.tr\/de\/wp-json\/wp\/v2\/media?parent=15254"}],"curies":[{"name":"wp","href":"https:\/\/api.w.org\/{rel}","templated":true}]}}