{"id":11626,"date":"2020-09-18T17:26:37","date_gmt":"2020-09-18T14:26:37","guid":{"rendered":"https:\/\/www.eryigit.com.tr\/projelerimiz\/"},"modified":"2022-12-28T14:16:22","modified_gmt":"2022-12-28T11:16:22","slug":"our-projects","status":"publish","type":"page","link":"https:\/\/www.eryigit.com.tr\/en\/biotechnology\/our-projects\/","title":{"rendered":"Our Projects"},"content":{"rendered":"<p><a href=\"https:\/\/www.eryigit.com.tr\/wp-content\/uploads\/Merry-Christmas-Gif-03-wordsjustforyou-191220.gif\"><img loading=\"lazy\" decoding=\"async\" class=\"alignleft wp-image-14939 size-full\" src=\"https:\/\/www.eryigit.com.tr\/wp-content\/uploads\/Merry-Christmas-Gif-03-wordsjustforyou-191220.gif\" alt=\"\" width=\"280\" height=\"280\" \/><\/a><\/p>\n","protected":false},"excerpt":{"rendered":"","protected":false},"author":2,"featured_media":0,"parent":11623,"menu_order":0,"comment_status":"closed","ping_status":"closed","template":"","meta":{"footnotes":""},"class_list":["post-11626","page","type-page","status-publish","hentry"],"yoast_head":"<!-- This site is optimized with the Yoast SEO plugin v24.1 - https:\/\/yoast.com\/wordpress\/plugins\/seo\/ -->\n<title>Our Projects | Eryi\u011fit T\u0131bbi Cihazlar&amp;Biyoteknoloji<\/title>\n<meta name=\"robots\" content=\"index, follow, max-snippet:-1, max-image-preview:large, max-video-preview:-1\" \/>\n<link rel=\"canonical\" href=\"https:\/\/www.eryigit.com.tr\/en\/biotechnology\/our-projects\/\" \/>\n<meta name=\"twitter:label1\" content=\"Est. reading time\" \/>\n\t<meta name=\"twitter:data1\" content=\"1 minute\" \/>\n<script type=\"application\/ld+json\" class=\"yoast-schema-graph\">{\"@context\":\"https:\/\/schema.org\",\"@graph\":[{\"@type\":\"WebPage\",\"@id\":\"https:\/\/www.eryigit.com.tr\/en\/biotechnology\/our-projects\/\",\"url\":\"https:\/\/www.eryigit.com.tr\/en\/biotechnology\/our-projects\/\",\"name\":\"Our Projects | Eryi\u011fit T\u0131bbi Cihazlar&amp;Biyoteknoloji\",\"isPartOf\":{\"@id\":\"https:\/\/www.eryigit.com.tr\/#website\"},\"primaryImageOfPage\":{\"@id\":\"https:\/\/www.eryigit.com.tr\/en\/biotechnology\/our-projects\/#primaryimage\"},\"image\":{\"@id\":\"https:\/\/www.eryigit.com.tr\/en\/biotechnology\/our-projects\/#primaryimage\"},\"thumbnailUrl\":\"https:\/\/www.eryigit.com.tr\/wp-content\/uploads\/Merry-Christmas-Gif-03-wordsjustforyou-191220.gif\",\"datePublished\":\"2020-09-18T14:26:37+00:00\",\"dateModified\":\"2022-12-28T11:16:22+00:00\",\"breadcrumb\":{\"@id\":\"https:\/\/www.eryigit.com.tr\/en\/biotechnology\/our-projects\/#breadcrumb\"},\"inLanguage\":\"en-US\",\"potentialAction\":[{\"@type\":\"ReadAction\",\"target\":[\"https:\/\/www.eryigit.com.tr\/en\/biotechnology\/our-projects\/\"]}]},{\"@type\":\"ImageObject\",\"inLanguage\":\"en-US\",\"@id\":\"https:\/\/www.eryigit.com.tr\/en\/biotechnology\/our-projects\/#primaryimage\",\"url\":\"https:\/\/www.eryigit.com.tr\/wp-content\/uploads\/Merry-Christmas-Gif-03-wordsjustforyou-191220.gif\",\"contentUrl\":\"https:\/\/www.eryigit.com.tr\/wp-content\/uploads\/Merry-Christmas-Gif-03-wordsjustforyou-191220.gif\"},{\"@type\":\"BreadcrumbList\",\"@id\":\"https:\/\/www.eryigit.com.tr\/en\/biotechnology\/our-projects\/#breadcrumb\",\"itemListElement\":[{\"@type\":\"ListItem\",\"position\":1,\"name\":\"Ana sayfa\",\"item\":\"https:\/\/www.eryigit.com.tr\/en\/\"},{\"@type\":\"ListItem\",\"position\":2,\"name\":\"Biotechnology\",\"item\":\"https:\/\/www.eryigit.com.tr\/en\/biotechnology\/\"},{\"@type\":\"ListItem\",\"position\":3,\"name\":\"Our Projects\"}]},{\"@type\":\"WebSite\",\"@id\":\"https:\/\/www.eryigit.com.tr\/#website\",\"url\":\"https:\/\/www.eryigit.com.tr\/\",\"name\":\"Eryi\u011fit T\u0131bbi Cihazlar&amp;Biyoteknoloji\",\"description\":\"Eryi\u011fit T\u0131bbi Cihazlar&amp;Biyoteknoloji \u2013 Technologies for Life\",\"publisher\":{\"@id\":\"https:\/\/www.eryigit.com.tr\/#organization\"},\"potentialAction\":[{\"@type\":\"SearchAction\",\"target\":{\"@type\":\"EntryPoint\",\"urlTemplate\":\"https:\/\/www.eryigit.com.tr\/?s={search_term_string}\"},\"query-input\":{\"@type\":\"PropertyValueSpecification\",\"valueRequired\":true,\"valueName\":\"search_term_string\"}}],\"inLanguage\":\"en-US\"},{\"@type\":\"Organization\",\"@id\":\"https:\/\/www.eryigit.com.tr\/#organization\",\"name\":\"Eryi\u011fit T\u0131bbi Cihazlar A.\u015e.\",\"url\":\"https:\/\/www.eryigit.com.tr\/\",\"logo\":{\"@type\":\"ImageObject\",\"inLanguage\":\"en-US\",\"@id\":\"https:\/\/www.eryigit.com.tr\/#\/schema\/logo\/image\/\",\"url\":\"https:\/\/www.eryigit.com.tr\/wp-content\/uploads\/eryigit-logo.jpg\",\"contentUrl\":\"https:\/\/www.eryigit.com.tr\/wp-content\/uploads\/eryigit-logo.jpg\",\"width\":168,\"height\":49,\"caption\":\"Eryi\u011fit T\u0131bbi Cihazlar A.\u015e.\"},\"image\":{\"@id\":\"https:\/\/www.eryigit.com.tr\/#\/schema\/logo\/image\/\"},\"sameAs\":[\"https:\/\/www.facebook.com\/eryigitmedical\/\",\"https:\/\/www.instagram.com\/eryigitmedical\/\",\"https:\/\/www.linkedin.com\/company\/eryi\u011fit-t\u0131bbi-cihazlar-\/\",\"https:\/\/www.youtube.com\/channel\/UCMaYrhKIcluSWpTNjQJw2Gw\"]}]}<\/script>\n<!-- \/ Yoast SEO plugin. -->","yoast_head_json":{"title":"Our Projects | Eryi\u011fit T\u0131bbi Cihazlar&amp;Biyoteknoloji","robots":{"index":"index","follow":"follow","max-snippet":"max-snippet:-1","max-image-preview":"max-image-preview:large","max-video-preview":"max-video-preview:-1"},"canonical":"https:\/\/www.eryigit.com.tr\/en\/biotechnology\/our-projects\/","twitter_misc":{"Est. reading time":"1 minute"},"schema":{"@context":"https:\/\/schema.org","@graph":[{"@type":"WebPage","@id":"https:\/\/www.eryigit.com.tr\/en\/biotechnology\/our-projects\/","url":"https:\/\/www.eryigit.com.tr\/en\/biotechnology\/our-projects\/","name":"Our Projects | Eryi\u011fit T\u0131bbi Cihazlar&amp;Biyoteknoloji","isPartOf":{"@id":"https:\/\/www.eryigit.com.tr\/#website"},"primaryImageOfPage":{"@id":"https:\/\/www.eryigit.com.tr\/en\/biotechnology\/our-projects\/#primaryimage"},"image":{"@id":"https:\/\/www.eryigit.com.tr\/en\/biotechnology\/our-projects\/#primaryimage"},"thumbnailUrl":"https:\/\/www.eryigit.com.tr\/wp-content\/uploads\/Merry-Christmas-Gif-03-wordsjustforyou-191220.gif","datePublished":"2020-09-18T14:26:37+00:00","dateModified":"2022-12-28T11:16:22+00:00","breadcrumb":{"@id":"https:\/\/www.eryigit.com.tr\/en\/biotechnology\/our-projects\/#breadcrumb"},"inLanguage":"en-US","potentialAction":[{"@type":"ReadAction","target":["https:\/\/www.eryigit.com.tr\/en\/biotechnology\/our-projects\/"]}]},{"@type":"ImageObject","inLanguage":"en-US","@id":"https:\/\/www.eryigit.com.tr\/en\/biotechnology\/our-projects\/#primaryimage","url":"https:\/\/www.eryigit.com.tr\/wp-content\/uploads\/Merry-Christmas-Gif-03-wordsjustforyou-191220.gif","contentUrl":"https:\/\/www.eryigit.com.tr\/wp-content\/uploads\/Merry-Christmas-Gif-03-wordsjustforyou-191220.gif"},{"@type":"BreadcrumbList","@id":"https:\/\/www.eryigit.com.tr\/en\/biotechnology\/our-projects\/#breadcrumb","itemListElement":[{"@type":"ListItem","position":1,"name":"Ana sayfa","item":"https:\/\/www.eryigit.com.tr\/en\/"},{"@type":"ListItem","position":2,"name":"Biotechnology","item":"https:\/\/www.eryigit.com.tr\/en\/biotechnology\/"},{"@type":"ListItem","position":3,"name":"Our Projects"}]},{"@type":"WebSite","@id":"https:\/\/www.eryigit.com.tr\/#website","url":"https:\/\/www.eryigit.com.tr\/","name":"Eryi\u011fit T\u0131bbi Cihazlar&amp;Biyoteknoloji","description":"Eryi\u011fit T\u0131bbi Cihazlar&amp;Biyoteknoloji \u2013 Technologies for Life","publisher":{"@id":"https:\/\/www.eryigit.com.tr\/#organization"},"potentialAction":[{"@type":"SearchAction","target":{"@type":"EntryPoint","urlTemplate":"https:\/\/www.eryigit.com.tr\/?s={search_term_string}"},"query-input":{"@type":"PropertyValueSpecification","valueRequired":true,"valueName":"search_term_string"}}],"inLanguage":"en-US"},{"@type":"Organization","@id":"https:\/\/www.eryigit.com.tr\/#organization","name":"Eryi\u011fit T\u0131bbi Cihazlar A.\u015e.","url":"https:\/\/www.eryigit.com.tr\/","logo":{"@type":"ImageObject","inLanguage":"en-US","@id":"https:\/\/www.eryigit.com.tr\/#\/schema\/logo\/image\/","url":"https:\/\/www.eryigit.com.tr\/wp-content\/uploads\/eryigit-logo.jpg","contentUrl":"https:\/\/www.eryigit.com.tr\/wp-content\/uploads\/eryigit-logo.jpg","width":168,"height":49,"caption":"Eryi\u011fit T\u0131bbi Cihazlar A.\u015e."},"image":{"@id":"https:\/\/www.eryigit.com.tr\/#\/schema\/logo\/image\/"},"sameAs":["https:\/\/www.facebook.com\/eryigitmedical\/","https:\/\/www.instagram.com\/eryigitmedical\/","https:\/\/www.linkedin.com\/company\/eryi\u011fit-t\u0131bbi-cihazlar-\/","https:\/\/www.youtube.com\/channel\/UCMaYrhKIcluSWpTNjQJw2Gw"]}]}},"_links":{"self":[{"href":"https:\/\/www.eryigit.com.tr\/en\/wp-json\/wp\/v2\/pages\/11626","targetHints":{"allow":["GET"]}}],"collection":[{"href":"https:\/\/www.eryigit.com.tr\/en\/wp-json\/wp\/v2\/pages"}],"about":[{"href":"https:\/\/www.eryigit.com.tr\/en\/wp-json\/wp\/v2\/types\/page"}],"author":[{"embeddable":true,"href":"https:\/\/www.eryigit.com.tr\/en\/wp-json\/wp\/v2\/users\/2"}],"replies":[{"embeddable":true,"href":"https:\/\/www.eryigit.com.tr\/en\/wp-json\/wp\/v2\/comments?post=11626"}],"version-history":[{"count":0,"href":"https:\/\/www.eryigit.com.tr\/en\/wp-json\/wp\/v2\/pages\/11626\/revisions"}],"up":[{"embeddable":true,"href":"https:\/\/www.eryigit.com.tr\/en\/wp-json\/wp\/v2\/pages\/11623"}],"wp:attachment":[{"href":"https:\/\/www.eryigit.com.tr\/en\/wp-json\/wp\/v2\/media?parent=11626"}],"curies":[{"name":"wp","href":"https:\/\/api.w.org\/{rel}","templated":true}]}}