{"id":6281,"date":"2016-09-27T08:52:41","date_gmt":"2016-09-27T08:52:41","guid":{"rendered":"http:\/\/www.eryigit.com.tr\/?page_id=6281"},"modified":"2025-03-07T10:13:16","modified_gmt":"2025-03-07T07:13:16","slug":"home","status":"publish","type":"page","link":"https:\/\/www.eryigit.com.tr\/en\/","title":{"rendered":"Home"},"content":{"rendered":"","protected":false},"excerpt":{"rendered":"","protected":false},"author":1,"featured_media":0,"parent":0,"menu_order":0,"comment_status":"closed","ping_status":"open","template":"","meta":{"footnotes":""},"class_list":["post-6281","page","type-page","status-publish","hentry"],"yoast_head":"<!-- This site is optimized with the Yoast SEO plugin v24.1 - https:\/\/yoast.com\/wordpress\/plugins\/seo\/ -->\n<title>Eryi\u011fit Medical Devices Inc. - Technologies for Life<\/title>\n<meta name=\"description\" content=\"Since 1991, we have been producing medical equipments for healthcare institutions and organizations with the most advanced technology and we carry out the full-fledged installation.\" \/>\n<meta name=\"robots\" content=\"index, follow, max-snippet:-1, max-image-preview:large, max-video-preview:-1\" \/>\n<link rel=\"canonical\" href=\"https:\/\/www.eryigit.com.tr\/en\/\" \/>\n<script type=\"application\/ld+json\" class=\"yoast-schema-graph\">{\"@context\":\"https:\/\/schema.org\",\"@graph\":[{\"@type\":\"WebPage\",\"@id\":\"https:\/\/www.eryigit.com.tr\/en\/\",\"url\":\"https:\/\/www.eryigit.com.tr\/en\/\",\"name\":\"Eryi\u011fit Medical Devices Inc. - Technologies for Life\",\"isPartOf\":{\"@id\":\"https:\/\/www.eryigit.com.tr\/#website\"},\"datePublished\":\"2016-09-27T08:52:41+00:00\",\"dateModified\":\"2025-03-07T07:13:16+00:00\",\"description\":\"Since 1991, we have been producing medical equipments for healthcare institutions and organizations with the most advanced technology and we carry out the full-fledged installation.\",\"breadcrumb\":{\"@id\":\"https:\/\/www.eryigit.com.tr\/en\/#breadcrumb\"},\"inLanguage\":\"en-US\",\"potentialAction\":[{\"@type\":\"ReadAction\",\"target\":[\"https:\/\/www.eryigit.com.tr\/en\/\"]}]},{\"@type\":\"BreadcrumbList\",\"@id\":\"https:\/\/www.eryigit.com.tr\/en\/#breadcrumb\",\"itemListElement\":[{\"@type\":\"ListItem\",\"position\":1,\"name\":\"Ana sayfa\",\"item\":\"https:\/\/www.eryigit.com.tr\/en\/\"},{\"@type\":\"ListItem\",\"position\":2,\"name\":\"Home\"}]},{\"@type\":\"WebSite\",\"@id\":\"https:\/\/www.eryigit.com.tr\/#website\",\"url\":\"https:\/\/www.eryigit.com.tr\/\",\"name\":\"Eryi\u011fit T\u0131bbi Cihazlar&amp;Biyoteknoloji\",\"description\":\"Eryi\u011fit T\u0131bbi Cihazlar&amp;Biyoteknoloji \u2013 Technologies for Life\",\"publisher\":{\"@id\":\"https:\/\/www.eryigit.com.tr\/#organization\"},\"potentialAction\":[{\"@type\":\"SearchAction\",\"target\":{\"@type\":\"EntryPoint\",\"urlTemplate\":\"https:\/\/www.eryigit.com.tr\/?s={search_term_string}\"},\"query-input\":{\"@type\":\"PropertyValueSpecification\",\"valueRequired\":true,\"valueName\":\"search_term_string\"}}],\"inLanguage\":\"en-US\"},{\"@type\":\"Organization\",\"@id\":\"https:\/\/www.eryigit.com.tr\/#organization\",\"name\":\"Eryi\u011fit T\u0131bbi Cihazlar A.\u015e.\",\"url\":\"https:\/\/www.eryigit.com.tr\/\",\"logo\":{\"@type\":\"ImageObject\",\"inLanguage\":\"en-US\",\"@id\":\"https:\/\/www.eryigit.com.tr\/#\/schema\/logo\/image\/\",\"url\":\"https:\/\/www.eryigit.com.tr\/wp-content\/uploads\/eryigit-logo.jpg\",\"contentUrl\":\"https:\/\/www.eryigit.com.tr\/wp-content\/uploads\/eryigit-logo.jpg\",\"width\":168,\"height\":49,\"caption\":\"Eryi\u011fit T\u0131bbi Cihazlar A.\u015e.\"},\"image\":{\"@id\":\"https:\/\/www.eryigit.com.tr\/#\/schema\/logo\/image\/\"},\"sameAs\":[\"https:\/\/www.facebook.com\/eryigitmedical\/\",\"https:\/\/www.instagram.com\/eryigitmedical\/\",\"https:\/\/www.linkedin.com\/company\/eryi\u011fit-t\u0131bbi-cihazlar-\/\",\"https:\/\/www.youtube.com\/channel\/UCMaYrhKIcluSWpTNjQJw2Gw\"]}]}<\/script>\n<!-- \/ Yoast SEO plugin. -->","yoast_head_json":{"title":"Eryi\u011fit Medical Devices Inc. - Technologies for Life","description":"Since 1991, we have been producing medical equipments for healthcare institutions and organizations with the most advanced technology and we carry out the full-fledged installation.","robots":{"index":"index","follow":"follow","max-snippet":"max-snippet:-1","max-image-preview":"max-image-preview:large","max-video-preview":"max-video-preview:-1"},"canonical":"https:\/\/www.eryigit.com.tr\/en\/","schema":{"@context":"https:\/\/schema.org","@graph":[{"@type":"WebPage","@id":"https:\/\/www.eryigit.com.tr\/en\/","url":"https:\/\/www.eryigit.com.tr\/en\/","name":"Eryi\u011fit Medical Devices Inc. - Technologies for Life","isPartOf":{"@id":"https:\/\/www.eryigit.com.tr\/#website"},"datePublished":"2016-09-27T08:52:41+00:00","dateModified":"2025-03-07T07:13:16+00:00","description":"Since 1991, we have been producing medical equipments for healthcare institutions and organizations with the most advanced technology and we carry out the full-fledged installation.","breadcrumb":{"@id":"https:\/\/www.eryigit.com.tr\/en\/#breadcrumb"},"inLanguage":"en-US","potentialAction":[{"@type":"ReadAction","target":["https:\/\/www.eryigit.com.tr\/en\/"]}]},{"@type":"BreadcrumbList","@id":"https:\/\/www.eryigit.com.tr\/en\/#breadcrumb","itemListElement":[{"@type":"ListItem","position":1,"name":"Ana sayfa","item":"https:\/\/www.eryigit.com.tr\/en\/"},{"@type":"ListItem","position":2,"name":"Home"}]},{"@type":"WebSite","@id":"https:\/\/www.eryigit.com.tr\/#website","url":"https:\/\/www.eryigit.com.tr\/","name":"Eryi\u011fit T\u0131bbi Cihazlar&amp;Biyoteknoloji","description":"Eryi\u011fit T\u0131bbi Cihazlar&amp;Biyoteknoloji \u2013 Technologies for Life","publisher":{"@id":"https:\/\/www.eryigit.com.tr\/#organization"},"potentialAction":[{"@type":"SearchAction","target":{"@type":"EntryPoint","urlTemplate":"https:\/\/www.eryigit.com.tr\/?s={search_term_string}"},"query-input":{"@type":"PropertyValueSpecification","valueRequired":true,"valueName":"search_term_string"}}],"inLanguage":"en-US"},{"@type":"Organization","@id":"https:\/\/www.eryigit.com.tr\/#organization","name":"Eryi\u011fit T\u0131bbi Cihazlar A.\u015e.","url":"https:\/\/www.eryigit.com.tr\/","logo":{"@type":"ImageObject","inLanguage":"en-US","@id":"https:\/\/www.eryigit.com.tr\/#\/schema\/logo\/image\/","url":"https:\/\/www.eryigit.com.tr\/wp-content\/uploads\/eryigit-logo.jpg","contentUrl":"https:\/\/www.eryigit.com.tr\/wp-content\/uploads\/eryigit-logo.jpg","width":168,"height":49,"caption":"Eryi\u011fit T\u0131bbi Cihazlar A.\u015e."},"image":{"@id":"https:\/\/www.eryigit.com.tr\/#\/schema\/logo\/image\/"},"sameAs":["https:\/\/www.facebook.com\/eryigitmedical\/","https:\/\/www.instagram.com\/eryigitmedical\/","https:\/\/www.linkedin.com\/company\/eryi\u011fit-t\u0131bbi-cihazlar-\/","https:\/\/www.youtube.com\/channel\/UCMaYrhKIcluSWpTNjQJw2Gw"]}]}},"_links":{"self":[{"href":"https:\/\/www.eryigit.com.tr\/en\/wp-json\/wp\/v2\/pages\/6281","targetHints":{"allow":["GET"]}}],"collection":[{"href":"https:\/\/www.eryigit.com.tr\/en\/wp-json\/wp\/v2\/pages"}],"about":[{"href":"https:\/\/www.eryigit.com.tr\/en\/wp-json\/wp\/v2\/types\/page"}],"author":[{"embeddable":true,"href":"https:\/\/www.eryigit.com.tr\/en\/wp-json\/wp\/v2\/users\/1"}],"replies":[{"embeddable":true,"href":"https:\/\/www.eryigit.com.tr\/en\/wp-json\/wp\/v2\/comments?post=6281"}],"version-history":[{"count":2,"href":"https:\/\/www.eryigit.com.tr\/en\/wp-json\/wp\/v2\/pages\/6281\/revisions"}],"predecessor-version":[{"id":18759,"href":"https:\/\/www.eryigit.com.tr\/en\/wp-json\/wp\/v2\/pages\/6281\/revisions\/18759"}],"wp:attachment":[{"href":"https:\/\/www.eryigit.com.tr\/en\/wp-json\/wp\/v2\/media?parent=6281"}],"curies":[{"name":"wp","href":"https:\/\/api.w.org\/{rel}","templated":true}]}}