{"id":6707,"date":"2018-03-20T16:35:36","date_gmt":"2018-03-20T13:35:36","guid":{"rendered":"http:\/\/www.eryigit.com.tr\/products\/disinfection-devices\/dezenfeksiyon-ek-uniteleri\/"},"modified":"2018-04-21T18:34:06","modified_gmt":"2018-04-21T15:34:06","slug":"additional-units","status":"publish","type":"page","link":"https:\/\/www.eryigit.com.tr\/en\/products\/washers-and-disinfectors\/additional-units\/","title":{"rendered":"Washing and Disinfection Additional Units"},"content":{"rendered":"","protected":false},"excerpt":{"rendered":"","protected":false},"author":2,"featured_media":0,"parent":6653,"menu_order":0,"comment_status":"closed","ping_status":"closed","template":"","meta":{"footnotes":""},"class_list":["post-6707","page","type-page","status-publish","hentry"],"yoast_head":"<!-- This site is optimized with the Yoast SEO plugin v24.1 - https:\/\/yoast.com\/wordpress\/plugins\/seo\/ -->\n<title>Washing and Disinfection Additional Units - Eryi\u011fit Medical Devices Inc.<\/title>\n<meta name=\"robots\" content=\"index, follow, max-snippet:-1, max-image-preview:large, max-video-preview:-1\" \/>\n<link rel=\"canonical\" href=\"https:\/\/www.eryigit.com.tr\/en\/products\/washers-and-disinfectors\/additional-units\/\" \/>\n<script type=\"application\/ld+json\" class=\"yoast-schema-graph\">{\"@context\":\"https:\/\/schema.org\",\"@graph\":[{\"@type\":\"WebPage\",\"@id\":\"https:\/\/www.eryigit.com.tr\/en\/products\/washers-and-disinfectors\/additional-units\/\",\"url\":\"https:\/\/www.eryigit.com.tr\/en\/products\/washers-and-disinfectors\/additional-units\/\",\"name\":\"Washing and Disinfection Additional Units - Eryi\u011fit Medical Devices Inc.\",\"isPartOf\":{\"@id\":\"https:\/\/www.eryigit.com.tr\/#website\"},\"datePublished\":\"2018-03-20T13:35:36+00:00\",\"dateModified\":\"2018-04-21T15:34:06+00:00\",\"breadcrumb\":{\"@id\":\"https:\/\/www.eryigit.com.tr\/en\/products\/washers-and-disinfectors\/additional-units\/#breadcrumb\"},\"inLanguage\":\"en-US\",\"potentialAction\":[{\"@type\":\"ReadAction\",\"target\":[\"https:\/\/www.eryigit.com.tr\/en\/products\/washers-and-disinfectors\/additional-units\/\"]}]},{\"@type\":\"BreadcrumbList\",\"@id\":\"https:\/\/www.eryigit.com.tr\/en\/products\/washers-and-disinfectors\/additional-units\/#breadcrumb\",\"itemListElement\":[{\"@type\":\"ListItem\",\"position\":1,\"name\":\"Ana sayfa\",\"item\":\"https:\/\/www.eryigit.com.tr\/en\/\"},{\"@type\":\"ListItem\",\"position\":2,\"name\":\"Products\",\"item\":\"https:\/\/www.eryigit.com.tr\/en\/products\/\"},{\"@type\":\"ListItem\",\"position\":3,\"name\":\"Washers and Disinfectors\",\"item\":\"https:\/\/www.eryigit.com.tr\/en\/products\/washers-and-disinfectors\/\"},{\"@type\":\"ListItem\",\"position\":4,\"name\":\"Washing and Disinfection Additional Units\"}]},{\"@type\":\"WebSite\",\"@id\":\"https:\/\/www.eryigit.com.tr\/#website\",\"url\":\"https:\/\/www.eryigit.com.tr\/\",\"name\":\"Eryi\u011fit T\u0131bbi Cihazlar&amp;Biyoteknoloji\",\"description\":\"Eryi\u011fit T\u0131bbi Cihazlar&amp;Biyoteknoloji \u2013 Technologies for Life\",\"publisher\":{\"@id\":\"https:\/\/www.eryigit.com.tr\/#organization\"},\"potentialAction\":[{\"@type\":\"SearchAction\",\"target\":{\"@type\":\"EntryPoint\",\"urlTemplate\":\"https:\/\/www.eryigit.com.tr\/?s={search_term_string}\"},\"query-input\":{\"@type\":\"PropertyValueSpecification\",\"valueRequired\":true,\"valueName\":\"search_term_string\"}}],\"inLanguage\":\"en-US\"},{\"@type\":\"Organization\",\"@id\":\"https:\/\/www.eryigit.com.tr\/#organization\",\"name\":\"Eryi\u011fit T\u0131bbi Cihazlar A.\u015e.\",\"url\":\"https:\/\/www.eryigit.com.tr\/\",\"logo\":{\"@type\":\"ImageObject\",\"inLanguage\":\"en-US\",\"@id\":\"https:\/\/www.eryigit.com.tr\/#\/schema\/logo\/image\/\",\"url\":\"https:\/\/www.eryigit.com.tr\/wp-content\/uploads\/eryigit-logo.jpg\",\"contentUrl\":\"https:\/\/www.eryigit.com.tr\/wp-content\/uploads\/eryigit-logo.jpg\",\"width\":168,\"height\":49,\"caption\":\"Eryi\u011fit T\u0131bbi Cihazlar A.\u015e.\"},\"image\":{\"@id\":\"https:\/\/www.eryigit.com.tr\/#\/schema\/logo\/image\/\"},\"sameAs\":[\"https:\/\/www.facebook.com\/eryigitmedical\/\",\"https:\/\/www.instagram.com\/eryigitmedical\/\",\"https:\/\/www.linkedin.com\/company\/eryi\u011fit-t\u0131bbi-cihazlar-\/\",\"https:\/\/www.youtube.com\/channel\/UCMaYrhKIcluSWpTNjQJw2Gw\"]}]}<\/script>\n<!-- \/ Yoast SEO plugin. -->","yoast_head_json":{"title":"Washing and Disinfection Additional Units - Eryi\u011fit Medical Devices Inc.","robots":{"index":"index","follow":"follow","max-snippet":"max-snippet:-1","max-image-preview":"max-image-preview:large","max-video-preview":"max-video-preview:-1"},"canonical":"https:\/\/www.eryigit.com.tr\/en\/products\/washers-and-disinfectors\/additional-units\/","schema":{"@context":"https:\/\/schema.org","@graph":[{"@type":"WebPage","@id":"https:\/\/www.eryigit.com.tr\/en\/products\/washers-and-disinfectors\/additional-units\/","url":"https:\/\/www.eryigit.com.tr\/en\/products\/washers-and-disinfectors\/additional-units\/","name":"Washing and Disinfection Additional Units - Eryi\u011fit Medical Devices Inc.","isPartOf":{"@id":"https:\/\/www.eryigit.com.tr\/#website"},"datePublished":"2018-03-20T13:35:36+00:00","dateModified":"2018-04-21T15:34:06+00:00","breadcrumb":{"@id":"https:\/\/www.eryigit.com.tr\/en\/products\/washers-and-disinfectors\/additional-units\/#breadcrumb"},"inLanguage":"en-US","potentialAction":[{"@type":"ReadAction","target":["https:\/\/www.eryigit.com.tr\/en\/products\/washers-and-disinfectors\/additional-units\/"]}]},{"@type":"BreadcrumbList","@id":"https:\/\/www.eryigit.com.tr\/en\/products\/washers-and-disinfectors\/additional-units\/#breadcrumb","itemListElement":[{"@type":"ListItem","position":1,"name":"Ana sayfa","item":"https:\/\/www.eryigit.com.tr\/en\/"},{"@type":"ListItem","position":2,"name":"Products","item":"https:\/\/www.eryigit.com.tr\/en\/products\/"},{"@type":"ListItem","position":3,"name":"Washers and Disinfectors","item":"https:\/\/www.eryigit.com.tr\/en\/products\/washers-and-disinfectors\/"},{"@type":"ListItem","position":4,"name":"Washing and Disinfection Additional Units"}]},{"@type":"WebSite","@id":"https:\/\/www.eryigit.com.tr\/#website","url":"https:\/\/www.eryigit.com.tr\/","name":"Eryi\u011fit T\u0131bbi Cihazlar&amp;Biyoteknoloji","description":"Eryi\u011fit T\u0131bbi Cihazlar&amp;Biyoteknoloji \u2013 Technologies for Life","publisher":{"@id":"https:\/\/www.eryigit.com.tr\/#organization"},"potentialAction":[{"@type":"SearchAction","target":{"@type":"EntryPoint","urlTemplate":"https:\/\/www.eryigit.com.tr\/?s={search_term_string}"},"query-input":{"@type":"PropertyValueSpecification","valueRequired":true,"valueName":"search_term_string"}}],"inLanguage":"en-US"},{"@type":"Organization","@id":"https:\/\/www.eryigit.com.tr\/#organization","name":"Eryi\u011fit T\u0131bbi Cihazlar A.\u015e.","url":"https:\/\/www.eryigit.com.tr\/","logo":{"@type":"ImageObject","inLanguage":"en-US","@id":"https:\/\/www.eryigit.com.tr\/#\/schema\/logo\/image\/","url":"https:\/\/www.eryigit.com.tr\/wp-content\/uploads\/eryigit-logo.jpg","contentUrl":"https:\/\/www.eryigit.com.tr\/wp-content\/uploads\/eryigit-logo.jpg","width":168,"height":49,"caption":"Eryi\u011fit T\u0131bbi Cihazlar A.\u015e."},"image":{"@id":"https:\/\/www.eryigit.com.tr\/#\/schema\/logo\/image\/"},"sameAs":["https:\/\/www.facebook.com\/eryigitmedical\/","https:\/\/www.instagram.com\/eryigitmedical\/","https:\/\/www.linkedin.com\/company\/eryi\u011fit-t\u0131bbi-cihazlar-\/","https:\/\/www.youtube.com\/channel\/UCMaYrhKIcluSWpTNjQJw2Gw"]}]}},"_links":{"self":[{"href":"https:\/\/www.eryigit.com.tr\/en\/wp-json\/wp\/v2\/pages\/6707","targetHints":{"allow":["GET"]}}],"collection":[{"href":"https:\/\/www.eryigit.com.tr\/en\/wp-json\/wp\/v2\/pages"}],"about":[{"href":"https:\/\/www.eryigit.com.tr\/en\/wp-json\/wp\/v2\/types\/page"}],"author":[{"embeddable":true,"href":"https:\/\/www.eryigit.com.tr\/en\/wp-json\/wp\/v2\/users\/2"}],"replies":[{"embeddable":true,"href":"https:\/\/www.eryigit.com.tr\/en\/wp-json\/wp\/v2\/comments?post=6707"}],"version-history":[{"count":0,"href":"https:\/\/www.eryigit.com.tr\/en\/wp-json\/wp\/v2\/pages\/6707\/revisions"}],"up":[{"embeddable":true,"href":"https:\/\/www.eryigit.com.tr\/en\/wp-json\/wp\/v2\/pages\/6653"}],"wp:attachment":[{"href":"https:\/\/www.eryigit.com.tr\/en\/wp-json\/wp\/v2\/media?parent=6707"}],"curies":[{"name":"wp","href":"https:\/\/api.w.org\/{rel}","templated":true}]}}