{"id":6746,"date":"2018-03-23T08:38:00","date_gmt":"2018-03-23T06:38:00","guid":{"rendered":"http:\/\/www.eryigit.com.tr\/bagimliliklarla-mucadele-ediyoruz\/"},"modified":"2018-04-21T18:36:07","modified_gmt":"2018-04-21T15:36:07","slug":"we-fight-against-drugs-addiction","status":"publish","type":"page","link":"https:\/\/www.eryigit.com.tr\/en\/we-fight-against-drugs-addiction\/","title":{"rendered":"We Fight Against Drugs Addiction"},"content":{"rendered":"<p class=\"p1\"><span class=\"s2\"><span class=\"Apple-converted-space\">Eryi\u011fit, who sees the struggle with drugs as a duty of social responsibility, aims to raise awareness of young people and their families on &#8220;drug addiction&#8221;, which is one of the biggest problems of our country as well as the whole world. Eryigit Medical Devices has been a pioneer in the establishment of the International Association Against Substance Abuse(<a href=\"http:\/\/umudder.org\/\" target=\"_blank\" rel=\"noopener\">UMUDDER<\/a>) for this purpose.<\/span><\/span><\/p>\n<p class=\"p1\">UMUDDER positively approves cooperation with public institutions, universities, local governments and non-governmental organizations for an effective and addictive struggle. UMUDDER supports scientific researches, studies and projects to remove risk factors, and has informative activities for citizens.<\/p>\n","protected":false},"excerpt":{"rendered":"<p>Eryi\u011fit, who sees the struggle with drugs as a duty of social responsibility, aims to raise awareness of young people and their families on &#8220;drug addiction&#8221;, which is one of the biggest problems of our country as well as the whole world. Eryigit Medical Devices has been a pioneer in the establishment of the International<\/p>\n","protected":false},"author":2,"featured_media":0,"parent":0,"menu_order":0,"comment_status":"closed","ping_status":"closed","template":"","meta":{"footnotes":""},"class_list":["post-6746","page","type-page","status-publish","hentry"],"yoast_head":"<!-- This site is optimized with the Yoast SEO plugin v24.1 - https:\/\/yoast.com\/wordpress\/plugins\/seo\/ -->\n<title>We Fight Against Drugs Addiction - Eryi\u011fit Medical Devices Inc.<\/title>\n<meta name=\"description\" content=\"Eryi\u011fit, who sees the struggle with drugs as a duty of social responsibility, aims to raise awareness of young people and their families on \u201cdrug addiction\u201d, which is one of the biggest problems of our country as well as the whole world.\" \/>\n<meta name=\"robots\" content=\"index, follow, max-snippet:-1, max-image-preview:large, max-video-preview:-1\" \/>\n<link rel=\"canonical\" href=\"https:\/\/www.eryigit.com.tr\/en\/we-fight-against-drugs-addiction\/\" \/>\n<meta name=\"twitter:label1\" content=\"Est. reading time\" \/>\n\t<meta name=\"twitter:data1\" content=\"1 minute\" \/>\n<script type=\"application\/ld+json\" class=\"yoast-schema-graph\">{\"@context\":\"https:\/\/schema.org\",\"@graph\":[{\"@type\":\"WebPage\",\"@id\":\"https:\/\/www.eryigit.com.tr\/en\/we-fight-against-drugs-addiction\/\",\"url\":\"https:\/\/www.eryigit.com.tr\/en\/we-fight-against-drugs-addiction\/\",\"name\":\"We Fight Against Drugs Addiction - Eryi\u011fit Medical Devices Inc.\",\"isPartOf\":{\"@id\":\"https:\/\/www.eryigit.com.tr\/#website\"},\"datePublished\":\"2018-03-23T06:38:00+00:00\",\"dateModified\":\"2018-04-21T15:36:07+00:00\",\"description\":\"Eryi\u011fit, who sees the struggle with drugs as a duty of social responsibility, aims to raise awareness of young people and their families on \u201cdrug addiction\u201d, which is one of the biggest problems of our country as well as the whole world.\",\"breadcrumb\":{\"@id\":\"https:\/\/www.eryigit.com.tr\/en\/we-fight-against-drugs-addiction\/#breadcrumb\"},\"inLanguage\":\"en-US\",\"potentialAction\":[{\"@type\":\"ReadAction\",\"target\":[\"https:\/\/www.eryigit.com.tr\/en\/we-fight-against-drugs-addiction\/\"]}]},{\"@type\":\"BreadcrumbList\",\"@id\":\"https:\/\/www.eryigit.com.tr\/en\/we-fight-against-drugs-addiction\/#breadcrumb\",\"itemListElement\":[{\"@type\":\"ListItem\",\"position\":1,\"name\":\"Ana sayfa\",\"item\":\"https:\/\/www.eryigit.com.tr\/en\/\"},{\"@type\":\"ListItem\",\"position\":2,\"name\":\"We Fight Against Drugs Addiction\"}]},{\"@type\":\"WebSite\",\"@id\":\"https:\/\/www.eryigit.com.tr\/#website\",\"url\":\"https:\/\/www.eryigit.com.tr\/\",\"name\":\"Eryi\u011fit T\u0131bbi Cihazlar&amp;Biyoteknoloji\",\"description\":\"Eryi\u011fit T\u0131bbi Cihazlar&amp;Biyoteknoloji \u2013 Technologies for Life\",\"publisher\":{\"@id\":\"https:\/\/www.eryigit.com.tr\/#organization\"},\"potentialAction\":[{\"@type\":\"SearchAction\",\"target\":{\"@type\":\"EntryPoint\",\"urlTemplate\":\"https:\/\/www.eryigit.com.tr\/?s={search_term_string}\"},\"query-input\":{\"@type\":\"PropertyValueSpecification\",\"valueRequired\":true,\"valueName\":\"search_term_string\"}}],\"inLanguage\":\"en-US\"},{\"@type\":\"Organization\",\"@id\":\"https:\/\/www.eryigit.com.tr\/#organization\",\"name\":\"Eryi\u011fit T\u0131bbi Cihazlar A.\u015e.\",\"url\":\"https:\/\/www.eryigit.com.tr\/\",\"logo\":{\"@type\":\"ImageObject\",\"inLanguage\":\"en-US\",\"@id\":\"https:\/\/www.eryigit.com.tr\/#\/schema\/logo\/image\/\",\"url\":\"https:\/\/www.eryigit.com.tr\/wp-content\/uploads\/eryigit-logo.jpg\",\"contentUrl\":\"https:\/\/www.eryigit.com.tr\/wp-content\/uploads\/eryigit-logo.jpg\",\"width\":168,\"height\":49,\"caption\":\"Eryi\u011fit T\u0131bbi Cihazlar A.\u015e.\"},\"image\":{\"@id\":\"https:\/\/www.eryigit.com.tr\/#\/schema\/logo\/image\/\"},\"sameAs\":[\"https:\/\/www.facebook.com\/eryigitmedical\/\",\"https:\/\/www.instagram.com\/eryigitmedical\/\",\"https:\/\/www.linkedin.com\/company\/eryi\u011fit-t\u0131bbi-cihazlar-\/\",\"https:\/\/www.youtube.com\/channel\/UCMaYrhKIcluSWpTNjQJw2Gw\"]}]}<\/script>\n<!-- \/ Yoast SEO plugin. -->","yoast_head_json":{"title":"We Fight Against Drugs Addiction - Eryi\u011fit Medical Devices Inc.","description":"Eryi\u011fit, who sees the struggle with drugs as a duty of social responsibility, aims to raise awareness of young people and their families on \u201cdrug addiction\u201d, which is one of the biggest problems of our country as well as the whole world.","robots":{"index":"index","follow":"follow","max-snippet":"max-snippet:-1","max-image-preview":"max-image-preview:large","max-video-preview":"max-video-preview:-1"},"canonical":"https:\/\/www.eryigit.com.tr\/en\/we-fight-against-drugs-addiction\/","twitter_misc":{"Est. reading time":"1 minute"},"schema":{"@context":"https:\/\/schema.org","@graph":[{"@type":"WebPage","@id":"https:\/\/www.eryigit.com.tr\/en\/we-fight-against-drugs-addiction\/","url":"https:\/\/www.eryigit.com.tr\/en\/we-fight-against-drugs-addiction\/","name":"We Fight Against Drugs Addiction - Eryi\u011fit Medical Devices Inc.","isPartOf":{"@id":"https:\/\/www.eryigit.com.tr\/#website"},"datePublished":"2018-03-23T06:38:00+00:00","dateModified":"2018-04-21T15:36:07+00:00","description":"Eryi\u011fit, who sees the struggle with drugs as a duty of social responsibility, aims to raise awareness of young people and their families on \u201cdrug addiction\u201d, which is one of the biggest problems of our country as well as the whole world.","breadcrumb":{"@id":"https:\/\/www.eryigit.com.tr\/en\/we-fight-against-drugs-addiction\/#breadcrumb"},"inLanguage":"en-US","potentialAction":[{"@type":"ReadAction","target":["https:\/\/www.eryigit.com.tr\/en\/we-fight-against-drugs-addiction\/"]}]},{"@type":"BreadcrumbList","@id":"https:\/\/www.eryigit.com.tr\/en\/we-fight-against-drugs-addiction\/#breadcrumb","itemListElement":[{"@type":"ListItem","position":1,"name":"Ana sayfa","item":"https:\/\/www.eryigit.com.tr\/en\/"},{"@type":"ListItem","position":2,"name":"We Fight Against Drugs Addiction"}]},{"@type":"WebSite","@id":"https:\/\/www.eryigit.com.tr\/#website","url":"https:\/\/www.eryigit.com.tr\/","name":"Eryi\u011fit T\u0131bbi Cihazlar&amp;Biyoteknoloji","description":"Eryi\u011fit T\u0131bbi Cihazlar&amp;Biyoteknoloji \u2013 Technologies for Life","publisher":{"@id":"https:\/\/www.eryigit.com.tr\/#organization"},"potentialAction":[{"@type":"SearchAction","target":{"@type":"EntryPoint","urlTemplate":"https:\/\/www.eryigit.com.tr\/?s={search_term_string}"},"query-input":{"@type":"PropertyValueSpecification","valueRequired":true,"valueName":"search_term_string"}}],"inLanguage":"en-US"},{"@type":"Organization","@id":"https:\/\/www.eryigit.com.tr\/#organization","name":"Eryi\u011fit T\u0131bbi Cihazlar A.\u015e.","url":"https:\/\/www.eryigit.com.tr\/","logo":{"@type":"ImageObject","inLanguage":"en-US","@id":"https:\/\/www.eryigit.com.tr\/#\/schema\/logo\/image\/","url":"https:\/\/www.eryigit.com.tr\/wp-content\/uploads\/eryigit-logo.jpg","contentUrl":"https:\/\/www.eryigit.com.tr\/wp-content\/uploads\/eryigit-logo.jpg","width":168,"height":49,"caption":"Eryi\u011fit T\u0131bbi Cihazlar A.\u015e."},"image":{"@id":"https:\/\/www.eryigit.com.tr\/#\/schema\/logo\/image\/"},"sameAs":["https:\/\/www.facebook.com\/eryigitmedical\/","https:\/\/www.instagram.com\/eryigitmedical\/","https:\/\/www.linkedin.com\/company\/eryi\u011fit-t\u0131bbi-cihazlar-\/","https:\/\/www.youtube.com\/channel\/UCMaYrhKIcluSWpTNjQJw2Gw"]}]}},"_links":{"self":[{"href":"https:\/\/www.eryigit.com.tr\/en\/wp-json\/wp\/v2\/pages\/6746","targetHints":{"allow":["GET"]}}],"collection":[{"href":"https:\/\/www.eryigit.com.tr\/en\/wp-json\/wp\/v2\/pages"}],"about":[{"href":"https:\/\/www.eryigit.com.tr\/en\/wp-json\/wp\/v2\/types\/page"}],"author":[{"embeddable":true,"href":"https:\/\/www.eryigit.com.tr\/en\/wp-json\/wp\/v2\/users\/2"}],"replies":[{"embeddable":true,"href":"https:\/\/www.eryigit.com.tr\/en\/wp-json\/wp\/v2\/comments?post=6746"}],"version-history":[{"count":0,"href":"https:\/\/www.eryigit.com.tr\/en\/wp-json\/wp\/v2\/pages\/6746\/revisions"}],"wp:attachment":[{"href":"https:\/\/www.eryigit.com.tr\/en\/wp-json\/wp\/v2\/media?parent=6746"}],"curies":[{"name":"wp","href":"https:\/\/api.w.org\/{rel}","templated":true}]}}