{"id":6750,"date":"2018-03-23T08:54:41","date_gmt":"2018-03-23T06:54:41","guid":{"rendered":"http:\/\/www.eryigit.com.tr\/sterilnet-sterilizasyon-takip-sistemi\/"},"modified":"2018-04-21T18:35:20","modified_gmt":"2018-04-21T15:35:20","slug":"sterilnet-documentation-system","status":"publish","type":"page","link":"https:\/\/www.eryigit.com.tr\/en\/sterilnet-documentation-system\/","title":{"rendered":"STER\u0130LNET"},"content":{"rendered":"<h3><span style=\"color: #09b383;\"><strong><span style=\"font-size: 16px;\"><span style=\"font-size: 20px; color: #55c5c4;\">STERILIZATION TRACKING AND DOCUMENTATION SYSTEM<\/span><\/span><\/strong><\/span><\/h3>\n<h3><span style=\"color: #09b383;\"><strong><span style=\"font-size: 16px;\"><img loading=\"lazy\" decoding=\"async\" class=\"wp-image-3263 size-medium alignright\" src=\"http:\/\/www.eryigit.com.tr\/wp-content\/uploads\/steril-net-300x206.jpg\" alt=\"\" width=\"300\" height=\"206\" srcset=\"https:\/\/www.eryigit.com.tr\/wp-content\/uploads\/steril-net-300x206.jpg 300w, https:\/\/www.eryigit.com.tr\/wp-content\/uploads\/steril-net-768x528.jpg 768w, https:\/\/www.eryigit.com.tr\/wp-content\/uploads\/steril-net-1024x704.jpg 1024w, https:\/\/www.eryigit.com.tr\/wp-content\/uploads\/steril-net-272x187.jpg 272w, https:\/\/www.eryigit.com.tr\/wp-content\/uploads\/steril-net-1210x832.jpg 1210w, https:\/\/www.eryigit.com.tr\/wp-content\/uploads\/steril-net.jpg 1248w\" sizes=\"auto, (max-width: 300px) 100vw, 300px\" \/><\/span><\/strong><\/span><\/h3>\n<p><strong>With SterilNet Barcode System;<\/strong><\/p>\n<ul>\n<li>Each instrument can be coded and reliably tracked with these codes,<\/li>\n<li>Tool encoding offers you unparalleled transparency and security in tool preparation,<\/li>\n<li>An ID card for each device is created.<\/li>\n<li>SterilNET software allows you to use this system in all instrument management and as comprehensive as possible.<\/li>\n<\/ul>\n<p>All of your existing tools can be saved and marked with the SterileNET Barcode system in the Healthcare Organization. With this coding system, you can monitor all the processes of the instruments in your establishment and follow all stages of sterilization. The Computer Aided Central Sterilization Unit is the right tool for achieving Total Quality Management (TQM) with Sterilization Tracking and Documentation System. With the SterilNET system, you can manage the sterilization process and any processes connected to it from where you live. SterilNET offers you a very detailed database. This system provides a comprehensive database of product data from many manufacturers. When any tool is stored in inventory, the entire inventory list can be used automatically. With this system, you can easily see and manage your stocks easily.<\/p>\n<h4 class=\"p1\"><strong><span style=\"color: #09b383;\"><img loading=\"lazy\" decoding=\"async\" class=\"alignleft wp-image-3251 size-medium\" src=\"http:\/\/www.eryigit.com.tr\/wp-content\/uploads\/sterilnet-300x134.jpg\" alt=\"\" width=\"300\" height=\"134\" srcset=\"https:\/\/www.eryigit.com.tr\/wp-content\/uploads\/sterilnet-300x134.jpg 300w, https:\/\/www.eryigit.com.tr\/wp-content\/uploads\/sterilnet-280x125.jpg 280w, https:\/\/www.eryigit.com.tr\/wp-content\/uploads\/sterilnet.jpg 536w\" sizes=\"auto, (max-width: 300px) 100vw, 300px\" \/><\/span><\/strong><\/h4>\n<h4 class=\"p1\"><strong><span style=\"color: #55c5c4; font-size: 18px;\">Why SterilNet?<\/span><\/strong><\/h4>\n<ul>\n<li class=\"p1\"><span class=\"s1\">Easy to Use, Fast Customization,<\/span><\/li>\n<li class=\"p1\">Retention of Regular Tool Inventory,<\/li>\n<li class=\"p1\">Providing Statistics Data of Surgical Instruments,<\/li>\n<li class=\"p1\">Maintenance Time Reminder,<\/li>\n<li class=\"p1\">Ability to build booth follow,<\/li>\n<li class=\"p1\">Following Surgical Tool Loss and Damage Situations,<\/li>\n<li class=\"p1\">Ability to follow the Consitency Company Sets,<\/li>\n<li class=\"p1\">Custom Reporting can be done,<\/li>\n<li class=\"p1\">Ability to mark the surgical instruments with damage,<\/li>\n<li class=\"p1\">Ensuring Traceability of Surgical Instruments,<\/li>\n<li class=\"p1\">Knowing how many times the operation of the surgical instrument is used,<\/li>\n<li class=\"p1\">Knowing how many times each surgical instrument is sterilized,<\/li>\n<li class=\"p1\">Tracking of Partial Instruments, Parts,<\/li>\n<li class=\"p1\">Privatization of Sets by Department or Physicians,<\/li>\n<li class=\"p1\">Follow-up of the Bundled Set,<\/li>\n<li class=\"p1\">Knowing how many times surgical instruments are repaired, <span class=\"Apple-converted-space\">\u00a0 \u00a0 \u00a0 \u00a0 \u00a0 \u00a0 \u00a0 \u00a0 \u00a0 \u00a0 \u00a0 \u00a0 \u00a0 \u00a0 \u00a0<\/span><\/li>\n<li class=\"p1\">Reporting of CSU staff,<\/li>\n<li class=\"p1\">Daily, monthly and annual reports can be made at the Sterilization Center,<span class=\"Apple-converted-space\">\u00a0<\/span><\/li>\n<li class=\"p1\">Remote Program Support<\/li>\n<\/ul>\n<h4><span style=\"font-size: 18px; color: #55c5c4;\"><strong>ADVANTAGES<\/strong><\/span><\/h4>\n<ul>\n<li class=\"p1\">If you are using this system, you will not be nervous about that the system is not suitable for you, because this system is flexible and your organization&#8217;s system can be integrated.<\/li>\n<li class=\"p1\">If you are using this system, you can easily manage all your appliances.<\/li>\n<li class=\"p1\">If you are using this system,you can easily follow all ther sterilization periods.<\/li>\n<li class=\"p1\">If you are using this system, you can easily walk through the quality management of sterilization department.<\/li>\n<\/ul>\n<p>&nbsp;<\/p>\n","protected":false},"excerpt":{"rendered":"<p>STERILIZATION TRACKING AND DOCUMENTATION SYSTEM With SterilNet Barcode System; Each instrument can be coded and reliably tracked with these codes, Tool encoding offers you unparalleled transparency and security in tool preparation, An ID card for each device is created. SterilNET software allows you to use this system in all instrument management and as comprehensive as<\/p>\n","protected":false},"author":2,"featured_media":0,"parent":0,"menu_order":0,"comment_status":"closed","ping_status":"closed","template":"","meta":{"footnotes":""},"class_list":["post-6750","page","type-page","status-publish","hentry"],"yoast_head":"<!-- This site is optimized with the Yoast SEO plugin v24.1 - https:\/\/yoast.com\/wordpress\/plugins\/seo\/ -->\n<title>STER\u0130LNET - Eryi\u011fit Medical Devices Inc.<\/title>\n<meta name=\"description\" content=\"All of your existing tools can be saved and marked with the SterileNET Barcode system in the Healthcare Organization. With this coding system, you can monitor all the processes of the instruments in your establishment and follow all stages of sterilization.\" \/>\n<meta name=\"robots\" content=\"index, follow, max-snippet:-1, max-image-preview:large, max-video-preview:-1\" \/>\n<link rel=\"canonical\" href=\"https:\/\/www.eryigit.com.tr\/en\/sterilnet-documentation-system\/\" \/>\n<meta name=\"twitter:label1\" content=\"Est. reading time\" \/>\n\t<meta name=\"twitter:data1\" content=\"2 minutes\" \/>\n<script type=\"application\/ld+json\" class=\"yoast-schema-graph\">{\"@context\":\"https:\/\/schema.org\",\"@graph\":[{\"@type\":\"WebPage\",\"@id\":\"https:\/\/www.eryigit.com.tr\/en\/sterilnet-documentation-system\/\",\"url\":\"https:\/\/www.eryigit.com.tr\/en\/sterilnet-documentation-system\/\",\"name\":\"STER\u0130LNET - Eryi\u011fit Medical Devices Inc.\",\"isPartOf\":{\"@id\":\"https:\/\/www.eryigit.com.tr\/#website\"},\"primaryImageOfPage\":{\"@id\":\"https:\/\/www.eryigit.com.tr\/en\/sterilnet-documentation-system\/#primaryimage\"},\"image\":{\"@id\":\"https:\/\/www.eryigit.com.tr\/en\/sterilnet-documentation-system\/#primaryimage\"},\"thumbnailUrl\":\"http:\/\/www.eryigit.com.tr\/wp-content\/uploads\/steril-net-300x206.jpg\",\"datePublished\":\"2018-03-23T06:54:41+00:00\",\"dateModified\":\"2018-04-21T15:35:20+00:00\",\"description\":\"All of your existing tools can be saved and marked with the SterileNET Barcode system in the Healthcare Organization. With this coding system, you can monitor all the processes of the instruments in your establishment and follow all stages of sterilization.\",\"breadcrumb\":{\"@id\":\"https:\/\/www.eryigit.com.tr\/en\/sterilnet-documentation-system\/#breadcrumb\"},\"inLanguage\":\"en-US\",\"potentialAction\":[{\"@type\":\"ReadAction\",\"target\":[\"https:\/\/www.eryigit.com.tr\/en\/sterilnet-documentation-system\/\"]}]},{\"@type\":\"ImageObject\",\"inLanguage\":\"en-US\",\"@id\":\"https:\/\/www.eryigit.com.tr\/en\/sterilnet-documentation-system\/#primaryimage\",\"url\":\"http:\/\/www.eryigit.com.tr\/wp-content\/uploads\/steril-net-300x206.jpg\",\"contentUrl\":\"http:\/\/www.eryigit.com.tr\/wp-content\/uploads\/steril-net-300x206.jpg\"},{\"@type\":\"BreadcrumbList\",\"@id\":\"https:\/\/www.eryigit.com.tr\/en\/sterilnet-documentation-system\/#breadcrumb\",\"itemListElement\":[{\"@type\":\"ListItem\",\"position\":1,\"name\":\"Ana sayfa\",\"item\":\"https:\/\/www.eryigit.com.tr\/en\/\"},{\"@type\":\"ListItem\",\"position\":2,\"name\":\"STER\u0130LNET\"}]},{\"@type\":\"WebSite\",\"@id\":\"https:\/\/www.eryigit.com.tr\/#website\",\"url\":\"https:\/\/www.eryigit.com.tr\/\",\"name\":\"Eryi\u011fit T\u0131bbi Cihazlar&amp;Biyoteknoloji\",\"description\":\"Eryi\u011fit T\u0131bbi Cihazlar&amp;Biyoteknoloji \u2013 Technologies for Life\",\"publisher\":{\"@id\":\"https:\/\/www.eryigit.com.tr\/#organization\"},\"potentialAction\":[{\"@type\":\"SearchAction\",\"target\":{\"@type\":\"EntryPoint\",\"urlTemplate\":\"https:\/\/www.eryigit.com.tr\/?s={search_term_string}\"},\"query-input\":{\"@type\":\"PropertyValueSpecification\",\"valueRequired\":true,\"valueName\":\"search_term_string\"}}],\"inLanguage\":\"en-US\"},{\"@type\":\"Organization\",\"@id\":\"https:\/\/www.eryigit.com.tr\/#organization\",\"name\":\"Eryi\u011fit T\u0131bbi Cihazlar A.\u015e.\",\"url\":\"https:\/\/www.eryigit.com.tr\/\",\"logo\":{\"@type\":\"ImageObject\",\"inLanguage\":\"en-US\",\"@id\":\"https:\/\/www.eryigit.com.tr\/#\/schema\/logo\/image\/\",\"url\":\"https:\/\/www.eryigit.com.tr\/wp-content\/uploads\/eryigit-logo.jpg\",\"contentUrl\":\"https:\/\/www.eryigit.com.tr\/wp-content\/uploads\/eryigit-logo.jpg\",\"width\":168,\"height\":49,\"caption\":\"Eryi\u011fit T\u0131bbi Cihazlar A.\u015e.\"},\"image\":{\"@id\":\"https:\/\/www.eryigit.com.tr\/#\/schema\/logo\/image\/\"},\"sameAs\":[\"https:\/\/www.facebook.com\/eryigitmedical\/\",\"https:\/\/www.instagram.com\/eryigitmedical\/\",\"https:\/\/www.linkedin.com\/company\/eryi\u011fit-t\u0131bbi-cihazlar-\/\",\"https:\/\/www.youtube.com\/channel\/UCMaYrhKIcluSWpTNjQJw2Gw\"]}]}<\/script>\n<!-- \/ Yoast SEO plugin. -->","yoast_head_json":{"title":"STER\u0130LNET - Eryi\u011fit Medical Devices Inc.","description":"All of your existing tools can be saved and marked with the SterileNET Barcode system in the Healthcare Organization. With this coding system, you can monitor all the processes of the instruments in your establishment and follow all stages of sterilization.","robots":{"index":"index","follow":"follow","max-snippet":"max-snippet:-1","max-image-preview":"max-image-preview:large","max-video-preview":"max-video-preview:-1"},"canonical":"https:\/\/www.eryigit.com.tr\/en\/sterilnet-documentation-system\/","twitter_misc":{"Est. reading time":"2 minutes"},"schema":{"@context":"https:\/\/schema.org","@graph":[{"@type":"WebPage","@id":"https:\/\/www.eryigit.com.tr\/en\/sterilnet-documentation-system\/","url":"https:\/\/www.eryigit.com.tr\/en\/sterilnet-documentation-system\/","name":"STER\u0130LNET - Eryi\u011fit Medical Devices Inc.","isPartOf":{"@id":"https:\/\/www.eryigit.com.tr\/#website"},"primaryImageOfPage":{"@id":"https:\/\/www.eryigit.com.tr\/en\/sterilnet-documentation-system\/#primaryimage"},"image":{"@id":"https:\/\/www.eryigit.com.tr\/en\/sterilnet-documentation-system\/#primaryimage"},"thumbnailUrl":"http:\/\/www.eryigit.com.tr\/wp-content\/uploads\/steril-net-300x206.jpg","datePublished":"2018-03-23T06:54:41+00:00","dateModified":"2018-04-21T15:35:20+00:00","description":"All of your existing tools can be saved and marked with the SterileNET Barcode system in the Healthcare Organization. With this coding system, you can monitor all the processes of the instruments in your establishment and follow all stages of sterilization.","breadcrumb":{"@id":"https:\/\/www.eryigit.com.tr\/en\/sterilnet-documentation-system\/#breadcrumb"},"inLanguage":"en-US","potentialAction":[{"@type":"ReadAction","target":["https:\/\/www.eryigit.com.tr\/en\/sterilnet-documentation-system\/"]}]},{"@type":"ImageObject","inLanguage":"en-US","@id":"https:\/\/www.eryigit.com.tr\/en\/sterilnet-documentation-system\/#primaryimage","url":"http:\/\/www.eryigit.com.tr\/wp-content\/uploads\/steril-net-300x206.jpg","contentUrl":"http:\/\/www.eryigit.com.tr\/wp-content\/uploads\/steril-net-300x206.jpg"},{"@type":"BreadcrumbList","@id":"https:\/\/www.eryigit.com.tr\/en\/sterilnet-documentation-system\/#breadcrumb","itemListElement":[{"@type":"ListItem","position":1,"name":"Ana sayfa","item":"https:\/\/www.eryigit.com.tr\/en\/"},{"@type":"ListItem","position":2,"name":"STER\u0130LNET"}]},{"@type":"WebSite","@id":"https:\/\/www.eryigit.com.tr\/#website","url":"https:\/\/www.eryigit.com.tr\/","name":"Eryi\u011fit T\u0131bbi Cihazlar&amp;Biyoteknoloji","description":"Eryi\u011fit T\u0131bbi Cihazlar&amp;Biyoteknoloji \u2013 Technologies for Life","publisher":{"@id":"https:\/\/www.eryigit.com.tr\/#organization"},"potentialAction":[{"@type":"SearchAction","target":{"@type":"EntryPoint","urlTemplate":"https:\/\/www.eryigit.com.tr\/?s={search_term_string}"},"query-input":{"@type":"PropertyValueSpecification","valueRequired":true,"valueName":"search_term_string"}}],"inLanguage":"en-US"},{"@type":"Organization","@id":"https:\/\/www.eryigit.com.tr\/#organization","name":"Eryi\u011fit T\u0131bbi Cihazlar A.\u015e.","url":"https:\/\/www.eryigit.com.tr\/","logo":{"@type":"ImageObject","inLanguage":"en-US","@id":"https:\/\/www.eryigit.com.tr\/#\/schema\/logo\/image\/","url":"https:\/\/www.eryigit.com.tr\/wp-content\/uploads\/eryigit-logo.jpg","contentUrl":"https:\/\/www.eryigit.com.tr\/wp-content\/uploads\/eryigit-logo.jpg","width":168,"height":49,"caption":"Eryi\u011fit T\u0131bbi Cihazlar A.\u015e."},"image":{"@id":"https:\/\/www.eryigit.com.tr\/#\/schema\/logo\/image\/"},"sameAs":["https:\/\/www.facebook.com\/eryigitmedical\/","https:\/\/www.instagram.com\/eryigitmedical\/","https:\/\/www.linkedin.com\/company\/eryi\u011fit-t\u0131bbi-cihazlar-\/","https:\/\/www.youtube.com\/channel\/UCMaYrhKIcluSWpTNjQJw2Gw"]}]}},"_links":{"self":[{"href":"https:\/\/www.eryigit.com.tr\/en\/wp-json\/wp\/v2\/pages\/6750","targetHints":{"allow":["GET"]}}],"collection":[{"href":"https:\/\/www.eryigit.com.tr\/en\/wp-json\/wp\/v2\/pages"}],"about":[{"href":"https:\/\/www.eryigit.com.tr\/en\/wp-json\/wp\/v2\/types\/page"}],"author":[{"embeddable":true,"href":"https:\/\/www.eryigit.com.tr\/en\/wp-json\/wp\/v2\/users\/2"}],"replies":[{"embeddable":true,"href":"https:\/\/www.eryigit.com.tr\/en\/wp-json\/wp\/v2\/comments?post=6750"}],"version-history":[{"count":0,"href":"https:\/\/www.eryigit.com.tr\/en\/wp-json\/wp\/v2\/pages\/6750\/revisions"}],"wp:attachment":[{"href":"https:\/\/www.eryigit.com.tr\/en\/wp-json\/wp\/v2\/media?parent=6750"}],"curies":[{"name":"wp","href":"https:\/\/api.w.org\/{rel}","templated":true}]}}