{"id":13681,"date":"2022-03-24T15:13:02","date_gmt":"2022-03-24T12:13:02","guid":{"rendered":"https:\/\/www.eryigit.com.tr\/distributorship-inquiry-form\/"},"modified":"2025-02-06T16:40:46","modified_gmt":"2025-02-06T13:40:46","slug":"distributorship-inquiry-form","status":"publish","type":"page","link":"https:\/\/www.eryigit.com.tr\/es\/distributorship-inquiry-form\/","title":{"rendered":"FORMULARIO DE CONSULTA PARA DISTRIBUIDORES"},"content":{"rendered":"\n\n<div class=\"wpforms-container wpforms-container-full wpforms-block\" id=\"wpforms-13642\"><form id=\"wpforms-form-13642\" class=\"wpforms-validate wpforms-form wpforms-ajax-form\" data-formid=\"13642\" method=\"post\" enctype=\"multipart\/form-data\" action=\"\/es\/wp-json\/wp\/v2\/pages\/13681\" data-token=\"a63c2151de3af0c974b7efb7ca4c1ff6\" data-token-time=\"1776748768\"><noscript class=\"wpforms-error-noscript\">Por favor, activa JavaScript en tu navegador para completar este formulario.<\/noscript><div class=\"wpforms-field-container\"><div id=\"wpforms-13642-field_1-container\" class=\"wpforms-field wpforms-field-text\" data-field-id=\"1\"><label class=\"wpforms-field-label\" for=\"wpforms-13642-field_1\">a. Company Name <span class=\"wpforms-required-label\">*<\/span><\/label><input type=\"text\" id=\"wpforms-13642-field_1\" class=\"wpforms-field-small wpforms-field-required\" name=\"wpforms[fields][1]\" required><div class=\"wpforms-field-description\">1.\tCompany Information <\/div><\/div><div id=\"wpforms-13642-field_3-container\" class=\"wpforms-field wpforms-field-text\" data-field-id=\"3\"><label class=\"wpforms-field-label\" for=\"wpforms-13642-field_3\">b. Address<\/label><input type=\"text\" id=\"wpforms-13642-field_3\" class=\"wpforms-field-medium\" name=\"wpforms[fields][3]\" ><\/div><div id=\"wpforms-13642-field_5-container\" class=\"wpforms-field wpforms-field-text\" data-field-id=\"5\"><label class=\"wpforms-field-label\" for=\"wpforms-13642-field_5\">c. Tax ID Number and registered Tax Office<\/label><input type=\"text\" id=\"wpforms-13642-field_5\" class=\"wpforms-field-medium\" name=\"wpforms[fields][5]\" ><\/div><div id=\"wpforms-13642-field_4-container\" class=\"wpforms-field wpforms-field-text\" data-field-id=\"4\"><label class=\"wpforms-field-label\" for=\"wpforms-13642-field_4\">d. Trade Registry Chamber and Number<\/label><input type=\"text\" id=\"wpforms-13642-field_4\" class=\"wpforms-field-medium\" name=\"wpforms[fields][4]\" ><\/div><div id=\"wpforms-13642-field_6-container\" class=\"wpforms-field wpforms-field-text\" data-field-id=\"6\"><label class=\"wpforms-field-label\" for=\"wpforms-13642-field_6\">e. Banks Name and City<\/label><input type=\"text\" id=\"wpforms-13642-field_6\" class=\"wpforms-field-medium\" name=\"wpforms[fields][6]\" ><\/div><div id=\"wpforms-13642-field_7-container\" class=\"wpforms-field wpforms-field-number\" data-field-id=\"7\"><label class=\"wpforms-field-label\" for=\"wpforms-13642-field_7\">f. Phone Number <span class=\"wpforms-required-label\">*<\/span><\/label><input type=\"number\" id=\"wpforms-13642-field_7\" class=\"wpforms-field-small wpforms-field-required\" name=\"wpforms[fields][7]\" step=\"any\" required><\/div><div id=\"wpforms-13642-field_2-container\" class=\"wpforms-field wpforms-field-email\" data-field-id=\"2\"><label class=\"wpforms-field-label\" for=\"wpforms-13642-field_2\">g. Email <span class=\"wpforms-required-label\">*<\/span><\/label><input type=\"email\" id=\"wpforms-13642-field_2\" class=\"wpforms-field-small wpforms-field-required\" name=\"wpforms[fields][2]\" spellcheck=\"false\" required><\/div><div id=\"wpforms-13642-field_8-container\" class=\"wpforms-field wpforms-field-text\" data-field-id=\"8\"><label class=\"wpforms-field-label\" for=\"wpforms-13642-field_8\">h. Web Site<\/label><input type=\"text\" id=\"wpforms-13642-field_8\" class=\"wpforms-field-small\" name=\"wpforms[fields][8]\" ><\/div><div id=\"wpforms-13642-field_9-container\" class=\"wpforms-field wpforms-field-text\" data-field-id=\"9\"><label class=\"wpforms-field-label\" for=\"wpforms-13642-field_9\">i. Courier Name<\/label><input type=\"text\" id=\"wpforms-13642-field_9\" class=\"wpforms-field-medium\" name=\"wpforms[fields][9]\" ><\/div><div id=\"wpforms-13642-field_22-container\" class=\"wpforms-field wpforms-field-text\" data-field-id=\"22\"><label class=\"wpforms-field-label\" for=\"wpforms-13642-field_22\">j. Courier Account No<\/label><input type=\"text\" id=\"wpforms-13642-field_22\" class=\"wpforms-field-medium\" name=\"wpforms[fields][22]\" ><\/div><div id=\"wpforms-13642-field_11-container\" class=\"wpforms-field wpforms-field-name\" data-field-id=\"11\"><label class=\"wpforms-field-label\">a. Sales \/ Marketing Representative Name <span class=\"wpforms-required-label\">*<\/span><\/label><div class=\"wpforms-field-row wpforms-field-medium\"><div class=\"wpforms-field-row-block wpforms-first wpforms-one-half\"><input type=\"text\" id=\"wpforms-13642-field_11\" class=\"wpforms-field-name-first wpforms-field-required\" name=\"wpforms[fields][11][first]\" required><label for=\"wpforms-13642-field_11\" class=\"wpforms-field-sublabel after\">Nombre<\/label><\/div><div class=\"wpforms-field-row-block wpforms-one-half\"><input type=\"text\" id=\"wpforms-13642-field_11-last\" class=\"wpforms-field-name-last wpforms-field-required\" name=\"wpforms[fields][11][last]\" required><label for=\"wpforms-13642-field_11-last\" class=\"wpforms-field-sublabel after\">Apellidos<\/label><\/div><\/div><div class=\"wpforms-field-description\">2.\tContact Information<\/div><\/div><div id=\"wpforms-13642-field_10-container\" class=\"wpforms-field wpforms-field-text\" data-field-id=\"10\"><label class=\"wpforms-field-label\" for=\"wpforms-13642-field_10\">b. Mobile Number <span class=\"wpforms-required-label\">*<\/span><\/label><input type=\"text\" id=\"wpforms-13642-field_10\" class=\"wpforms-field-medium wpforms-field-required\" name=\"wpforms[fields][10]\" required><\/div><div id=\"wpforms-13642-field_12-container\" class=\"wpforms-field wpforms-field-email\" data-field-id=\"12\"><label class=\"wpforms-field-label\" for=\"wpforms-13642-field_12\">c. Email <span class=\"wpforms-required-label\">*<\/span><\/label><input type=\"email\" id=\"wpforms-13642-field_12\" class=\"wpforms-field-medium wpforms-field-required\" name=\"wpforms[fields][12]\" spellcheck=\"false\" required><\/div><div id=\"wpforms-13642-field_16-container\" class=\"wpforms-field wpforms-field-text\" data-field-id=\"16\"><label class=\"wpforms-field-label\" for=\"wpforms-13642-field_16\">a. Brief Profile<\/label><input type=\"text\" id=\"wpforms-13642-field_16\" class=\"wpforms-field-medium\" name=\"wpforms[fields][16]\" ><div class=\"wpforms-field-description\">3.Company Profile &#038; Financial Information<\/div><\/div><div id=\"wpforms-13642-field_17-container\" class=\"wpforms-field wpforms-field-text\" data-field-id=\"17\"><label class=\"wpforms-field-label\" for=\"wpforms-13642-field_17\">b.\tWork Experience <\/label><input type=\"text\" id=\"wpforms-13642-field_17\" class=\"wpforms-field-medium\" name=\"wpforms[fields][17]\" ><\/div><div id=\"wpforms-13642-field_19-container\" class=\"wpforms-field wpforms-field-text\" data-field-id=\"19\"><label class=\"wpforms-field-label\" for=\"wpforms-13642-field_19\">c.\tAnnual Turnover in the Balance Sheet for Last Three Years (please specify currency)<\/label><input type=\"text\" id=\"wpforms-13642-field_19\" class=\"wpforms-field-medium\" name=\"wpforms[fields][19]\" ><\/div><div id=\"wpforms-13642-field_18-container\" class=\"wpforms-field wpforms-field-text\" data-field-id=\"18\"><label class=\"wpforms-field-label\" for=\"wpforms-13642-field_18\">d. Paid in Capital<\/label><input type=\"text\" id=\"wpforms-13642-field_18\" class=\"wpforms-field-medium\" name=\"wpforms[fields][18]\" ><\/div><div id=\"wpforms-13642-field_20-container\" class=\"wpforms-field wpforms-field-text\" data-field-id=\"20\"><label class=\"wpforms-field-label\" for=\"wpforms-13642-field_20\">a. Represented Brands (please specify exclusivity, region if any)<\/label><input type=\"text\" id=\"wpforms-13642-field_20\" class=\"wpforms-field-medium\" name=\"wpforms[fields][20]\" ><div class=\"wpforms-field-description\">4. Representation<\/div><\/div><div id=\"wpforms-13642-field_21-container\" class=\"wpforms-field wpforms-field-text\" data-field-id=\"21\"><label class=\"wpforms-field-label\" for=\"wpforms-13642-field_21\">b. Represented Turkish Companies (please specify exclusivity, region if any)<\/label><input type=\"text\" id=\"wpforms-13642-field_21\" class=\"wpforms-field-medium\" name=\"wpforms[fields][21]\" ><\/div><div id=\"wpforms-13642-field_23-container\" class=\"wpforms-field wpforms-field-text\" data-field-id=\"23\"><label class=\"wpforms-field-label\" for=\"wpforms-13642-field_23\">a.\tTotal Number of Staff<\/label><input type=\"text\" id=\"wpforms-13642-field_23\" class=\"wpforms-field-medium\" name=\"wpforms[fields][23]\" ><div class=\"wpforms-field-description\">5.\tEmployees &#038; Offices<\/div><\/div><div id=\"wpforms-13642-field_26-container\" class=\"wpforms-field wpforms-field-text\" data-field-id=\"26\"><label class=\"wpforms-field-label\" for=\"wpforms-13642-field_26\">b.\tNumber of Administrative Staff\t<\/label><input type=\"text\" id=\"wpforms-13642-field_26\" class=\"wpforms-field-medium\" name=\"wpforms[fields][26]\" ><\/div><div id=\"wpforms-13642-field_24-container\" class=\"wpforms-field wpforms-field-text\" data-field-id=\"24\"><label class=\"wpforms-field-label\" for=\"wpforms-13642-field_24\">c.\tNumber of Technical Service Staff<\/label><input type=\"text\" id=\"wpforms-13642-field_24\" class=\"wpforms-field-medium\" name=\"wpforms[fields][24]\" ><\/div><div id=\"wpforms-13642-field_25-container\" class=\"wpforms-field wpforms-field-text\" data-field-id=\"25\"><label class=\"wpforms-field-label\" for=\"wpforms-13642-field_25\">d.\tNumber of Offices (including Headquarter)<\/label><input type=\"text\" id=\"wpforms-13642-field_25\" class=\"wpforms-field-medium\" name=\"wpforms[fields][25]\" ><\/div><div id=\"wpforms-13642-field_28-container\" class=\"wpforms-field wpforms-field-textarea\" data-field-id=\"28\"><label class=\"wpforms-field-label\" for=\"wpforms-13642-field_28\">Please specify the services you provide<\/label><textarea id=\"wpforms-13642-field_28\" class=\"wpforms-field-medium\" name=\"wpforms[fields][28]\" ><\/textarea><div class=\"wpforms-field-description\">6.\tAfter Sale Services <\/div><\/div><div id=\"wpforms-13642-field_29-container\" class=\"wpforms-field wpforms-field-textarea\" data-field-id=\"29\"><label class=\"wpforms-field-label\" for=\"wpforms-13642-field_29\">Please give brief market status in your region\/country<\/label><textarea id=\"wpforms-13642-field_29\" class=\"wpforms-field-medium\" name=\"wpforms[fields][29]\" ><\/textarea><div class=\"wpforms-field-description\">7.\tMarketing, Sales &#038; Promotional Activities<\/div><\/div><div id=\"wpforms-13642-field_31-container\" class=\"wpforms-field wpforms-field-textarea\" data-field-id=\"31\"><label class=\"wpforms-field-label\" for=\"wpforms-13642-field_31\">Please specify preferred date and time<\/label><textarea id=\"wpforms-13642-field_31\" class=\"wpforms-field-medium\" name=\"wpforms[fields][31]\" ><\/textarea><div class=\"wpforms-field-description\">8.\tRequest for online meeting with Eryigit Sales Team  <\/div><\/div><div id=\"wpforms-13642-field_33-container\" class=\"wpforms-field wpforms-field-checkbox\" data-field-id=\"33\"><label class=\"wpforms-field-label\">Documents to Send<\/label><ul id=\"wpforms-13642-field_33\"><li class=\"choice-1 depth-1\"><input type=\"checkbox\" id=\"wpforms-13642-field_33_1\" name=\"wpforms[fields][33][]\" value=\"Commercial Registry Document\"  ><label class=\"wpforms-field-label-inline\" for=\"wpforms-13642-field_33_1\">Commercial Registry Document<\/label><\/li><li class=\"choice-2 depth-1\"><input type=\"checkbox\" id=\"wpforms-13642-field_33_2\" name=\"wpforms[fields][33][]\" value=\"Circular of Signature Document\"  ><label class=\"wpforms-field-label-inline\" for=\"wpforms-13642-field_33_2\">Circular of Signature Document<\/label><\/li><\/ul><\/div><div id=\"wpforms-13642-field_34-container\" class=\"wpforms-field wpforms-field-text\" data-field-id=\"34\"><label class=\"wpforms-field-label\" for=\"wpforms-13642-field_34\">Other Documents (Please Specify)<\/label><input type=\"text\" id=\"wpforms-13642-field_34\" class=\"wpforms-field-medium\" name=\"wpforms[fields][34]\" ><\/div><div id=\"wpforms-13642-field_35-container\" class=\"wpforms-field wpforms-field-checkbox\" data-field-id=\"35\"><label class=\"wpforms-field-label\">Check <span class=\"wpforms-required-label\">*<\/span><\/label><ul id=\"wpforms-13642-field_35\" class=\"wpforms-field-required\"><li class=\"choice-1 depth-1\"><input type=\"checkbox\" id=\"wpforms-13642-field_35_1\" name=\"wpforms[fields][35][]\" value=\"I sent documents above to sales@eryigit.com.tr\" required ><label class=\"wpforms-field-label-inline\" for=\"wpforms-13642-field_35_1\">I sent documents above to sales@eryigit.com.tr<\/label><\/li><\/ul><\/div><div id=\"wpforms-13642-field_32-container\" class=\"wpforms-field wpforms-field-checkbox\" data-field-id=\"32\"><label class=\"wpforms-field-label\">Check <span class=\"wpforms-required-label\">*<\/span><\/label><ul id=\"wpforms-13642-field_32\" class=\"wpforms-field-required\"><li class=\"choice-3 depth-1\"><input type=\"checkbox\" id=\"wpforms-13642-field_32_3\" name=\"wpforms[fields][32][]\" value=\"I confirm that the information given above is correct.\" required ><label class=\"wpforms-field-label-inline\" for=\"wpforms-13642-field_32_3\">I confirm that the information given above is correct.<\/label><\/li><\/ul><\/div><\/div><!-- .wpforms-field-container --><div class=\"wpforms-submit-container\" ><input type=\"hidden\" name=\"wpforms[id]\" value=\"13642\"><input type=\"hidden\" name=\"page_title\" value=\"\"><input type=\"hidden\" name=\"page_url\" value=\"https:\/\/www.eryigit.com.tr\/es\/wp-json\/wp\/v2\/pages\/13681\"><input type=\"hidden\" name=\"url_referer\" value=\"\"><button type=\"submit\" name=\"wpforms[submit]\" id=\"wpforms-submit-13642\" class=\"wpforms-submit\" data-alt-text=\"Sending...\" data-submit-text=\"Submit\" aria-live=\"assertive\" value=\"wpforms-submit\">Submit<\/button><img loading=\"lazy\" decoding=\"async\" src=\"https:\/\/www.eryigit.com.tr\/wp-content\/plugins\/wpforms-lite\/assets\/images\/submit-spin.svg\" class=\"wpforms-submit-spinner\" style=\"display: none;\" width=\"26\" height=\"26\" alt=\"Cargando\"><\/div><\/form><\/div>  <!-- .wpforms-container -->","protected":false},"excerpt":{"rendered":"","protected":false},"author":2,"featured_media":0,"parent":0,"menu_order":0,"comment_status":"closed","ping_status":"closed","template":"","meta":{"footnotes":""},"class_list":["post-13681","page","type-page","status-publish","hentry"],"yoast_head":"<!-- This site is optimized with the Yoast SEO plugin v24.1 - https:\/\/yoast.com\/wordpress\/plugins\/seo\/ -->\n<title>FORMULARIO DE CONSULTA PARA DISTRIBUIDORES | Eryi\u011fit T\u0131bbi Cihazlar&amp;Biyoteknoloji<\/title>\n<meta name=\"robots\" content=\"index, follow, max-snippet:-1, max-image-preview:large, max-video-preview:-1\" \/>\n<link rel=\"canonical\" href=\"https:\/\/www.eryigit.com.tr\/es\/distributorship-inquiry-form\/\" \/>\n<script type=\"application\/ld+json\" class=\"yoast-schema-graph\">{\"@context\":\"https:\/\/schema.org\",\"@graph\":[{\"@type\":\"WebPage\",\"@id\":\"https:\/\/www.eryigit.com.tr\/es\/distributorship-inquiry-form\/\",\"url\":\"https:\/\/www.eryigit.com.tr\/es\/distributorship-inquiry-form\/\",\"name\":\"FORMULARIO DE CONSULTA PARA DISTRIBUIDORES | Eryi\u011fit T\u0131bbi Cihazlar&amp;Biyoteknoloji\",\"isPartOf\":{\"@id\":\"https:\/\/www.eryigit.com.tr\/#website\"},\"datePublished\":\"2022-03-24T12:13:02+00:00\",\"dateModified\":\"2025-02-06T13:40:46+00:00\",\"breadcrumb\":{\"@id\":\"https:\/\/www.eryigit.com.tr\/es\/distributorship-inquiry-form\/#breadcrumb\"},\"inLanguage\":\"es\",\"potentialAction\":[{\"@type\":\"ReadAction\",\"target\":[\"https:\/\/www.eryigit.com.tr\/es\/distributorship-inquiry-form\/\"]}]},{\"@type\":\"BreadcrumbList\",\"@id\":\"https:\/\/www.eryigit.com.tr\/es\/distributorship-inquiry-form\/#breadcrumb\",\"itemListElement\":[{\"@type\":\"ListItem\",\"position\":1,\"name\":\"Ana sayfa\",\"item\":\"https:\/\/www.eryigit.com.tr\/es\/ana-sayfa\/\"},{\"@type\":\"ListItem\",\"position\":2,\"name\":\"FORMULARIO DE CONSULTA PARA DISTRIBUIDORES\"}]},{\"@type\":\"WebSite\",\"@id\":\"https:\/\/www.eryigit.com.tr\/#website\",\"url\":\"https:\/\/www.eryigit.com.tr\/\",\"name\":\"Eryi\u011fit T\u0131bbi Cihazlar&amp;Biyoteknoloji\",\"description\":\"Eryi\u011fit T\u0131bbi Cihazlar&amp;Biyoteknoloji \u2013 Technologies for Life\",\"publisher\":{\"@id\":\"https:\/\/www.eryigit.com.tr\/#organization\"},\"potentialAction\":[{\"@type\":\"SearchAction\",\"target\":{\"@type\":\"EntryPoint\",\"urlTemplate\":\"https:\/\/www.eryigit.com.tr\/?s={search_term_string}\"},\"query-input\":{\"@type\":\"PropertyValueSpecification\",\"valueRequired\":true,\"valueName\":\"search_term_string\"}}],\"inLanguage\":\"es\"},{\"@type\":\"Organization\",\"@id\":\"https:\/\/www.eryigit.com.tr\/#organization\",\"name\":\"Eryi\u011fit T\u0131bbi Cihazlar A.\u015e.\",\"url\":\"https:\/\/www.eryigit.com.tr\/\",\"logo\":{\"@type\":\"ImageObject\",\"inLanguage\":\"es\",\"@id\":\"https:\/\/www.eryigit.com.tr\/#\/schema\/logo\/image\/\",\"url\":\"https:\/\/www.eryigit.com.tr\/wp-content\/uploads\/eryigit-logo.jpg\",\"contentUrl\":\"https:\/\/www.eryigit.com.tr\/wp-content\/uploads\/eryigit-logo.jpg\",\"width\":168,\"height\":49,\"caption\":\"Eryi\u011fit T\u0131bbi Cihazlar A.\u015e.\"},\"image\":{\"@id\":\"https:\/\/www.eryigit.com.tr\/#\/schema\/logo\/image\/\"},\"sameAs\":[\"https:\/\/www.facebook.com\/eryigitmedical\/\",\"https:\/\/www.instagram.com\/eryigitmedical\/\",\"https:\/\/www.linkedin.com\/company\/eryi\u011fit-t\u0131bbi-cihazlar-\/\",\"https:\/\/www.youtube.com\/channel\/UCMaYrhKIcluSWpTNjQJw2Gw\"]}]}<\/script>\n<!-- \/ Yoast SEO plugin. -->","yoast_head_json":{"title":"FORMULARIO DE CONSULTA PARA DISTRIBUIDORES | Eryi\u011fit T\u0131bbi Cihazlar&amp;Biyoteknoloji","robots":{"index":"index","follow":"follow","max-snippet":"max-snippet:-1","max-image-preview":"max-image-preview:large","max-video-preview":"max-video-preview:-1"},"canonical":"https:\/\/www.eryigit.com.tr\/es\/distributorship-inquiry-form\/","schema":{"@context":"https:\/\/schema.org","@graph":[{"@type":"WebPage","@id":"https:\/\/www.eryigit.com.tr\/es\/distributorship-inquiry-form\/","url":"https:\/\/www.eryigit.com.tr\/es\/distributorship-inquiry-form\/","name":"FORMULARIO DE CONSULTA PARA DISTRIBUIDORES | Eryi\u011fit T\u0131bbi Cihazlar&amp;Biyoteknoloji","isPartOf":{"@id":"https:\/\/www.eryigit.com.tr\/#website"},"datePublished":"2022-03-24T12:13:02+00:00","dateModified":"2025-02-06T13:40:46+00:00","breadcrumb":{"@id":"https:\/\/www.eryigit.com.tr\/es\/distributorship-inquiry-form\/#breadcrumb"},"inLanguage":"es","potentialAction":[{"@type":"ReadAction","target":["https:\/\/www.eryigit.com.tr\/es\/distributorship-inquiry-form\/"]}]},{"@type":"BreadcrumbList","@id":"https:\/\/www.eryigit.com.tr\/es\/distributorship-inquiry-form\/#breadcrumb","itemListElement":[{"@type":"ListItem","position":1,"name":"Ana sayfa","item":"https:\/\/www.eryigit.com.tr\/es\/ana-sayfa\/"},{"@type":"ListItem","position":2,"name":"FORMULARIO DE CONSULTA PARA DISTRIBUIDORES"}]},{"@type":"WebSite","@id":"https:\/\/www.eryigit.com.tr\/#website","url":"https:\/\/www.eryigit.com.tr\/","name":"Eryi\u011fit T\u0131bbi Cihazlar&amp;Biyoteknoloji","description":"Eryi\u011fit T\u0131bbi Cihazlar&amp;Biyoteknoloji \u2013 Technologies for Life","publisher":{"@id":"https:\/\/www.eryigit.com.tr\/#organization"},"potentialAction":[{"@type":"SearchAction","target":{"@type":"EntryPoint","urlTemplate":"https:\/\/www.eryigit.com.tr\/?s={search_term_string}"},"query-input":{"@type":"PropertyValueSpecification","valueRequired":true,"valueName":"search_term_string"}}],"inLanguage":"es"},{"@type":"Organization","@id":"https:\/\/www.eryigit.com.tr\/#organization","name":"Eryi\u011fit T\u0131bbi Cihazlar A.\u015e.","url":"https:\/\/www.eryigit.com.tr\/","logo":{"@type":"ImageObject","inLanguage":"es","@id":"https:\/\/www.eryigit.com.tr\/#\/schema\/logo\/image\/","url":"https:\/\/www.eryigit.com.tr\/wp-content\/uploads\/eryigit-logo.jpg","contentUrl":"https:\/\/www.eryigit.com.tr\/wp-content\/uploads\/eryigit-logo.jpg","width":168,"height":49,"caption":"Eryi\u011fit T\u0131bbi Cihazlar A.\u015e."},"image":{"@id":"https:\/\/www.eryigit.com.tr\/#\/schema\/logo\/image\/"},"sameAs":["https:\/\/www.facebook.com\/eryigitmedical\/","https:\/\/www.instagram.com\/eryigitmedical\/","https:\/\/www.linkedin.com\/company\/eryi\u011fit-t\u0131bbi-cihazlar-\/","https:\/\/www.youtube.com\/channel\/UCMaYrhKIcluSWpTNjQJw2Gw"]}]}},"_links":{"self":[{"href":"https:\/\/www.eryigit.com.tr\/es\/wp-json\/wp\/v2\/pages\/13681","targetHints":{"allow":["GET"]}}],"collection":[{"href":"https:\/\/www.eryigit.com.tr\/es\/wp-json\/wp\/v2\/pages"}],"about":[{"href":"https:\/\/www.eryigit.com.tr\/es\/wp-json\/wp\/v2\/types\/page"}],"author":[{"embeddable":true,"href":"https:\/\/www.eryigit.com.tr\/es\/wp-json\/wp\/v2\/users\/2"}],"replies":[{"embeddable":true,"href":"https:\/\/www.eryigit.com.tr\/es\/wp-json\/wp\/v2\/comments?post=13681"}],"version-history":[{"count":1,"href":"https:\/\/www.eryigit.com.tr\/es\/wp-json\/wp\/v2\/pages\/13681\/revisions"}],"predecessor-version":[{"id":18602,"href":"https:\/\/www.eryigit.com.tr\/es\/wp-json\/wp\/v2\/pages\/13681\/revisions\/18602"}],"wp:attachment":[{"href":"https:\/\/www.eryigit.com.tr\/es\/wp-json\/wp\/v2\/media?parent=13681"}],"curies":[{"name":"wp","href":"https:\/\/api.w.org\/{rel}","templated":true}]}}