{"id":18609,"date":"2025-02-06T17:05:49","date_gmt":"2025-02-06T14:05:49","guid":{"rendered":"https:\/\/www.eryigit.com.tr\/vista-tridimensional-del-peroxido-de-hidrogeno-h2o2\/"},"modified":"2025-02-06T17:05:49","modified_gmt":"2025-02-06T14:05:49","slug":"vista-tridimensional-del-peroxido-de-hidrogeno-h2o2","status":"publish","type":"page","link":"https:\/\/www.eryigit.com.tr\/es\/vista-tridimensional-del-peroxido-de-hidrogeno-h2o2\/","title":{"rendered":"Vista tridimensional del per\u00f3xido de hidr\u00f3geno (H2O2)"},"content":{"rendered":"<div class=\"modelo-wrapper\">\n<p>&nbsp;<\/p>\n<p>&nbsp;<\/p>\n<div style=\"width: 100%; padding-bottom: 56.25%; position: relative;\">\n<div style=\"position: absolute; top: 0; bottom: 0; left: 0; right: 0;\"><iframe style=\"width: 100%; height: 100%;\" src=\"https:\/\/app.modelo.io\/embedded\/Fp4SKqWig9?viewport=false&amp;autoplay=true&amp;c_at0=1.405209217006369&amp;c_at1=1.9073837883775115&amp;c_at2=3.1838832094148977&amp;c_theta=10.554887143782139&amp;c_phi=0.2312329251994324&amp;c_dis=16.679648901967834\" frameborder=\"0\" allowfullscreen=\"allowfullscreen\"><\/iframe><\/div>\n<\/div>\n<\/div>\n<p>&nbsp;<\/p>\n","protected":false},"excerpt":{"rendered":"<p>&nbsp; &nbsp; &nbsp;<\/p>\n","protected":false},"author":5,"featured_media":0,"parent":0,"menu_order":0,"comment_status":"closed","ping_status":"closed","template":"","meta":{"footnotes":""},"class_list":["post-18609","page","type-page","status-publish","hentry"],"yoast_head":"<!-- This site is optimized with the Yoast SEO plugin v24.1 - https:\/\/yoast.com\/wordpress\/plugins\/seo\/ -->\n<title>Vista tridimensional del per\u00f3xido de hidr\u00f3geno (H2O2) | Eryi\u011fit T\u0131bbi Cihazlar&amp;Biyoteknoloji<\/title>\n<meta name=\"robots\" content=\"index, follow, max-snippet:-1, max-image-preview:large, max-video-preview:-1\" \/>\n<link rel=\"canonical\" href=\"https:\/\/www.eryigit.com.tr\/vista-tridimensional-del-peroxido-de-hidrogeno-h2o2\/\" \/>\n<script type=\"application\/ld+json\" class=\"yoast-schema-graph\">{\"@context\":\"https:\/\/schema.org\",\"@graph\":[{\"@type\":\"WebPage\",\"@id\":\"https:\/\/www.eryigit.com.tr\/vista-tridimensional-del-peroxido-de-hidrogeno-h2o2\/\",\"url\":\"https:\/\/www.eryigit.com.tr\/vista-tridimensional-del-peroxido-de-hidrogeno-h2o2\/\",\"name\":\"Vista tridimensional del per\u00f3xido de hidr\u00f3geno (H2O2) | Eryi\u011fit T\u0131bbi Cihazlar&amp;Biyoteknoloji\",\"isPartOf\":{\"@id\":\"https:\/\/www.eryigit.com.tr\/#website\"},\"datePublished\":\"2025-02-06T14:05:49+00:00\",\"dateModified\":\"2025-02-06T14:05:49+00:00\",\"breadcrumb\":{\"@id\":\"https:\/\/www.eryigit.com.tr\/vista-tridimensional-del-peroxido-de-hidrogeno-h2o2\/#breadcrumb\"},\"inLanguage\":\"es\",\"potentialAction\":[{\"@type\":\"ReadAction\",\"target\":[\"https:\/\/www.eryigit.com.tr\/vista-tridimensional-del-peroxido-de-hidrogeno-h2o2\/\"]}]},{\"@type\":\"BreadcrumbList\",\"@id\":\"https:\/\/www.eryigit.com.tr\/vista-tridimensional-del-peroxido-de-hidrogeno-h2o2\/#breadcrumb\",\"itemListElement\":[{\"@type\":\"ListItem\",\"position\":1,\"name\":\"Ana sayfa\",\"item\":\"https:\/\/www.eryigit.com.tr\/es\/ana-sayfa\/\"},{\"@type\":\"ListItem\",\"position\":2,\"name\":\"Vista tridimensional del per\u00f3xido de hidr\u00f3geno (H2O2)\"}]},{\"@type\":\"WebSite\",\"@id\":\"https:\/\/www.eryigit.com.tr\/#website\",\"url\":\"https:\/\/www.eryigit.com.tr\/\",\"name\":\"Eryi\u011fit T\u0131bbi Cihazlar&amp;Biyoteknoloji\",\"description\":\"Eryi\u011fit T\u0131bbi Cihazlar&amp;Biyoteknoloji \u2013 Technologies for Life\",\"publisher\":{\"@id\":\"https:\/\/www.eryigit.com.tr\/#organization\"},\"potentialAction\":[{\"@type\":\"SearchAction\",\"target\":{\"@type\":\"EntryPoint\",\"urlTemplate\":\"https:\/\/www.eryigit.com.tr\/?s={search_term_string}\"},\"query-input\":{\"@type\":\"PropertyValueSpecification\",\"valueRequired\":true,\"valueName\":\"search_term_string\"}}],\"inLanguage\":\"es\"},{\"@type\":\"Organization\",\"@id\":\"https:\/\/www.eryigit.com.tr\/#organization\",\"name\":\"Eryi\u011fit T\u0131bbi Cihazlar A.\u015e.\",\"url\":\"https:\/\/www.eryigit.com.tr\/\",\"logo\":{\"@type\":\"ImageObject\",\"inLanguage\":\"es\",\"@id\":\"https:\/\/www.eryigit.com.tr\/#\/schema\/logo\/image\/\",\"url\":\"https:\/\/www.eryigit.com.tr\/wp-content\/uploads\/eryigit-logo.jpg\",\"contentUrl\":\"https:\/\/www.eryigit.com.tr\/wp-content\/uploads\/eryigit-logo.jpg\",\"width\":168,\"height\":49,\"caption\":\"Eryi\u011fit T\u0131bbi Cihazlar A.\u015e.\"},\"image\":{\"@id\":\"https:\/\/www.eryigit.com.tr\/#\/schema\/logo\/image\/\"},\"sameAs\":[\"https:\/\/www.facebook.com\/eryigitmedical\/\",\"https:\/\/www.instagram.com\/eryigitmedical\/\",\"https:\/\/www.linkedin.com\/company\/eryi\u011fit-t\u0131bbi-cihazlar-\/\",\"https:\/\/www.youtube.com\/channel\/UCMaYrhKIcluSWpTNjQJw2Gw\"]}]}<\/script>\n<!-- \/ Yoast SEO plugin. -->","yoast_head_json":{"title":"Vista tridimensional del per\u00f3xido de hidr\u00f3geno (H2O2) | Eryi\u011fit T\u0131bbi Cihazlar&amp;Biyoteknoloji","robots":{"index":"index","follow":"follow","max-snippet":"max-snippet:-1","max-image-preview":"max-image-preview:large","max-video-preview":"max-video-preview:-1"},"canonical":"https:\/\/www.eryigit.com.tr\/vista-tridimensional-del-peroxido-de-hidrogeno-h2o2\/","schema":{"@context":"https:\/\/schema.org","@graph":[{"@type":"WebPage","@id":"https:\/\/www.eryigit.com.tr\/vista-tridimensional-del-peroxido-de-hidrogeno-h2o2\/","url":"https:\/\/www.eryigit.com.tr\/vista-tridimensional-del-peroxido-de-hidrogeno-h2o2\/","name":"Vista tridimensional del per\u00f3xido de hidr\u00f3geno (H2O2) | Eryi\u011fit T\u0131bbi Cihazlar&amp;Biyoteknoloji","isPartOf":{"@id":"https:\/\/www.eryigit.com.tr\/#website"},"datePublished":"2025-02-06T14:05:49+00:00","dateModified":"2025-02-06T14:05:49+00:00","breadcrumb":{"@id":"https:\/\/www.eryigit.com.tr\/vista-tridimensional-del-peroxido-de-hidrogeno-h2o2\/#breadcrumb"},"inLanguage":"es","potentialAction":[{"@type":"ReadAction","target":["https:\/\/www.eryigit.com.tr\/vista-tridimensional-del-peroxido-de-hidrogeno-h2o2\/"]}]},{"@type":"BreadcrumbList","@id":"https:\/\/www.eryigit.com.tr\/vista-tridimensional-del-peroxido-de-hidrogeno-h2o2\/#breadcrumb","itemListElement":[{"@type":"ListItem","position":1,"name":"Ana sayfa","item":"https:\/\/www.eryigit.com.tr\/es\/ana-sayfa\/"},{"@type":"ListItem","position":2,"name":"Vista tridimensional del per\u00f3xido de hidr\u00f3geno (H2O2)"}]},{"@type":"WebSite","@id":"https:\/\/www.eryigit.com.tr\/#website","url":"https:\/\/www.eryigit.com.tr\/","name":"Eryi\u011fit T\u0131bbi Cihazlar&amp;Biyoteknoloji","description":"Eryi\u011fit T\u0131bbi Cihazlar&amp;Biyoteknoloji \u2013 Technologies for Life","publisher":{"@id":"https:\/\/www.eryigit.com.tr\/#organization"},"potentialAction":[{"@type":"SearchAction","target":{"@type":"EntryPoint","urlTemplate":"https:\/\/www.eryigit.com.tr\/?s={search_term_string}"},"query-input":{"@type":"PropertyValueSpecification","valueRequired":true,"valueName":"search_term_string"}}],"inLanguage":"es"},{"@type":"Organization","@id":"https:\/\/www.eryigit.com.tr\/#organization","name":"Eryi\u011fit T\u0131bbi Cihazlar A.\u015e.","url":"https:\/\/www.eryigit.com.tr\/","logo":{"@type":"ImageObject","inLanguage":"es","@id":"https:\/\/www.eryigit.com.tr\/#\/schema\/logo\/image\/","url":"https:\/\/www.eryigit.com.tr\/wp-content\/uploads\/eryigit-logo.jpg","contentUrl":"https:\/\/www.eryigit.com.tr\/wp-content\/uploads\/eryigit-logo.jpg","width":168,"height":49,"caption":"Eryi\u011fit T\u0131bbi Cihazlar A.\u015e."},"image":{"@id":"https:\/\/www.eryigit.com.tr\/#\/schema\/logo\/image\/"},"sameAs":["https:\/\/www.facebook.com\/eryigitmedical\/","https:\/\/www.instagram.com\/eryigitmedical\/","https:\/\/www.linkedin.com\/company\/eryi\u011fit-t\u0131bbi-cihazlar-\/","https:\/\/www.youtube.com\/channel\/UCMaYrhKIcluSWpTNjQJw2Gw"]}]}},"_links":{"self":[{"href":"https:\/\/www.eryigit.com.tr\/es\/wp-json\/wp\/v2\/pages\/18609","targetHints":{"allow":["GET"]}}],"collection":[{"href":"https:\/\/www.eryigit.com.tr\/es\/wp-json\/wp\/v2\/pages"}],"about":[{"href":"https:\/\/www.eryigit.com.tr\/es\/wp-json\/wp\/v2\/types\/page"}],"author":[{"embeddable":true,"href":"https:\/\/www.eryigit.com.tr\/es\/wp-json\/wp\/v2\/users\/5"}],"replies":[{"embeddable":true,"href":"https:\/\/www.eryigit.com.tr\/es\/wp-json\/wp\/v2\/comments?post=18609"}],"version-history":[{"count":0,"href":"https:\/\/www.eryigit.com.tr\/es\/wp-json\/wp\/v2\/pages\/18609\/revisions"}],"wp:attachment":[{"href":"https:\/\/www.eryigit.com.tr\/es\/wp-json\/wp\/v2\/media?parent=18609"}],"curies":[{"name":"wp","href":"https:\/\/api.w.org\/{rel}","templated":true}]}}