{"id":7539,"date":"2018-03-23T08:38:00","date_gmt":"2018-03-23T06:38:00","guid":{"rendered":"https:\/\/www.eryigit.com.tr\/we-fight-against-drugs-addiction\/"},"modified":"2018-05-23T16:23:41","modified_gmt":"2018-05-23T13:23:41","slug":"luchamos-contra-la-adiccion-a-las-drogas","status":"publish","type":"page","link":"https:\/\/www.eryigit.com.tr\/es\/luchamos-contra-la-adiccion-a-las-drogas\/","title":{"rendered":"Luchamos contra la adicci\u00f3n a las drogas"},"content":{"rendered":"<p>Eryi\u011fit ve la lucha contra las drogas como un deber de responsabilidad social, tiene como objetivo concienciar a los j\u00f3venes y sus familias sobre la \u00abadicci\u00f3n\u00bb, que es uno de los mayores problemas de nuestro pa\u00eds y del mundo entero. Eryigit Medical Devices ha sido pionero en el establecimiento de la Asociaci\u00f3n Internacional Contra el Abuso de Sustancias (<a href=\"http:\/\/www.umudder.org\" target=\"_blank\" rel=\"noopener\">UMUDDER<\/a>) para este prop\u00f3sito.<\/p>\n<p class=\"p1\">UMUDDER aprueba positivamente la cooperaci\u00f3n con instituciones p\u00fablicas, universidades, gobiernos locales y organizaciones no gubernamentales para una lucha efectiva y adictiva. UMUDDER apoya investigaciones cient\u00edficas, estudios y proyectos para eliminar factores de riesgo, y tiene actividades informativas para los ciudadanos.<\/p>\n","protected":false},"excerpt":{"rendered":"<p>Eryi\u011fit ve la lucha contra las drogas como un deber de responsabilidad social, tiene como objetivo concienciar a los j\u00f3venes y sus familias sobre la \u00abadicci\u00f3n\u00bb, que es uno de los mayores problemas de nuestro pa\u00eds y del mundo entero. Eryigit Medical Devices ha sido pionero en el establecimiento de la Asociaci\u00f3n Internacional Contra el<\/p>\n","protected":false},"author":2,"featured_media":0,"parent":0,"menu_order":0,"comment_status":"closed","ping_status":"closed","template":"","meta":{"footnotes":""},"class_list":["post-7539","page","type-page","status-publish","hentry"],"yoast_head":"<!-- This site is optimized with the Yoast SEO plugin v24.1 - https:\/\/yoast.com\/wordpress\/plugins\/seo\/ -->\n<title>We Fight Against Drugs Addiction - Eryi\u011fit Medical Devices Inc.<\/title>\n<meta name=\"description\" content=\"Eryi\u011fit, who sees the struggle with drugs as a duty of social responsibility, aims to raise awareness of young people and their families on \u201cdrug addiction\u201d, which is one of the biggest problems of our country as well as the whole world.\" \/>\n<meta name=\"robots\" content=\"index, follow, max-snippet:-1, max-image-preview:large, max-video-preview:-1\" \/>\n<link rel=\"canonical\" href=\"https:\/\/www.eryigit.com.tr\/es\/luchamos-contra-la-adiccion-a-las-drogas\/\" \/>\n<meta name=\"twitter:label1\" content=\"Tiempo de lectura\" \/>\n\t<meta name=\"twitter:data1\" content=\"1 minuto\" \/>\n<script type=\"application\/ld+json\" class=\"yoast-schema-graph\">{\"@context\":\"https:\/\/schema.org\",\"@graph\":[{\"@type\":\"WebPage\",\"@id\":\"https:\/\/www.eryigit.com.tr\/es\/luchamos-contra-la-adiccion-a-las-drogas\/\",\"url\":\"https:\/\/www.eryigit.com.tr\/es\/luchamos-contra-la-adiccion-a-las-drogas\/\",\"name\":\"We Fight Against Drugs Addiction - Eryi\u011fit Medical Devices Inc.\",\"isPartOf\":{\"@id\":\"https:\/\/www.eryigit.com.tr\/#website\"},\"datePublished\":\"2018-03-23T06:38:00+00:00\",\"dateModified\":\"2018-05-23T13:23:41+00:00\",\"description\":\"Eryi\u011fit, who sees the struggle with drugs as a duty of social responsibility, aims to raise awareness of young people and their families on \u201cdrug addiction\u201d, which is one of the biggest problems of our country as well as the whole world.\",\"breadcrumb\":{\"@id\":\"https:\/\/www.eryigit.com.tr\/es\/luchamos-contra-la-adiccion-a-las-drogas\/#breadcrumb\"},\"inLanguage\":\"es\",\"potentialAction\":[{\"@type\":\"ReadAction\",\"target\":[\"https:\/\/www.eryigit.com.tr\/es\/luchamos-contra-la-adiccion-a-las-drogas\/\"]}]},{\"@type\":\"BreadcrumbList\",\"@id\":\"https:\/\/www.eryigit.com.tr\/es\/luchamos-contra-la-adiccion-a-las-drogas\/#breadcrumb\",\"itemListElement\":[{\"@type\":\"ListItem\",\"position\":1,\"name\":\"Ana sayfa\",\"item\":\"https:\/\/www.eryigit.com.tr\/es\/ana-sayfa\/\"},{\"@type\":\"ListItem\",\"position\":2,\"name\":\"Luchamos contra la adicci\u00f3n a las drogas\"}]},{\"@type\":\"WebSite\",\"@id\":\"https:\/\/www.eryigit.com.tr\/#website\",\"url\":\"https:\/\/www.eryigit.com.tr\/\",\"name\":\"Eryi\u011fit T\u0131bbi Cihazlar&amp;Biyoteknoloji\",\"description\":\"Eryi\u011fit T\u0131bbi Cihazlar&amp;Biyoteknoloji \u2013 Technologies for Life\",\"publisher\":{\"@id\":\"https:\/\/www.eryigit.com.tr\/#organization\"},\"potentialAction\":[{\"@type\":\"SearchAction\",\"target\":{\"@type\":\"EntryPoint\",\"urlTemplate\":\"https:\/\/www.eryigit.com.tr\/?s={search_term_string}\"},\"query-input\":{\"@type\":\"PropertyValueSpecification\",\"valueRequired\":true,\"valueName\":\"search_term_string\"}}],\"inLanguage\":\"es\"},{\"@type\":\"Organization\",\"@id\":\"https:\/\/www.eryigit.com.tr\/#organization\",\"name\":\"Eryi\u011fit T\u0131bbi Cihazlar A.\u015e.\",\"url\":\"https:\/\/www.eryigit.com.tr\/\",\"logo\":{\"@type\":\"ImageObject\",\"inLanguage\":\"es\",\"@id\":\"https:\/\/www.eryigit.com.tr\/#\/schema\/logo\/image\/\",\"url\":\"https:\/\/www.eryigit.com.tr\/wp-content\/uploads\/eryigit-logo.jpg\",\"contentUrl\":\"https:\/\/www.eryigit.com.tr\/wp-content\/uploads\/eryigit-logo.jpg\",\"width\":168,\"height\":49,\"caption\":\"Eryi\u011fit T\u0131bbi Cihazlar A.\u015e.\"},\"image\":{\"@id\":\"https:\/\/www.eryigit.com.tr\/#\/schema\/logo\/image\/\"},\"sameAs\":[\"https:\/\/www.facebook.com\/eryigitmedical\/\",\"https:\/\/www.instagram.com\/eryigitmedical\/\",\"https:\/\/www.linkedin.com\/company\/eryi\u011fit-t\u0131bbi-cihazlar-\/\",\"https:\/\/www.youtube.com\/channel\/UCMaYrhKIcluSWpTNjQJw2Gw\"]}]}<\/script>\n<!-- \/ Yoast SEO plugin. -->","yoast_head_json":{"title":"We Fight Against Drugs Addiction - Eryi\u011fit Medical Devices Inc.","description":"Eryi\u011fit, who sees the struggle with drugs as a duty of social responsibility, aims to raise awareness of young people and their families on \u201cdrug addiction\u201d, which is one of the biggest problems of our country as well as the whole world.","robots":{"index":"index","follow":"follow","max-snippet":"max-snippet:-1","max-image-preview":"max-image-preview:large","max-video-preview":"max-video-preview:-1"},"canonical":"https:\/\/www.eryigit.com.tr\/es\/luchamos-contra-la-adiccion-a-las-drogas\/","twitter_misc":{"Tiempo de lectura":"1 minuto"},"schema":{"@context":"https:\/\/schema.org","@graph":[{"@type":"WebPage","@id":"https:\/\/www.eryigit.com.tr\/es\/luchamos-contra-la-adiccion-a-las-drogas\/","url":"https:\/\/www.eryigit.com.tr\/es\/luchamos-contra-la-adiccion-a-las-drogas\/","name":"We Fight Against Drugs Addiction - Eryi\u011fit Medical Devices Inc.","isPartOf":{"@id":"https:\/\/www.eryigit.com.tr\/#website"},"datePublished":"2018-03-23T06:38:00+00:00","dateModified":"2018-05-23T13:23:41+00:00","description":"Eryi\u011fit, who sees the struggle with drugs as a duty of social responsibility, aims to raise awareness of young people and their families on \u201cdrug addiction\u201d, which is one of the biggest problems of our country as well as the whole world.","breadcrumb":{"@id":"https:\/\/www.eryigit.com.tr\/es\/luchamos-contra-la-adiccion-a-las-drogas\/#breadcrumb"},"inLanguage":"es","potentialAction":[{"@type":"ReadAction","target":["https:\/\/www.eryigit.com.tr\/es\/luchamos-contra-la-adiccion-a-las-drogas\/"]}]},{"@type":"BreadcrumbList","@id":"https:\/\/www.eryigit.com.tr\/es\/luchamos-contra-la-adiccion-a-las-drogas\/#breadcrumb","itemListElement":[{"@type":"ListItem","position":1,"name":"Ana sayfa","item":"https:\/\/www.eryigit.com.tr\/es\/ana-sayfa\/"},{"@type":"ListItem","position":2,"name":"Luchamos contra la adicci\u00f3n a las drogas"}]},{"@type":"WebSite","@id":"https:\/\/www.eryigit.com.tr\/#website","url":"https:\/\/www.eryigit.com.tr\/","name":"Eryi\u011fit T\u0131bbi Cihazlar&amp;Biyoteknoloji","description":"Eryi\u011fit T\u0131bbi Cihazlar&amp;Biyoteknoloji \u2013 Technologies for Life","publisher":{"@id":"https:\/\/www.eryigit.com.tr\/#organization"},"potentialAction":[{"@type":"SearchAction","target":{"@type":"EntryPoint","urlTemplate":"https:\/\/www.eryigit.com.tr\/?s={search_term_string}"},"query-input":{"@type":"PropertyValueSpecification","valueRequired":true,"valueName":"search_term_string"}}],"inLanguage":"es"},{"@type":"Organization","@id":"https:\/\/www.eryigit.com.tr\/#organization","name":"Eryi\u011fit T\u0131bbi Cihazlar A.\u015e.","url":"https:\/\/www.eryigit.com.tr\/","logo":{"@type":"ImageObject","inLanguage":"es","@id":"https:\/\/www.eryigit.com.tr\/#\/schema\/logo\/image\/","url":"https:\/\/www.eryigit.com.tr\/wp-content\/uploads\/eryigit-logo.jpg","contentUrl":"https:\/\/www.eryigit.com.tr\/wp-content\/uploads\/eryigit-logo.jpg","width":168,"height":49,"caption":"Eryi\u011fit T\u0131bbi Cihazlar A.\u015e."},"image":{"@id":"https:\/\/www.eryigit.com.tr\/#\/schema\/logo\/image\/"},"sameAs":["https:\/\/www.facebook.com\/eryigitmedical\/","https:\/\/www.instagram.com\/eryigitmedical\/","https:\/\/www.linkedin.com\/company\/eryi\u011fit-t\u0131bbi-cihazlar-\/","https:\/\/www.youtube.com\/channel\/UCMaYrhKIcluSWpTNjQJw2Gw"]}]}},"_links":{"self":[{"href":"https:\/\/www.eryigit.com.tr\/es\/wp-json\/wp\/v2\/pages\/7539","targetHints":{"allow":["GET"]}}],"collection":[{"href":"https:\/\/www.eryigit.com.tr\/es\/wp-json\/wp\/v2\/pages"}],"about":[{"href":"https:\/\/www.eryigit.com.tr\/es\/wp-json\/wp\/v2\/types\/page"}],"author":[{"embeddable":true,"href":"https:\/\/www.eryigit.com.tr\/es\/wp-json\/wp\/v2\/users\/2"}],"replies":[{"embeddable":true,"href":"https:\/\/www.eryigit.com.tr\/es\/wp-json\/wp\/v2\/comments?post=7539"}],"version-history":[{"count":0,"href":"https:\/\/www.eryigit.com.tr\/es\/wp-json\/wp\/v2\/pages\/7539\/revisions"}],"wp:attachment":[{"href":"https:\/\/www.eryigit.com.tr\/es\/wp-json\/wp\/v2\/media?parent=7539"}],"curies":[{"name":"wp","href":"https:\/\/api.w.org\/{rel}","templated":true}]}}