{"id":7147,"date":"2018-03-25T00:04:47","date_gmt":"2018-03-24T21:04:47","guid":{"rendered":"https:\/\/www.eryigit.com.tr\/produits\/gynecological-urology-obstetric-tables\/"},"modified":"2022-08-03T17:07:14","modified_gmt":"2022-08-03T14:07:14","slug":"tables-de-gynecologie-et-durologie","status":"publish","type":"page","link":"https:\/\/www.eryigit.com.tr\/fr\/produits\/tables-de-gynecologie-et-durologie\/","title":{"rendered":"Table d&rsquo;examen de gyn\u00e9cologie, Tables d&rsquo;urologie et d&rsquo;obst\u00e9trique"},"content":{"rendered":"","protected":false},"excerpt":{"rendered":"","protected":false},"author":2,"featured_media":0,"parent":7132,"menu_order":0,"comment_status":"closed","ping_status":"closed","template":"","meta":{"footnotes":""},"class_list":["post-7147","page","type-page","status-publish","hentry"],"yoast_head":"<!-- This site is optimized with the Yoast SEO plugin v24.1 - https:\/\/yoast.com\/wordpress\/plugins\/seo\/ -->\n<title>Table d&#039;examen - Table d&#039;examen gyn\u00e9cologique | Dispositifs M\u00e9dicaux Eryi\u011fit Inc.<\/title>\n<meta name=\"description\" content=\"Les tables d&#039;examen de marque Eryi\u011fit sont con\u00e7ues comme des tables d&#039;examen mod\u00e8les goldberg et str et ont \u00e9t\u00e9 d\u00e9velopp\u00e9es pour une utilisation confortable.\" \/>\n<meta name=\"robots\" content=\"index, follow, max-snippet:-1, max-image-preview:large, max-video-preview:-1\" \/>\n<link rel=\"canonical\" href=\"https:\/\/www.eryigit.com.tr\/fr\/produits\/tables-de-gynecologie-et-durologie\/\" \/>\n<script type=\"application\/ld+json\" class=\"yoast-schema-graph\">{\"@context\":\"https:\/\/schema.org\",\"@graph\":[{\"@type\":\"WebPage\",\"@id\":\"https:\/\/www.eryigit.com.tr\/fr\/produits\/tables-de-gynecologie-et-durologie\/\",\"url\":\"https:\/\/www.eryigit.com.tr\/fr\/produits\/tables-de-gynecologie-et-durologie\/\",\"name\":\"Table d'examen - Table d'examen gyn\u00e9cologique | Dispositifs M\u00e9dicaux Eryi\u011fit Inc.\",\"isPartOf\":{\"@id\":\"https:\/\/www.eryigit.com.tr\/#website\"},\"datePublished\":\"2018-03-24T21:04:47+00:00\",\"dateModified\":\"2022-08-03T14:07:14+00:00\",\"description\":\"Les tables d'examen de marque Eryi\u011fit sont con\u00e7ues comme des tables d'examen mod\u00e8les goldberg et str et ont \u00e9t\u00e9 d\u00e9velopp\u00e9es pour une utilisation confortable.\",\"breadcrumb\":{\"@id\":\"https:\/\/www.eryigit.com.tr\/fr\/produits\/tables-de-gynecologie-et-durologie\/#breadcrumb\"},\"inLanguage\":\"fr-FR\",\"potentialAction\":[{\"@type\":\"ReadAction\",\"target\":[\"https:\/\/www.eryigit.com.tr\/fr\/produits\/tables-de-gynecologie-et-durologie\/\"]}]},{\"@type\":\"BreadcrumbList\",\"@id\":\"https:\/\/www.eryigit.com.tr\/fr\/produits\/tables-de-gynecologie-et-durologie\/#breadcrumb\",\"itemListElement\":[{\"@type\":\"ListItem\",\"position\":1,\"name\":\"Ana sayfa\",\"item\":\"https:\/\/www.eryigit.com.tr\/fr\/\"},{\"@type\":\"ListItem\",\"position\":2,\"name\":\"Produits\",\"item\":\"https:\/\/www.eryigit.com.tr\/fr\/produits\/\"},{\"@type\":\"ListItem\",\"position\":3,\"name\":\"Table d&rsquo;examen de gyn\u00e9cologie, Tables d&rsquo;urologie et d&rsquo;obst\u00e9trique\"}]},{\"@type\":\"WebSite\",\"@id\":\"https:\/\/www.eryigit.com.tr\/#website\",\"url\":\"https:\/\/www.eryigit.com.tr\/\",\"name\":\"Eryi\u011fit T\u0131bbi Cihazlar&amp;Biyoteknoloji\",\"description\":\"Eryi\u011fit T\u0131bbi Cihazlar&amp;Biyoteknoloji \u2013 Technologies for Life\",\"publisher\":{\"@id\":\"https:\/\/www.eryigit.com.tr\/#organization\"},\"potentialAction\":[{\"@type\":\"SearchAction\",\"target\":{\"@type\":\"EntryPoint\",\"urlTemplate\":\"https:\/\/www.eryigit.com.tr\/?s={search_term_string}\"},\"query-input\":{\"@type\":\"PropertyValueSpecification\",\"valueRequired\":true,\"valueName\":\"search_term_string\"}}],\"inLanguage\":\"fr-FR\"},{\"@type\":\"Organization\",\"@id\":\"https:\/\/www.eryigit.com.tr\/#organization\",\"name\":\"Eryi\u011fit T\u0131bbi Cihazlar A.\u015e.\",\"url\":\"https:\/\/www.eryigit.com.tr\/\",\"logo\":{\"@type\":\"ImageObject\",\"inLanguage\":\"fr-FR\",\"@id\":\"https:\/\/www.eryigit.com.tr\/#\/schema\/logo\/image\/\",\"url\":\"https:\/\/www.eryigit.com.tr\/wp-content\/uploads\/eryigit-logo.jpg\",\"contentUrl\":\"https:\/\/www.eryigit.com.tr\/wp-content\/uploads\/eryigit-logo.jpg\",\"width\":168,\"height\":49,\"caption\":\"Eryi\u011fit T\u0131bbi Cihazlar A.\u015e.\"},\"image\":{\"@id\":\"https:\/\/www.eryigit.com.tr\/#\/schema\/logo\/image\/\"},\"sameAs\":[\"https:\/\/www.facebook.com\/eryigitmedical\/\",\"https:\/\/www.instagram.com\/eryigitmedical\/\",\"https:\/\/www.linkedin.com\/company\/eryi\u011fit-t\u0131bbi-cihazlar-\/\",\"https:\/\/www.youtube.com\/channel\/UCMaYrhKIcluSWpTNjQJw2Gw\"]}]}<\/script>\n<!-- \/ Yoast SEO plugin. -->","yoast_head_json":{"title":"Table d'examen - Table d'examen gyn\u00e9cologique | Dispositifs M\u00e9dicaux Eryi\u011fit Inc.","description":"Les tables d'examen de marque Eryi\u011fit sont con\u00e7ues comme des tables d'examen mod\u00e8les goldberg et str et ont \u00e9t\u00e9 d\u00e9velopp\u00e9es pour une utilisation confortable.","robots":{"index":"index","follow":"follow","max-snippet":"max-snippet:-1","max-image-preview":"max-image-preview:large","max-video-preview":"max-video-preview:-1"},"canonical":"https:\/\/www.eryigit.com.tr\/fr\/produits\/tables-de-gynecologie-et-durologie\/","schema":{"@context":"https:\/\/schema.org","@graph":[{"@type":"WebPage","@id":"https:\/\/www.eryigit.com.tr\/fr\/produits\/tables-de-gynecologie-et-durologie\/","url":"https:\/\/www.eryigit.com.tr\/fr\/produits\/tables-de-gynecologie-et-durologie\/","name":"Table d'examen - Table d'examen gyn\u00e9cologique | Dispositifs M\u00e9dicaux Eryi\u011fit Inc.","isPartOf":{"@id":"https:\/\/www.eryigit.com.tr\/#website"},"datePublished":"2018-03-24T21:04:47+00:00","dateModified":"2022-08-03T14:07:14+00:00","description":"Les tables d'examen de marque Eryi\u011fit sont con\u00e7ues comme des tables d'examen mod\u00e8les goldberg et str et ont \u00e9t\u00e9 d\u00e9velopp\u00e9es pour une utilisation confortable.","breadcrumb":{"@id":"https:\/\/www.eryigit.com.tr\/fr\/produits\/tables-de-gynecologie-et-durologie\/#breadcrumb"},"inLanguage":"fr-FR","potentialAction":[{"@type":"ReadAction","target":["https:\/\/www.eryigit.com.tr\/fr\/produits\/tables-de-gynecologie-et-durologie\/"]}]},{"@type":"BreadcrumbList","@id":"https:\/\/www.eryigit.com.tr\/fr\/produits\/tables-de-gynecologie-et-durologie\/#breadcrumb","itemListElement":[{"@type":"ListItem","position":1,"name":"Ana sayfa","item":"https:\/\/www.eryigit.com.tr\/fr\/"},{"@type":"ListItem","position":2,"name":"Produits","item":"https:\/\/www.eryigit.com.tr\/fr\/produits\/"},{"@type":"ListItem","position":3,"name":"Table d&rsquo;examen de gyn\u00e9cologie, Tables d&rsquo;urologie et d&rsquo;obst\u00e9trique"}]},{"@type":"WebSite","@id":"https:\/\/www.eryigit.com.tr\/#website","url":"https:\/\/www.eryigit.com.tr\/","name":"Eryi\u011fit T\u0131bbi Cihazlar&amp;Biyoteknoloji","description":"Eryi\u011fit T\u0131bbi Cihazlar&amp;Biyoteknoloji \u2013 Technologies for Life","publisher":{"@id":"https:\/\/www.eryigit.com.tr\/#organization"},"potentialAction":[{"@type":"SearchAction","target":{"@type":"EntryPoint","urlTemplate":"https:\/\/www.eryigit.com.tr\/?s={search_term_string}"},"query-input":{"@type":"PropertyValueSpecification","valueRequired":true,"valueName":"search_term_string"}}],"inLanguage":"fr-FR"},{"@type":"Organization","@id":"https:\/\/www.eryigit.com.tr\/#organization","name":"Eryi\u011fit T\u0131bbi Cihazlar A.\u015e.","url":"https:\/\/www.eryigit.com.tr\/","logo":{"@type":"ImageObject","inLanguage":"fr-FR","@id":"https:\/\/www.eryigit.com.tr\/#\/schema\/logo\/image\/","url":"https:\/\/www.eryigit.com.tr\/wp-content\/uploads\/eryigit-logo.jpg","contentUrl":"https:\/\/www.eryigit.com.tr\/wp-content\/uploads\/eryigit-logo.jpg","width":168,"height":49,"caption":"Eryi\u011fit T\u0131bbi Cihazlar A.\u015e."},"image":{"@id":"https:\/\/www.eryigit.com.tr\/#\/schema\/logo\/image\/"},"sameAs":["https:\/\/www.facebook.com\/eryigitmedical\/","https:\/\/www.instagram.com\/eryigitmedical\/","https:\/\/www.linkedin.com\/company\/eryi\u011fit-t\u0131bbi-cihazlar-\/","https:\/\/www.youtube.com\/channel\/UCMaYrhKIcluSWpTNjQJw2Gw"]}]}},"_links":{"self":[{"href":"https:\/\/www.eryigit.com.tr\/fr\/wp-json\/wp\/v2\/pages\/7147","targetHints":{"allow":["GET"]}}],"collection":[{"href":"https:\/\/www.eryigit.com.tr\/fr\/wp-json\/wp\/v2\/pages"}],"about":[{"href":"https:\/\/www.eryigit.com.tr\/fr\/wp-json\/wp\/v2\/types\/page"}],"author":[{"embeddable":true,"href":"https:\/\/www.eryigit.com.tr\/fr\/wp-json\/wp\/v2\/users\/2"}],"replies":[{"embeddable":true,"href":"https:\/\/www.eryigit.com.tr\/fr\/wp-json\/wp\/v2\/comments?post=7147"}],"version-history":[{"count":0,"href":"https:\/\/www.eryigit.com.tr\/fr\/wp-json\/wp\/v2\/pages\/7147\/revisions"}],"up":[{"embeddable":true,"href":"https:\/\/www.eryigit.com.tr\/fr\/wp-json\/wp\/v2\/pages\/7132"}],"wp:attachment":[{"href":"https:\/\/www.eryigit.com.tr\/fr\/wp-json\/wp\/v2\/media?parent=7147"}],"curies":[{"name":"wp","href":"https:\/\/api.w.org\/{rel}","templated":true}]}}