{"id":7153,"date":"2018-03-07T21:53:15","date_gmt":"2018-03-07T18:53:15","guid":{"rendered":"https:\/\/www.eryigit.com.tr\/produits\/plasma-sterilizers\/"},"modified":"2023-01-07T11:30:51","modified_gmt":"2023-01-07T08:30:51","slug":"sterilisateurs-a-plasma-a-gas-de-peroxyde-dhydrogene","status":"publish","type":"page","link":"https:\/\/www.eryigit.com.tr\/fr\/produits\/sterilisateurs-a-plasma-a-gas-de-peroxyde-dhydrogene\/","title":{"rendered":"St\u00e9rilisateurs \u00e0 plasma gazeux au peroxyde d&rsquo;hydrog\u00e8ne (H2O2)"},"content":{"rendered":"","protected":false},"excerpt":{"rendered":"","protected":false},"author":1,"featured_media":0,"parent":7132,"menu_order":0,"comment_status":"closed","ping_status":"closed","template":"","meta":{"footnotes":""},"class_list":["post-7153","page","type-page","status-publish","hentry"],"yoast_head":"<!-- This site is optimized with the Yoast SEO plugin v24.1 - https:\/\/yoast.com\/wordpress\/plugins\/seo\/ -->\n<title>St\u00e9rilisation au peroxyde d&#039;hydrog\u00e8ne - St\u00e9rilisation au plasma | Eryigit T\u0131bbi Cihazlar A\u015e<\/title>\n<meta name=\"description\" content=\"Nos st\u00e9rilisateurs \u00e0 plasma de peroxyde d&#039;hydrog\u00e8ne (H2O2) ont un grand volume interne, des options de cycles courts (45 minutes) et longs (70 minutes), ce qui permet d&#039;utiliser le syst\u00e8me rapidement et efficacement.\" \/>\n<meta name=\"robots\" content=\"index, follow, max-snippet:-1, max-image-preview:large, max-video-preview:-1\" \/>\n<link rel=\"canonical\" href=\"https:\/\/www.eryigit.com.tr\/fr\/produits\/sterilisateurs-a-plasma-a-gas-de-peroxyde-dhydrogene\/\" \/>\n<script type=\"application\/ld+json\" class=\"yoast-schema-graph\">{\"@context\":\"https:\/\/schema.org\",\"@graph\":[{\"@type\":\"WebPage\",\"@id\":\"https:\/\/www.eryigit.com.tr\/fr\/produits\/sterilisateurs-a-plasma-a-gas-de-peroxyde-dhydrogene\/\",\"url\":\"https:\/\/www.eryigit.com.tr\/fr\/produits\/sterilisateurs-a-plasma-a-gas-de-peroxyde-dhydrogene\/\",\"name\":\"St\u00e9rilisation au peroxyde d'hydrog\u00e8ne - St\u00e9rilisation au plasma | Eryigit T\u0131bbi Cihazlar A\u015e\",\"isPartOf\":{\"@id\":\"https:\/\/www.eryigit.com.tr\/#website\"},\"datePublished\":\"2018-03-07T18:53:15+00:00\",\"dateModified\":\"2023-01-07T08:30:51+00:00\",\"description\":\"Nos st\u00e9rilisateurs \u00e0 plasma de peroxyde d'hydrog\u00e8ne (H2O2) ont un grand volume interne, des options de cycles courts (45 minutes) et longs (70 minutes), ce qui permet d'utiliser le syst\u00e8me rapidement et efficacement.\",\"breadcrumb\":{\"@id\":\"https:\/\/www.eryigit.com.tr\/fr\/produits\/sterilisateurs-a-plasma-a-gas-de-peroxyde-dhydrogene\/#breadcrumb\"},\"inLanguage\":\"fr-FR\",\"potentialAction\":[{\"@type\":\"ReadAction\",\"target\":[\"https:\/\/www.eryigit.com.tr\/fr\/produits\/sterilisateurs-a-plasma-a-gas-de-peroxyde-dhydrogene\/\"]}]},{\"@type\":\"BreadcrumbList\",\"@id\":\"https:\/\/www.eryigit.com.tr\/fr\/produits\/sterilisateurs-a-plasma-a-gas-de-peroxyde-dhydrogene\/#breadcrumb\",\"itemListElement\":[{\"@type\":\"ListItem\",\"position\":1,\"name\":\"Ana sayfa\",\"item\":\"https:\/\/www.eryigit.com.tr\/fr\/\"},{\"@type\":\"ListItem\",\"position\":2,\"name\":\"Produits\",\"item\":\"https:\/\/www.eryigit.com.tr\/fr\/produits\/\"},{\"@type\":\"ListItem\",\"position\":3,\"name\":\"St\u00e9rilisateurs \u00e0 plasma gazeux au peroxyde d&rsquo;hydrog\u00e8ne (H2O2)\"}]},{\"@type\":\"WebSite\",\"@id\":\"https:\/\/www.eryigit.com.tr\/#website\",\"url\":\"https:\/\/www.eryigit.com.tr\/\",\"name\":\"Eryi\u011fit T\u0131bbi Cihazlar&amp;Biyoteknoloji\",\"description\":\"Eryi\u011fit T\u0131bbi Cihazlar&amp;Biyoteknoloji \u2013 Technologies for Life\",\"publisher\":{\"@id\":\"https:\/\/www.eryigit.com.tr\/#organization\"},\"potentialAction\":[{\"@type\":\"SearchAction\",\"target\":{\"@type\":\"EntryPoint\",\"urlTemplate\":\"https:\/\/www.eryigit.com.tr\/?s={search_term_string}\"},\"query-input\":{\"@type\":\"PropertyValueSpecification\",\"valueRequired\":true,\"valueName\":\"search_term_string\"}}],\"inLanguage\":\"fr-FR\"},{\"@type\":\"Organization\",\"@id\":\"https:\/\/www.eryigit.com.tr\/#organization\",\"name\":\"Eryi\u011fit T\u0131bbi Cihazlar A.\u015e.\",\"url\":\"https:\/\/www.eryigit.com.tr\/\",\"logo\":{\"@type\":\"ImageObject\",\"inLanguage\":\"fr-FR\",\"@id\":\"https:\/\/www.eryigit.com.tr\/#\/schema\/logo\/image\/\",\"url\":\"https:\/\/www.eryigit.com.tr\/wp-content\/uploads\/eryigit-logo.jpg\",\"contentUrl\":\"https:\/\/www.eryigit.com.tr\/wp-content\/uploads\/eryigit-logo.jpg\",\"width\":168,\"height\":49,\"caption\":\"Eryi\u011fit T\u0131bbi Cihazlar A.\u015e.\"},\"image\":{\"@id\":\"https:\/\/www.eryigit.com.tr\/#\/schema\/logo\/image\/\"},\"sameAs\":[\"https:\/\/www.facebook.com\/eryigitmedical\/\",\"https:\/\/www.instagram.com\/eryigitmedical\/\",\"https:\/\/www.linkedin.com\/company\/eryi\u011fit-t\u0131bbi-cihazlar-\/\",\"https:\/\/www.youtube.com\/channel\/UCMaYrhKIcluSWpTNjQJw2Gw\"]}]}<\/script>\n<!-- \/ Yoast SEO plugin. -->","yoast_head_json":{"title":"St\u00e9rilisation au peroxyde d'hydrog\u00e8ne - St\u00e9rilisation au plasma | Eryigit T\u0131bbi Cihazlar A\u015e","description":"Nos st\u00e9rilisateurs \u00e0 plasma de peroxyde d'hydrog\u00e8ne (H2O2) ont un grand volume interne, des options de cycles courts (45 minutes) et longs (70 minutes), ce qui permet d'utiliser le syst\u00e8me rapidement et efficacement.","robots":{"index":"index","follow":"follow","max-snippet":"max-snippet:-1","max-image-preview":"max-image-preview:large","max-video-preview":"max-video-preview:-1"},"canonical":"https:\/\/www.eryigit.com.tr\/fr\/produits\/sterilisateurs-a-plasma-a-gas-de-peroxyde-dhydrogene\/","schema":{"@context":"https:\/\/schema.org","@graph":[{"@type":"WebPage","@id":"https:\/\/www.eryigit.com.tr\/fr\/produits\/sterilisateurs-a-plasma-a-gas-de-peroxyde-dhydrogene\/","url":"https:\/\/www.eryigit.com.tr\/fr\/produits\/sterilisateurs-a-plasma-a-gas-de-peroxyde-dhydrogene\/","name":"St\u00e9rilisation au peroxyde d'hydrog\u00e8ne - St\u00e9rilisation au plasma | Eryigit T\u0131bbi Cihazlar A\u015e","isPartOf":{"@id":"https:\/\/www.eryigit.com.tr\/#website"},"datePublished":"2018-03-07T18:53:15+00:00","dateModified":"2023-01-07T08:30:51+00:00","description":"Nos st\u00e9rilisateurs \u00e0 plasma de peroxyde d'hydrog\u00e8ne (H2O2) ont un grand volume interne, des options de cycles courts (45 minutes) et longs (70 minutes), ce qui permet d'utiliser le syst\u00e8me rapidement et efficacement.","breadcrumb":{"@id":"https:\/\/www.eryigit.com.tr\/fr\/produits\/sterilisateurs-a-plasma-a-gas-de-peroxyde-dhydrogene\/#breadcrumb"},"inLanguage":"fr-FR","potentialAction":[{"@type":"ReadAction","target":["https:\/\/www.eryigit.com.tr\/fr\/produits\/sterilisateurs-a-plasma-a-gas-de-peroxyde-dhydrogene\/"]}]},{"@type":"BreadcrumbList","@id":"https:\/\/www.eryigit.com.tr\/fr\/produits\/sterilisateurs-a-plasma-a-gas-de-peroxyde-dhydrogene\/#breadcrumb","itemListElement":[{"@type":"ListItem","position":1,"name":"Ana sayfa","item":"https:\/\/www.eryigit.com.tr\/fr\/"},{"@type":"ListItem","position":2,"name":"Produits","item":"https:\/\/www.eryigit.com.tr\/fr\/produits\/"},{"@type":"ListItem","position":3,"name":"St\u00e9rilisateurs \u00e0 plasma gazeux au peroxyde d&rsquo;hydrog\u00e8ne (H2O2)"}]},{"@type":"WebSite","@id":"https:\/\/www.eryigit.com.tr\/#website","url":"https:\/\/www.eryigit.com.tr\/","name":"Eryi\u011fit T\u0131bbi Cihazlar&amp;Biyoteknoloji","description":"Eryi\u011fit T\u0131bbi Cihazlar&amp;Biyoteknoloji \u2013 Technologies for Life","publisher":{"@id":"https:\/\/www.eryigit.com.tr\/#organization"},"potentialAction":[{"@type":"SearchAction","target":{"@type":"EntryPoint","urlTemplate":"https:\/\/www.eryigit.com.tr\/?s={search_term_string}"},"query-input":{"@type":"PropertyValueSpecification","valueRequired":true,"valueName":"search_term_string"}}],"inLanguage":"fr-FR"},{"@type":"Organization","@id":"https:\/\/www.eryigit.com.tr\/#organization","name":"Eryi\u011fit T\u0131bbi Cihazlar A.\u015e.","url":"https:\/\/www.eryigit.com.tr\/","logo":{"@type":"ImageObject","inLanguage":"fr-FR","@id":"https:\/\/www.eryigit.com.tr\/#\/schema\/logo\/image\/","url":"https:\/\/www.eryigit.com.tr\/wp-content\/uploads\/eryigit-logo.jpg","contentUrl":"https:\/\/www.eryigit.com.tr\/wp-content\/uploads\/eryigit-logo.jpg","width":168,"height":49,"caption":"Eryi\u011fit T\u0131bbi Cihazlar A.\u015e."},"image":{"@id":"https:\/\/www.eryigit.com.tr\/#\/schema\/logo\/image\/"},"sameAs":["https:\/\/www.facebook.com\/eryigitmedical\/","https:\/\/www.instagram.com\/eryigitmedical\/","https:\/\/www.linkedin.com\/company\/eryi\u011fit-t\u0131bbi-cihazlar-\/","https:\/\/www.youtube.com\/channel\/UCMaYrhKIcluSWpTNjQJw2Gw"]}]}},"_links":{"self":[{"href":"https:\/\/www.eryigit.com.tr\/fr\/wp-json\/wp\/v2\/pages\/7153","targetHints":{"allow":["GET"]}}],"collection":[{"href":"https:\/\/www.eryigit.com.tr\/fr\/wp-json\/wp\/v2\/pages"}],"about":[{"href":"https:\/\/www.eryigit.com.tr\/fr\/wp-json\/wp\/v2\/types\/page"}],"author":[{"embeddable":true,"href":"https:\/\/www.eryigit.com.tr\/fr\/wp-json\/wp\/v2\/users\/1"}],"replies":[{"embeddable":true,"href":"https:\/\/www.eryigit.com.tr\/fr\/wp-json\/wp\/v2\/comments?post=7153"}],"version-history":[{"count":0,"href":"https:\/\/www.eryigit.com.tr\/fr\/wp-json\/wp\/v2\/pages\/7153\/revisions"}],"up":[{"embeddable":true,"href":"https:\/\/www.eryigit.com.tr\/fr\/wp-json\/wp\/v2\/pages\/7132"}],"wp:attachment":[{"href":"https:\/\/www.eryigit.com.tr\/fr\/wp-json\/wp\/v2\/media?parent=7153"}],"curies":[{"name":"wp","href":"https:\/\/api.w.org\/{rel}","templated":true}]}}