{"id":7167,"date":"2018-03-20T16:41:51","date_gmt":"2018-03-20T13:41:51","guid":{"rendered":"https:\/\/www.eryigit.com.tr\/produits\/des-tables-doperation\/operating-tables-accessories\/"},"modified":"2022-08-03T11:22:07","modified_gmt":"2022-08-03T08:22:07","slug":"tables-doperation-accessoires","status":"publish","type":"page","link":"https:\/\/www.eryigit.com.tr\/fr\/produits\/des-tables-doperation\/tables-doperation-accessoires\/","title":{"rendered":"Accessoires de table d&rsquo;op\u00e9ration"},"content":{"rendered":"","protected":false},"excerpt":{"rendered":"","protected":false},"author":2,"featured_media":0,"parent":7164,"menu_order":0,"comment_status":"closed","ping_status":"closed","template":"","meta":{"footnotes":""},"class_list":["post-7167","page","type-page","status-publish","hentry"],"yoast_head":"<!-- This site is optimized with the Yoast SEO plugin v24.1 - https:\/\/yoast.com\/wordpress\/plugins\/seo\/ -->\n<title>Accessoires de table d&#039;op\u00e9ration - Eryi\u011fit Medical Devices Inc.<\/title>\n<meta name=\"description\" content=\"Les accessoires de table d&#039;op\u00e9ration Eryi\u011fit A\u015e sont disponibles en standard et en option. Nous fabriquons en interne des accessoires de table d&#039;op\u00e9ration, du set de traction \u00e0 la t\u00eate \u00e0 pointes.\" \/>\n<meta name=\"robots\" content=\"index, follow, max-snippet:-1, max-image-preview:large, max-video-preview:-1\" \/>\n<link rel=\"canonical\" href=\"https:\/\/www.eryigit.com.tr\/fr\/produits\/des-tables-doperation\/tables-doperation-accessoires\/\" \/>\n<script type=\"application\/ld+json\" class=\"yoast-schema-graph\">{\"@context\":\"https:\/\/schema.org\",\"@graph\":[{\"@type\":\"WebPage\",\"@id\":\"https:\/\/www.eryigit.com.tr\/fr\/produits\/des-tables-doperation\/tables-doperation-accessoires\/\",\"url\":\"https:\/\/www.eryigit.com.tr\/fr\/produits\/des-tables-doperation\/tables-doperation-accessoires\/\",\"name\":\"Accessoires de table d'op\u00e9ration - Eryi\u011fit Medical Devices Inc.\",\"isPartOf\":{\"@id\":\"https:\/\/www.eryigit.com.tr\/#website\"},\"datePublished\":\"2018-03-20T13:41:51+00:00\",\"dateModified\":\"2022-08-03T08:22:07+00:00\",\"description\":\"Les accessoires de table d'op\u00e9ration Eryi\u011fit A\u015e sont disponibles en standard et en option. Nous fabriquons en interne des accessoires de table d'op\u00e9ration, du set de traction \u00e0 la t\u00eate \u00e0 pointes.\",\"breadcrumb\":{\"@id\":\"https:\/\/www.eryigit.com.tr\/fr\/produits\/des-tables-doperation\/tables-doperation-accessoires\/#breadcrumb\"},\"inLanguage\":\"fr-FR\",\"potentialAction\":[{\"@type\":\"ReadAction\",\"target\":[\"https:\/\/www.eryigit.com.tr\/fr\/produits\/des-tables-doperation\/tables-doperation-accessoires\/\"]}]},{\"@type\":\"BreadcrumbList\",\"@id\":\"https:\/\/www.eryigit.com.tr\/fr\/produits\/des-tables-doperation\/tables-doperation-accessoires\/#breadcrumb\",\"itemListElement\":[{\"@type\":\"ListItem\",\"position\":1,\"name\":\"Ana sayfa\",\"item\":\"https:\/\/www.eryigit.com.tr\/fr\/\"},{\"@type\":\"ListItem\",\"position\":2,\"name\":\"Produits\",\"item\":\"https:\/\/www.eryigit.com.tr\/fr\/produits\/\"},{\"@type\":\"ListItem\",\"position\":3,\"name\":\"Table d&rsquo;op\u00e9ration\",\"item\":\"https:\/\/www.eryigit.com.tr\/fr\/produits\/des-tables-doperation\/\"},{\"@type\":\"ListItem\",\"position\":4,\"name\":\"Accessoires de table d&rsquo;op\u00e9ration\"}]},{\"@type\":\"WebSite\",\"@id\":\"https:\/\/www.eryigit.com.tr\/#website\",\"url\":\"https:\/\/www.eryigit.com.tr\/\",\"name\":\"Eryi\u011fit T\u0131bbi Cihazlar&amp;Biyoteknoloji\",\"description\":\"Eryi\u011fit T\u0131bbi Cihazlar&amp;Biyoteknoloji \u2013 Technologies for Life\",\"publisher\":{\"@id\":\"https:\/\/www.eryigit.com.tr\/#organization\"},\"potentialAction\":[{\"@type\":\"SearchAction\",\"target\":{\"@type\":\"EntryPoint\",\"urlTemplate\":\"https:\/\/www.eryigit.com.tr\/?s={search_term_string}\"},\"query-input\":{\"@type\":\"PropertyValueSpecification\",\"valueRequired\":true,\"valueName\":\"search_term_string\"}}],\"inLanguage\":\"fr-FR\"},{\"@type\":\"Organization\",\"@id\":\"https:\/\/www.eryigit.com.tr\/#organization\",\"name\":\"Eryi\u011fit T\u0131bbi Cihazlar A.\u015e.\",\"url\":\"https:\/\/www.eryigit.com.tr\/\",\"logo\":{\"@type\":\"ImageObject\",\"inLanguage\":\"fr-FR\",\"@id\":\"https:\/\/www.eryigit.com.tr\/#\/schema\/logo\/image\/\",\"url\":\"https:\/\/www.eryigit.com.tr\/wp-content\/uploads\/eryigit-logo.jpg\",\"contentUrl\":\"https:\/\/www.eryigit.com.tr\/wp-content\/uploads\/eryigit-logo.jpg\",\"width\":168,\"height\":49,\"caption\":\"Eryi\u011fit T\u0131bbi Cihazlar A.\u015e.\"},\"image\":{\"@id\":\"https:\/\/www.eryigit.com.tr\/#\/schema\/logo\/image\/\"},\"sameAs\":[\"https:\/\/www.facebook.com\/eryigitmedical\/\",\"https:\/\/www.instagram.com\/eryigitmedical\/\",\"https:\/\/www.linkedin.com\/company\/eryi\u011fit-t\u0131bbi-cihazlar-\/\",\"https:\/\/www.youtube.com\/channel\/UCMaYrhKIcluSWpTNjQJw2Gw\"]}]}<\/script>\n<!-- \/ Yoast SEO plugin. -->","yoast_head_json":{"title":"Accessoires de table d'op\u00e9ration - Eryi\u011fit Medical Devices Inc.","description":"Les accessoires de table d'op\u00e9ration Eryi\u011fit A\u015e sont disponibles en standard et en option. Nous fabriquons en interne des accessoires de table d'op\u00e9ration, du set de traction \u00e0 la t\u00eate \u00e0 pointes.","robots":{"index":"index","follow":"follow","max-snippet":"max-snippet:-1","max-image-preview":"max-image-preview:large","max-video-preview":"max-video-preview:-1"},"canonical":"https:\/\/www.eryigit.com.tr\/fr\/produits\/des-tables-doperation\/tables-doperation-accessoires\/","schema":{"@context":"https:\/\/schema.org","@graph":[{"@type":"WebPage","@id":"https:\/\/www.eryigit.com.tr\/fr\/produits\/des-tables-doperation\/tables-doperation-accessoires\/","url":"https:\/\/www.eryigit.com.tr\/fr\/produits\/des-tables-doperation\/tables-doperation-accessoires\/","name":"Accessoires de table d'op\u00e9ration - Eryi\u011fit Medical Devices Inc.","isPartOf":{"@id":"https:\/\/www.eryigit.com.tr\/#website"},"datePublished":"2018-03-20T13:41:51+00:00","dateModified":"2022-08-03T08:22:07+00:00","description":"Les accessoires de table d'op\u00e9ration Eryi\u011fit A\u015e sont disponibles en standard et en option. Nous fabriquons en interne des accessoires de table d'op\u00e9ration, du set de traction \u00e0 la t\u00eate \u00e0 pointes.","breadcrumb":{"@id":"https:\/\/www.eryigit.com.tr\/fr\/produits\/des-tables-doperation\/tables-doperation-accessoires\/#breadcrumb"},"inLanguage":"fr-FR","potentialAction":[{"@type":"ReadAction","target":["https:\/\/www.eryigit.com.tr\/fr\/produits\/des-tables-doperation\/tables-doperation-accessoires\/"]}]},{"@type":"BreadcrumbList","@id":"https:\/\/www.eryigit.com.tr\/fr\/produits\/des-tables-doperation\/tables-doperation-accessoires\/#breadcrumb","itemListElement":[{"@type":"ListItem","position":1,"name":"Ana sayfa","item":"https:\/\/www.eryigit.com.tr\/fr\/"},{"@type":"ListItem","position":2,"name":"Produits","item":"https:\/\/www.eryigit.com.tr\/fr\/produits\/"},{"@type":"ListItem","position":3,"name":"Table d&rsquo;op\u00e9ration","item":"https:\/\/www.eryigit.com.tr\/fr\/produits\/des-tables-doperation\/"},{"@type":"ListItem","position":4,"name":"Accessoires de table d&rsquo;op\u00e9ration"}]},{"@type":"WebSite","@id":"https:\/\/www.eryigit.com.tr\/#website","url":"https:\/\/www.eryigit.com.tr\/","name":"Eryi\u011fit T\u0131bbi Cihazlar&amp;Biyoteknoloji","description":"Eryi\u011fit T\u0131bbi Cihazlar&amp;Biyoteknoloji \u2013 Technologies for Life","publisher":{"@id":"https:\/\/www.eryigit.com.tr\/#organization"},"potentialAction":[{"@type":"SearchAction","target":{"@type":"EntryPoint","urlTemplate":"https:\/\/www.eryigit.com.tr\/?s={search_term_string}"},"query-input":{"@type":"PropertyValueSpecification","valueRequired":true,"valueName":"search_term_string"}}],"inLanguage":"fr-FR"},{"@type":"Organization","@id":"https:\/\/www.eryigit.com.tr\/#organization","name":"Eryi\u011fit T\u0131bbi Cihazlar A.\u015e.","url":"https:\/\/www.eryigit.com.tr\/","logo":{"@type":"ImageObject","inLanguage":"fr-FR","@id":"https:\/\/www.eryigit.com.tr\/#\/schema\/logo\/image\/","url":"https:\/\/www.eryigit.com.tr\/wp-content\/uploads\/eryigit-logo.jpg","contentUrl":"https:\/\/www.eryigit.com.tr\/wp-content\/uploads\/eryigit-logo.jpg","width":168,"height":49,"caption":"Eryi\u011fit T\u0131bbi Cihazlar A.\u015e."},"image":{"@id":"https:\/\/www.eryigit.com.tr\/#\/schema\/logo\/image\/"},"sameAs":["https:\/\/www.facebook.com\/eryigitmedical\/","https:\/\/www.instagram.com\/eryigitmedical\/","https:\/\/www.linkedin.com\/company\/eryi\u011fit-t\u0131bbi-cihazlar-\/","https:\/\/www.youtube.com\/channel\/UCMaYrhKIcluSWpTNjQJw2Gw"]}]}},"_links":{"self":[{"href":"https:\/\/www.eryigit.com.tr\/fr\/wp-json\/wp\/v2\/pages\/7167","targetHints":{"allow":["GET"]}}],"collection":[{"href":"https:\/\/www.eryigit.com.tr\/fr\/wp-json\/wp\/v2\/pages"}],"about":[{"href":"https:\/\/www.eryigit.com.tr\/fr\/wp-json\/wp\/v2\/types\/page"}],"author":[{"embeddable":true,"href":"https:\/\/www.eryigit.com.tr\/fr\/wp-json\/wp\/v2\/users\/2"}],"replies":[{"embeddable":true,"href":"https:\/\/www.eryigit.com.tr\/fr\/wp-json\/wp\/v2\/comments?post=7167"}],"version-history":[{"count":0,"href":"https:\/\/www.eryigit.com.tr\/fr\/wp-json\/wp\/v2\/pages\/7167\/revisions"}],"up":[{"embeddable":true,"href":"https:\/\/www.eryigit.com.tr\/fr\/wp-json\/wp\/v2\/pages\/7164"}],"wp:attachment":[{"href":"https:\/\/www.eryigit.com.tr\/fr\/wp-json\/wp\/v2\/media?parent=7167"}],"curies":[{"name":"wp","href":"https:\/\/api.w.org\/{rel}","templated":true}]}}