{"id":7207,"date":"2018-04-16T20:15:56","date_gmt":"2018-04-16T17:15:56","guid":{"rendered":"https:\/\/www.eryigit.com.tr\/produits\/sterilisateurs-a-vapeur\/autoclave-trolleys\/"},"modified":"2022-08-03T11:14:10","modified_gmt":"2022-08-03T08:14:10","slug":"chariots-a-autoclave","status":"publish","type":"page","link":"https:\/\/www.eryigit.com.tr\/fr\/produits\/sterilisateurs-a-vapeur\/chariots-a-autoclave\/","title":{"rendered":"Chariots autoclaves"},"content":{"rendered":"","protected":false},"excerpt":{"rendered":"","protected":false},"author":1,"featured_media":0,"parent":7183,"menu_order":0,"comment_status":"closed","ping_status":"closed","template":"","meta":{"footnotes":""},"class_list":["post-7207","page","type-page","status-publish","hentry"],"yoast_head":"<!-- This site is optimized with the Yoast SEO plugin v24.1 - https:\/\/yoast.com\/wordpress\/plugins\/seo\/ -->\n<title>\u0639\u0631\u0628\u0627\u062a \u0627\u0644\u0623\u0648\u062a\u0648\u0643\u0644\u0627\u0641 - Eryi\u011fit Medical Devices Inc.<\/title>\n<meta name=\"description\" content=\"\u064a\u0645\u0643\u0646 \u0625\u0646\u062a\u0627\u062c \u0639\u0631\u0628\u0627\u062a \u0627\u0644\u0623\u0648\u062a\u0648\u0643\u0644\u0627\u0641 \u0627\u0644\u062e\u0627\u0635\u0629 \u0628\u0646\u0627 \u0645\u0646 Eryi\u011fit \u0628\u0634\u0643\u0644 \u0642\u064a\u0627\u0633\u064a \u0648\u0627\u062e\u062a\u064a\u0627\u0631\u064a \u0648\u0641\u0642\u064b\u0627 \u0644\u0644\u062a\u0648\u0642\u0639\u0627\u062a.\" \/>\n<meta name=\"robots\" content=\"index, follow, max-snippet:-1, max-image-preview:large, max-video-preview:-1\" \/>\n<link rel=\"canonical\" href=\"https:\/\/www.eryigit.com.tr\/fr\/produits\/sterilisateurs-a-vapeur\/chariots-a-autoclave\/\" \/>\n<script type=\"application\/ld+json\" class=\"yoast-schema-graph\">{\"@context\":\"https:\/\/schema.org\",\"@graph\":[{\"@type\":\"WebPage\",\"@id\":\"https:\/\/www.eryigit.com.tr\/fr\/produits\/sterilisateurs-a-vapeur\/chariots-a-autoclave\/\",\"url\":\"https:\/\/www.eryigit.com.tr\/fr\/produits\/sterilisateurs-a-vapeur\/chariots-a-autoclave\/\",\"name\":\"\u0639\u0631\u0628\u0627\u062a \u0627\u0644\u0623\u0648\u062a\u0648\u0643\u0644\u0627\u0641 - Eryi\u011fit Medical Devices Inc.\",\"isPartOf\":{\"@id\":\"https:\/\/www.eryigit.com.tr\/#website\"},\"datePublished\":\"2018-04-16T17:15:56+00:00\",\"dateModified\":\"2022-08-03T08:14:10+00:00\",\"description\":\"\u064a\u0645\u0643\u0646 \u0625\u0646\u062a\u0627\u062c \u0639\u0631\u0628\u0627\u062a \u0627\u0644\u0623\u0648\u062a\u0648\u0643\u0644\u0627\u0641 \u0627\u0644\u062e\u0627\u0635\u0629 \u0628\u0646\u0627 \u0645\u0646 Eryi\u011fit \u0628\u0634\u0643\u0644 \u0642\u064a\u0627\u0633\u064a \u0648\u0627\u062e\u062a\u064a\u0627\u0631\u064a \u0648\u0641\u0642\u064b\u0627 \u0644\u0644\u062a\u0648\u0642\u0639\u0627\u062a.\",\"breadcrumb\":{\"@id\":\"https:\/\/www.eryigit.com.tr\/fr\/produits\/sterilisateurs-a-vapeur\/chariots-a-autoclave\/#breadcrumb\"},\"inLanguage\":\"fr-FR\",\"potentialAction\":[{\"@type\":\"ReadAction\",\"target\":[\"https:\/\/www.eryigit.com.tr\/fr\/produits\/sterilisateurs-a-vapeur\/chariots-a-autoclave\/\"]}]},{\"@type\":\"BreadcrumbList\",\"@id\":\"https:\/\/www.eryigit.com.tr\/fr\/produits\/sterilisateurs-a-vapeur\/chariots-a-autoclave\/#breadcrumb\",\"itemListElement\":[{\"@type\":\"ListItem\",\"position\":1,\"name\":\"Ana sayfa\",\"item\":\"https:\/\/www.eryigit.com.tr\/fr\/\"},{\"@type\":\"ListItem\",\"position\":2,\"name\":\"Produits\",\"item\":\"https:\/\/www.eryigit.com.tr\/fr\/produits\/\"},{\"@type\":\"ListItem\",\"position\":3,\"name\":\"\u0627\u0644\u0645\u0639\u0642\u0645\u0627\u062a \u0627\u0644\u0628\u062e\u0627\u0631\u064a\u0629 (\u0627\u0644\u0623\u0648\u062a\u0648\u0643\u0644\u0627\u0641)\",\"item\":\"https:\/\/www.eryigit.com.tr\/fr\/produits\/sterilisateurs-a-vapeur\/\"},{\"@type\":\"ListItem\",\"position\":4,\"name\":\"Chariots autoclaves\"}]},{\"@type\":\"WebSite\",\"@id\":\"https:\/\/www.eryigit.com.tr\/#website\",\"url\":\"https:\/\/www.eryigit.com.tr\/\",\"name\":\"Eryi\u011fit T\u0131bbi Cihazlar&amp;Biyoteknoloji\",\"description\":\"Eryi\u011fit T\u0131bbi Cihazlar&amp;Biyoteknoloji \u2013 Technologies for Life\",\"publisher\":{\"@id\":\"https:\/\/www.eryigit.com.tr\/#organization\"},\"potentialAction\":[{\"@type\":\"SearchAction\",\"target\":{\"@type\":\"EntryPoint\",\"urlTemplate\":\"https:\/\/www.eryigit.com.tr\/?s={search_term_string}\"},\"query-input\":{\"@type\":\"PropertyValueSpecification\",\"valueRequired\":true,\"valueName\":\"search_term_string\"}}],\"inLanguage\":\"fr-FR\"},{\"@type\":\"Organization\",\"@id\":\"https:\/\/www.eryigit.com.tr\/#organization\",\"name\":\"Eryi\u011fit T\u0131bbi Cihazlar A.\u015e.\",\"url\":\"https:\/\/www.eryigit.com.tr\/\",\"logo\":{\"@type\":\"ImageObject\",\"inLanguage\":\"fr-FR\",\"@id\":\"https:\/\/www.eryigit.com.tr\/#\/schema\/logo\/image\/\",\"url\":\"https:\/\/www.eryigit.com.tr\/wp-content\/uploads\/eryigit-logo.jpg\",\"contentUrl\":\"https:\/\/www.eryigit.com.tr\/wp-content\/uploads\/eryigit-logo.jpg\",\"width\":168,\"height\":49,\"caption\":\"Eryi\u011fit T\u0131bbi Cihazlar A.\u015e.\"},\"image\":{\"@id\":\"https:\/\/www.eryigit.com.tr\/#\/schema\/logo\/image\/\"},\"sameAs\":[\"https:\/\/www.facebook.com\/eryigitmedical\/\",\"https:\/\/www.instagram.com\/eryigitmedical\/\",\"https:\/\/www.linkedin.com\/company\/eryi\u011fit-t\u0131bbi-cihazlar-\/\",\"https:\/\/www.youtube.com\/channel\/UCMaYrhKIcluSWpTNjQJw2Gw\"]}]}<\/script>\n<!-- \/ Yoast SEO plugin. -->","yoast_head_json":{"title":"\u0639\u0631\u0628\u0627\u062a \u0627\u0644\u0623\u0648\u062a\u0648\u0643\u0644\u0627\u0641 - Eryi\u011fit Medical Devices Inc.","description":"\u064a\u0645\u0643\u0646 \u0625\u0646\u062a\u0627\u062c \u0639\u0631\u0628\u0627\u062a \u0627\u0644\u0623\u0648\u062a\u0648\u0643\u0644\u0627\u0641 \u0627\u0644\u062e\u0627\u0635\u0629 \u0628\u0646\u0627 \u0645\u0646 Eryi\u011fit \u0628\u0634\u0643\u0644 \u0642\u064a\u0627\u0633\u064a \u0648\u0627\u062e\u062a\u064a\u0627\u0631\u064a \u0648\u0641\u0642\u064b\u0627 \u0644\u0644\u062a\u0648\u0642\u0639\u0627\u062a.","robots":{"index":"index","follow":"follow","max-snippet":"max-snippet:-1","max-image-preview":"max-image-preview:large","max-video-preview":"max-video-preview:-1"},"canonical":"https:\/\/www.eryigit.com.tr\/fr\/produits\/sterilisateurs-a-vapeur\/chariots-a-autoclave\/","schema":{"@context":"https:\/\/schema.org","@graph":[{"@type":"WebPage","@id":"https:\/\/www.eryigit.com.tr\/fr\/produits\/sterilisateurs-a-vapeur\/chariots-a-autoclave\/","url":"https:\/\/www.eryigit.com.tr\/fr\/produits\/sterilisateurs-a-vapeur\/chariots-a-autoclave\/","name":"\u0639\u0631\u0628\u0627\u062a \u0627\u0644\u0623\u0648\u062a\u0648\u0643\u0644\u0627\u0641 - Eryi\u011fit Medical Devices Inc.","isPartOf":{"@id":"https:\/\/www.eryigit.com.tr\/#website"},"datePublished":"2018-04-16T17:15:56+00:00","dateModified":"2022-08-03T08:14:10+00:00","description":"\u064a\u0645\u0643\u0646 \u0625\u0646\u062a\u0627\u062c \u0639\u0631\u0628\u0627\u062a \u0627\u0644\u0623\u0648\u062a\u0648\u0643\u0644\u0627\u0641 \u0627\u0644\u062e\u0627\u0635\u0629 \u0628\u0646\u0627 \u0645\u0646 Eryi\u011fit \u0628\u0634\u0643\u0644 \u0642\u064a\u0627\u0633\u064a \u0648\u0627\u062e\u062a\u064a\u0627\u0631\u064a \u0648\u0641\u0642\u064b\u0627 \u0644\u0644\u062a\u0648\u0642\u0639\u0627\u062a.","breadcrumb":{"@id":"https:\/\/www.eryigit.com.tr\/fr\/produits\/sterilisateurs-a-vapeur\/chariots-a-autoclave\/#breadcrumb"},"inLanguage":"fr-FR","potentialAction":[{"@type":"ReadAction","target":["https:\/\/www.eryigit.com.tr\/fr\/produits\/sterilisateurs-a-vapeur\/chariots-a-autoclave\/"]}]},{"@type":"BreadcrumbList","@id":"https:\/\/www.eryigit.com.tr\/fr\/produits\/sterilisateurs-a-vapeur\/chariots-a-autoclave\/#breadcrumb","itemListElement":[{"@type":"ListItem","position":1,"name":"Ana sayfa","item":"https:\/\/www.eryigit.com.tr\/fr\/"},{"@type":"ListItem","position":2,"name":"Produits","item":"https:\/\/www.eryigit.com.tr\/fr\/produits\/"},{"@type":"ListItem","position":3,"name":"\u0627\u0644\u0645\u0639\u0642\u0645\u0627\u062a \u0627\u0644\u0628\u062e\u0627\u0631\u064a\u0629 (\u0627\u0644\u0623\u0648\u062a\u0648\u0643\u0644\u0627\u0641)","item":"https:\/\/www.eryigit.com.tr\/fr\/produits\/sterilisateurs-a-vapeur\/"},{"@type":"ListItem","position":4,"name":"Chariots autoclaves"}]},{"@type":"WebSite","@id":"https:\/\/www.eryigit.com.tr\/#website","url":"https:\/\/www.eryigit.com.tr\/","name":"Eryi\u011fit T\u0131bbi Cihazlar&amp;Biyoteknoloji","description":"Eryi\u011fit T\u0131bbi Cihazlar&amp;Biyoteknoloji \u2013 Technologies for Life","publisher":{"@id":"https:\/\/www.eryigit.com.tr\/#organization"},"potentialAction":[{"@type":"SearchAction","target":{"@type":"EntryPoint","urlTemplate":"https:\/\/www.eryigit.com.tr\/?s={search_term_string}"},"query-input":{"@type":"PropertyValueSpecification","valueRequired":true,"valueName":"search_term_string"}}],"inLanguage":"fr-FR"},{"@type":"Organization","@id":"https:\/\/www.eryigit.com.tr\/#organization","name":"Eryi\u011fit T\u0131bbi Cihazlar A.\u015e.","url":"https:\/\/www.eryigit.com.tr\/","logo":{"@type":"ImageObject","inLanguage":"fr-FR","@id":"https:\/\/www.eryigit.com.tr\/#\/schema\/logo\/image\/","url":"https:\/\/www.eryigit.com.tr\/wp-content\/uploads\/eryigit-logo.jpg","contentUrl":"https:\/\/www.eryigit.com.tr\/wp-content\/uploads\/eryigit-logo.jpg","width":168,"height":49,"caption":"Eryi\u011fit T\u0131bbi Cihazlar A.\u015e."},"image":{"@id":"https:\/\/www.eryigit.com.tr\/#\/schema\/logo\/image\/"},"sameAs":["https:\/\/www.facebook.com\/eryigitmedical\/","https:\/\/www.instagram.com\/eryigitmedical\/","https:\/\/www.linkedin.com\/company\/eryi\u011fit-t\u0131bbi-cihazlar-\/","https:\/\/www.youtube.com\/channel\/UCMaYrhKIcluSWpTNjQJw2Gw"]}]}},"_links":{"self":[{"href":"https:\/\/www.eryigit.com.tr\/fr\/wp-json\/wp\/v2\/pages\/7207","targetHints":{"allow":["GET"]}}],"collection":[{"href":"https:\/\/www.eryigit.com.tr\/fr\/wp-json\/wp\/v2\/pages"}],"about":[{"href":"https:\/\/www.eryigit.com.tr\/fr\/wp-json\/wp\/v2\/types\/page"}],"author":[{"embeddable":true,"href":"https:\/\/www.eryigit.com.tr\/fr\/wp-json\/wp\/v2\/users\/1"}],"replies":[{"embeddable":true,"href":"https:\/\/www.eryigit.com.tr\/fr\/wp-json\/wp\/v2\/comments?post=7207"}],"version-history":[{"count":0,"href":"https:\/\/www.eryigit.com.tr\/fr\/wp-json\/wp\/v2\/pages\/7207\/revisions"}],"up":[{"embeddable":true,"href":"https:\/\/www.eryigit.com.tr\/fr\/wp-json\/wp\/v2\/pages\/7183"}],"wp:attachment":[{"href":"https:\/\/www.eryigit.com.tr\/fr\/wp-json\/wp\/v2\/media?parent=7207"}],"curies":[{"name":"wp","href":"https:\/\/api.w.org\/{rel}","templated":true}]}}