{"id":7233,"date":"2018-03-23T08:54:41","date_gmt":"2018-03-23T06:54:41","guid":{"rendered":"https:\/\/www.eryigit.com.tr\/sterilnet-documentation-system\/"},"modified":"2021-12-14T17:10:13","modified_gmt":"2021-12-14T14:10:13","slug":"systems-de-codes-a-barres-de-sterilnet","status":"publish","type":"page","link":"https:\/\/www.eryigit.com.tr\/fr\/systems-de-codes-a-barres-de-sterilnet\/","title":{"rendered":"STER\u0130LNET"},"content":{"rendered":"<h2><span style=\"color: #09b383;\"><strong><span style=\"font-size: 16px;\"><span style=\"font-size: 20px; color: #55c5c4;\">SYST\u00c8ME DE SUIVI ET DE DOCUMENTATION DE LA ST\u00c9RILISATION<\/span><\/span><\/strong><\/span><\/h2>\n<h3><span style=\"color: #09b383;\"><strong><span style=\"font-size: 16px;\"><img loading=\"lazy\" decoding=\"async\" class=\"alignright wp-image-3263 size-medium\" src=\"http:\/\/www.eryigit.com.tr\/wp-content\/uploads\/steril-net-300x206.jpg\" alt=\"\" width=\"300\" height=\"206\" srcset=\"https:\/\/www.eryigit.com.tr\/wp-content\/uploads\/steril-net-300x206.jpg 300w, https:\/\/www.eryigit.com.tr\/wp-content\/uploads\/steril-net-768x528.jpg 768w, https:\/\/www.eryigit.com.tr\/wp-content\/uploads\/steril-net-1024x704.jpg 1024w, https:\/\/www.eryigit.com.tr\/wp-content\/uploads\/steril-net-272x187.jpg 272w, https:\/\/www.eryigit.com.tr\/wp-content\/uploads\/steril-net-1210x832.jpg 1210w, https:\/\/www.eryigit.com.tr\/wp-content\/uploads\/steril-net.jpg 1248w\" sizes=\"auto, (max-width: 300px) 100vw, 300px\" \/><\/span><\/strong><\/span><\/h3>\n<h3><strong>Avec le syst\u00e8me de codes-barres SterilNet ; <\/strong><\/h3>\n<ul>\n<li>Chaque outil est cod\u00e9 et peut \u00eatre suivi de mani\u00e8re fiable avec ces codes,<\/li>\n<li>Le codage des outils vous offre une transparence et une s\u00e9curit\u00e9 in\u00e9gal\u00e9es dans les processus de pr\u00e9paration des outils,<\/li>\n<li>Une carte d&rsquo;identit\u00e9 est cr\u00e9\u00e9e pour chaque outil.<\/li>\n<li>Le logiciel SterilNET vous permet d&rsquo;utiliser ce syst\u00e8me de la mani\u00e8re la plus compl\u00e8te possible dans toute la gestion des instruments.<\/li>\n<\/ul>\n<p>Tous vos instruments disponibles dans l&rsquo;\u00e9tablissement de sant\u00e9 peuvent \u00eatre enregistr\u00e9s et marqu\u00e9s avec le syst\u00e8me de codes-barres SterilNET. Avec ce syst\u00e8me de codage, vous pouvez surveiller tous les processus des instruments de votre organisation et suivre toutes les \u00e9tapes de la st\u00e9rilisation. <em><a href=\"https:\/\/www.eryigit.com.tr\/fr\/produits\/unites-centrales-de-sterilisation-ucs\/\"><strong>Computer Aided L&rsquo;unit\u00e9 centrale de st\u00e9rilisation est le bon outil pour r\u00e9aliser la gestion de la<\/strong><\/a><\/em><strong>qualit\u00e9 totale (TQM) avec le syst\u00e8me de suivi et de<\/strong>documentation de la st\u00e9rilisation. Avec le syst\u00e8me SterilNET, vous pouvez g\u00e9rer les processus de st\u00e9rilisation et tous les processus associ\u00e9s depuis l&rsquo;endroit o\u00f9 vous vous asseyez. SterilNET vous propose une base de donn\u00e9es tr\u00e8s d\u00e9taill\u00e9e. Ce syst\u00e8me fournit une base de donn\u00e9es compl\u00e8te de donn\u00e9es de produits de nombreux fabricants. Lorsqu&rsquo;un outil est en stock, la liste d&rsquo;inventaire compl\u00e8te est automatiquement disponible. Avec ce syst\u00e8me, vous pouvez facilement voir vos stocks et les g\u00e9rer efficacement.<\/p>\n<h4 class=\"p1\"><strong><span style=\"color: #09b383;\"><img loading=\"lazy\" decoding=\"async\" class=\"alignleft wp-image-3251 size-medium\" src=\"http:\/\/www.eryigit.com.tr\/wp-content\/uploads\/sterilnet-300x134.jpg\" alt=\"\" width=\"300\" height=\"134\" srcset=\"https:\/\/www.eryigit.com.tr\/wp-content\/uploads\/sterilnet-300x134.jpg 300w, https:\/\/www.eryigit.com.tr\/wp-content\/uploads\/sterilnet-280x125.jpg 280w, https:\/\/www.eryigit.com.tr\/wp-content\/uploads\/sterilnet.jpg 536w\" sizes=\"auto, (max-width: 300px) 100vw, 300px\" \/><\/span><\/strong><strong><span style=\"color: #55c5c4; font-size: 18px;\">Pourquoi SteriNet ?<\/span><\/strong><\/h4>\n<ul>\n<li>Facile \u00e0 utiliser, adaptation rapide,<\/li>\n<li>Tenir un inventaire r\u00e9gulier d&rsquo;outils,<\/li>\n<li>Fournir des donn\u00e9es statistiques sur les instruments chirurgicaux,<\/li>\n<li>Rappel de p\u00e9riode d&rsquo;entretien,<\/li>\n<li>Capacit\u00e9 \u00e0 suivre le Bundle,<\/li>\n<li>Surveillance des conditions de perte et d&rsquo;endommagement des instruments chirurgicaux,<\/li>\n<li>Suivi des ensembles de soci\u00e9t\u00e9s de consignation,<\/li>\n<li>Capacit\u00e9 de faire des rapports sp\u00e9ciaux,<\/li>\n<li>Faire un marquage sans endommager vos instruments chirurgicaux,<\/li>\n<li>Assurer la tra\u00e7abilit\u00e9 des instruments chirurgicaux,<\/li>\n<li>Savoir combien de fois l&rsquo;instrument chirurgical est utilis\u00e9 dans quelles op\u00e9rations,<\/li>\n<li>Savoir combien de fois chaque instrument chirurgical est st\u00e9rilis\u00e9,<\/li>\n<li>Suivi des pi\u00e8ces d&rsquo;outils partiels,<\/li>\n<li>Personnalisation des Sets par Services ou M\u00e9decins,<\/li>\n<li>Suivi des ensembles emball\u00e9s,<\/li>\n<li>Savoir combien de fois les instruments chirurgicaux ont \u00e9t\u00e9 r\u00e9par\u00e9s,<\/li>\n<li><em><strong>D\u00e9claration du personnel de<\/strong><\/em> l&rsquo;unit\u00e9 centrale de st\u00e9rilisation,<\/li>\n<li><em>Faire des rapports quotidiens,<\/em>mensuels et annuels dans le centre de st\u00e9rilisation,<\/li>\n<li>Assistance programme \u00e0 distance<\/li>\n<\/ul>\n<h4><span style=\"font-size: 18px; color: #55c5c4;\"><strong>Avantages<\/strong><\/span><\/h4>\n<ul>\n<li class=\"p1\">Si vous utilisez ce syst\u00e8me, le programme ne me convient pas, ne vous inqui\u00e9tez pas. Parce que ce syst\u00e8me est flexible et peut \u00eatre enti\u00e8rement int\u00e9gr\u00e9 au syst\u00e8me de votre organisation.<\/li>\n<\/ul>\n<ul>\n<li class=\"p1\">Si vous utilisez ce syst\u00e8me, vous pouvez faire l&rsquo;inventaire de tous vos outils et les g\u00e9rer facilement.<\/li>\n<\/ul>\n<ul>\n<li class=\"p1\">Si vous utilisez ce syst\u00e8me, vous pouvez facilement suivre tous les processus de st\u00e9rilisation.<\/li>\n<\/ul>\n<ul>\n<li class=\"p1\">Si vous utilisez ce syst\u00e8me, vous pouvez facilement ex\u00e9cuter la partie <em>st\u00e9rilisation<\/em> de votre syst\u00e8me de gestion de la qualit\u00e9.<\/li>\n<\/ul>\n<p>&nbsp;<\/p>\n","protected":false},"excerpt":{"rendered":"<p>SYST\u00c8ME DE SUIVI ET DE DOCUMENTATION DE LA ST\u00c9RILISATION Avec le syst\u00e8me de codes-barres SterilNet ; Chaque outil est cod\u00e9 et peut \u00eatre suivi de mani\u00e8re fiable avec ces codes, Le codage des outils vous offre une transparence et une s\u00e9curit\u00e9 in\u00e9gal\u00e9es dans les processus de pr\u00e9paration des outils, Une carte d&rsquo;identit\u00e9 est cr\u00e9\u00e9e pour<\/p>\n","protected":false},"author":2,"featured_media":0,"parent":0,"menu_order":0,"comment_status":"closed","ping_status":"closed","template":"","meta":{"footnotes":""},"class_list":["post-7233","page","type-page","status-publish","hentry"],"yoast_head":"<!-- This site is optimized with the Yoast SEO plugin v24.1 - https:\/\/yoast.com\/wordpress\/plugins\/seo\/ -->\n<title>Sterilnet - Eryi\u011fit Medical Devices Inc.<\/title>\n<meta name=\"description\" content=\"Tous vos instruments disponibles dans l&#039;\u00e9tablissement de sant\u00e9 peuvent \u00eatre enregistr\u00e9s et marqu\u00e9s avec le syst\u00e8me de codes-barres SterilNET. Avec ce syst\u00e8me de codage, vous pouvez surveiller tous les processus des instruments de votre organisation et suivre toutes les \u00e9tapes de la st\u00e9rilisation.\" \/>\n<meta name=\"robots\" content=\"index, follow, max-snippet:-1, max-image-preview:large, max-video-preview:-1\" \/>\n<link rel=\"canonical\" href=\"https:\/\/www.eryigit.com.tr\/fr\/systems-de-codes-a-barres-de-sterilnet\/\" \/>\n<meta name=\"twitter:label1\" content=\"Dur\u00e9e de lecture estim\u00e9e\" \/>\n\t<meta name=\"twitter:data1\" content=\"3 minutes\" \/>\n<script type=\"application\/ld+json\" class=\"yoast-schema-graph\">{\"@context\":\"https:\/\/schema.org\",\"@graph\":[{\"@type\":\"WebPage\",\"@id\":\"https:\/\/www.eryigit.com.tr\/fr\/systems-de-codes-a-barres-de-sterilnet\/\",\"url\":\"https:\/\/www.eryigit.com.tr\/fr\/systems-de-codes-a-barres-de-sterilnet\/\",\"name\":\"Sterilnet - Eryi\u011fit Medical Devices Inc.\",\"isPartOf\":{\"@id\":\"https:\/\/www.eryigit.com.tr\/#website\"},\"primaryImageOfPage\":{\"@id\":\"https:\/\/www.eryigit.com.tr\/fr\/systems-de-codes-a-barres-de-sterilnet\/#primaryimage\"},\"image\":{\"@id\":\"https:\/\/www.eryigit.com.tr\/fr\/systems-de-codes-a-barres-de-sterilnet\/#primaryimage\"},\"thumbnailUrl\":\"http:\/\/www.eryigit.com.tr\/wp-content\/uploads\/steril-net-300x206.jpg\",\"datePublished\":\"2018-03-23T06:54:41+00:00\",\"dateModified\":\"2021-12-14T14:10:13+00:00\",\"description\":\"Tous vos instruments disponibles dans l'\u00e9tablissement de sant\u00e9 peuvent \u00eatre enregistr\u00e9s et marqu\u00e9s avec le syst\u00e8me de codes-barres SterilNET. Avec ce syst\u00e8me de codage, vous pouvez surveiller tous les processus des instruments de votre organisation et suivre toutes les \u00e9tapes de la st\u00e9rilisation.\",\"breadcrumb\":{\"@id\":\"https:\/\/www.eryigit.com.tr\/fr\/systems-de-codes-a-barres-de-sterilnet\/#breadcrumb\"},\"inLanguage\":\"fr-FR\",\"potentialAction\":[{\"@type\":\"ReadAction\",\"target\":[\"https:\/\/www.eryigit.com.tr\/fr\/systems-de-codes-a-barres-de-sterilnet\/\"]}]},{\"@type\":\"ImageObject\",\"inLanguage\":\"fr-FR\",\"@id\":\"https:\/\/www.eryigit.com.tr\/fr\/systems-de-codes-a-barres-de-sterilnet\/#primaryimage\",\"url\":\"http:\/\/www.eryigit.com.tr\/wp-content\/uploads\/steril-net-300x206.jpg\",\"contentUrl\":\"http:\/\/www.eryigit.com.tr\/wp-content\/uploads\/steril-net-300x206.jpg\"},{\"@type\":\"BreadcrumbList\",\"@id\":\"https:\/\/www.eryigit.com.tr\/fr\/systems-de-codes-a-barres-de-sterilnet\/#breadcrumb\",\"itemListElement\":[{\"@type\":\"ListItem\",\"position\":1,\"name\":\"Ana sayfa\",\"item\":\"https:\/\/www.eryigit.com.tr\/fr\/\"},{\"@type\":\"ListItem\",\"position\":2,\"name\":\"STER\u0130LNET\"}]},{\"@type\":\"WebSite\",\"@id\":\"https:\/\/www.eryigit.com.tr\/#website\",\"url\":\"https:\/\/www.eryigit.com.tr\/\",\"name\":\"Eryi\u011fit T\u0131bbi Cihazlar&amp;Biyoteknoloji\",\"description\":\"Eryi\u011fit T\u0131bbi Cihazlar&amp;Biyoteknoloji \u2013 Technologies for Life\",\"publisher\":{\"@id\":\"https:\/\/www.eryigit.com.tr\/#organization\"},\"potentialAction\":[{\"@type\":\"SearchAction\",\"target\":{\"@type\":\"EntryPoint\",\"urlTemplate\":\"https:\/\/www.eryigit.com.tr\/?s={search_term_string}\"},\"query-input\":{\"@type\":\"PropertyValueSpecification\",\"valueRequired\":true,\"valueName\":\"search_term_string\"}}],\"inLanguage\":\"fr-FR\"},{\"@type\":\"Organization\",\"@id\":\"https:\/\/www.eryigit.com.tr\/#organization\",\"name\":\"Eryi\u011fit T\u0131bbi Cihazlar A.\u015e.\",\"url\":\"https:\/\/www.eryigit.com.tr\/\",\"logo\":{\"@type\":\"ImageObject\",\"inLanguage\":\"fr-FR\",\"@id\":\"https:\/\/www.eryigit.com.tr\/#\/schema\/logo\/image\/\",\"url\":\"https:\/\/www.eryigit.com.tr\/wp-content\/uploads\/eryigit-logo.jpg\",\"contentUrl\":\"https:\/\/www.eryigit.com.tr\/wp-content\/uploads\/eryigit-logo.jpg\",\"width\":168,\"height\":49,\"caption\":\"Eryi\u011fit T\u0131bbi Cihazlar A.\u015e.\"},\"image\":{\"@id\":\"https:\/\/www.eryigit.com.tr\/#\/schema\/logo\/image\/\"},\"sameAs\":[\"https:\/\/www.facebook.com\/eryigitmedical\/\",\"https:\/\/www.instagram.com\/eryigitmedical\/\",\"https:\/\/www.linkedin.com\/company\/eryi\u011fit-t\u0131bbi-cihazlar-\/\",\"https:\/\/www.youtube.com\/channel\/UCMaYrhKIcluSWpTNjQJw2Gw\"]}]}<\/script>\n<!-- \/ Yoast SEO plugin. -->","yoast_head_json":{"title":"Sterilnet - Eryi\u011fit Medical Devices Inc.","description":"Tous vos instruments disponibles dans l'\u00e9tablissement de sant\u00e9 peuvent \u00eatre enregistr\u00e9s et marqu\u00e9s avec le syst\u00e8me de codes-barres SterilNET. Avec ce syst\u00e8me de codage, vous pouvez surveiller tous les processus des instruments de votre organisation et suivre toutes les \u00e9tapes de la st\u00e9rilisation.","robots":{"index":"index","follow":"follow","max-snippet":"max-snippet:-1","max-image-preview":"max-image-preview:large","max-video-preview":"max-video-preview:-1"},"canonical":"https:\/\/www.eryigit.com.tr\/fr\/systems-de-codes-a-barres-de-sterilnet\/","twitter_misc":{"Dur\u00e9e de lecture estim\u00e9e":"3 minutes"},"schema":{"@context":"https:\/\/schema.org","@graph":[{"@type":"WebPage","@id":"https:\/\/www.eryigit.com.tr\/fr\/systems-de-codes-a-barres-de-sterilnet\/","url":"https:\/\/www.eryigit.com.tr\/fr\/systems-de-codes-a-barres-de-sterilnet\/","name":"Sterilnet - Eryi\u011fit Medical Devices Inc.","isPartOf":{"@id":"https:\/\/www.eryigit.com.tr\/#website"},"primaryImageOfPage":{"@id":"https:\/\/www.eryigit.com.tr\/fr\/systems-de-codes-a-barres-de-sterilnet\/#primaryimage"},"image":{"@id":"https:\/\/www.eryigit.com.tr\/fr\/systems-de-codes-a-barres-de-sterilnet\/#primaryimage"},"thumbnailUrl":"http:\/\/www.eryigit.com.tr\/wp-content\/uploads\/steril-net-300x206.jpg","datePublished":"2018-03-23T06:54:41+00:00","dateModified":"2021-12-14T14:10:13+00:00","description":"Tous vos instruments disponibles dans l'\u00e9tablissement de sant\u00e9 peuvent \u00eatre enregistr\u00e9s et marqu\u00e9s avec le syst\u00e8me de codes-barres SterilNET. Avec ce syst\u00e8me de codage, vous pouvez surveiller tous les processus des instruments de votre organisation et suivre toutes les \u00e9tapes de la st\u00e9rilisation.","breadcrumb":{"@id":"https:\/\/www.eryigit.com.tr\/fr\/systems-de-codes-a-barres-de-sterilnet\/#breadcrumb"},"inLanguage":"fr-FR","potentialAction":[{"@type":"ReadAction","target":["https:\/\/www.eryigit.com.tr\/fr\/systems-de-codes-a-barres-de-sterilnet\/"]}]},{"@type":"ImageObject","inLanguage":"fr-FR","@id":"https:\/\/www.eryigit.com.tr\/fr\/systems-de-codes-a-barres-de-sterilnet\/#primaryimage","url":"http:\/\/www.eryigit.com.tr\/wp-content\/uploads\/steril-net-300x206.jpg","contentUrl":"http:\/\/www.eryigit.com.tr\/wp-content\/uploads\/steril-net-300x206.jpg"},{"@type":"BreadcrumbList","@id":"https:\/\/www.eryigit.com.tr\/fr\/systems-de-codes-a-barres-de-sterilnet\/#breadcrumb","itemListElement":[{"@type":"ListItem","position":1,"name":"Ana sayfa","item":"https:\/\/www.eryigit.com.tr\/fr\/"},{"@type":"ListItem","position":2,"name":"STER\u0130LNET"}]},{"@type":"WebSite","@id":"https:\/\/www.eryigit.com.tr\/#website","url":"https:\/\/www.eryigit.com.tr\/","name":"Eryi\u011fit T\u0131bbi Cihazlar&amp;Biyoteknoloji","description":"Eryi\u011fit T\u0131bbi Cihazlar&amp;Biyoteknoloji \u2013 Technologies for Life","publisher":{"@id":"https:\/\/www.eryigit.com.tr\/#organization"},"potentialAction":[{"@type":"SearchAction","target":{"@type":"EntryPoint","urlTemplate":"https:\/\/www.eryigit.com.tr\/?s={search_term_string}"},"query-input":{"@type":"PropertyValueSpecification","valueRequired":true,"valueName":"search_term_string"}}],"inLanguage":"fr-FR"},{"@type":"Organization","@id":"https:\/\/www.eryigit.com.tr\/#organization","name":"Eryi\u011fit T\u0131bbi Cihazlar A.\u015e.","url":"https:\/\/www.eryigit.com.tr\/","logo":{"@type":"ImageObject","inLanguage":"fr-FR","@id":"https:\/\/www.eryigit.com.tr\/#\/schema\/logo\/image\/","url":"https:\/\/www.eryigit.com.tr\/wp-content\/uploads\/eryigit-logo.jpg","contentUrl":"https:\/\/www.eryigit.com.tr\/wp-content\/uploads\/eryigit-logo.jpg","width":168,"height":49,"caption":"Eryi\u011fit T\u0131bbi Cihazlar A.\u015e."},"image":{"@id":"https:\/\/www.eryigit.com.tr\/#\/schema\/logo\/image\/"},"sameAs":["https:\/\/www.facebook.com\/eryigitmedical\/","https:\/\/www.instagram.com\/eryigitmedical\/","https:\/\/www.linkedin.com\/company\/eryi\u011fit-t\u0131bbi-cihazlar-\/","https:\/\/www.youtube.com\/channel\/UCMaYrhKIcluSWpTNjQJw2Gw"]}]}},"_links":{"self":[{"href":"https:\/\/www.eryigit.com.tr\/fr\/wp-json\/wp\/v2\/pages\/7233","targetHints":{"allow":["GET"]}}],"collection":[{"href":"https:\/\/www.eryigit.com.tr\/fr\/wp-json\/wp\/v2\/pages"}],"about":[{"href":"https:\/\/www.eryigit.com.tr\/fr\/wp-json\/wp\/v2\/types\/page"}],"author":[{"embeddable":true,"href":"https:\/\/www.eryigit.com.tr\/fr\/wp-json\/wp\/v2\/users\/2"}],"replies":[{"embeddable":true,"href":"https:\/\/www.eryigit.com.tr\/fr\/wp-json\/wp\/v2\/comments?post=7233"}],"version-history":[{"count":0,"href":"https:\/\/www.eryigit.com.tr\/fr\/wp-json\/wp\/v2\/pages\/7233\/revisions"}],"wp:attachment":[{"href":"https:\/\/www.eryigit.com.tr\/fr\/wp-json\/wp\/v2\/media?parent=7233"}],"curies":[{"name":"wp","href":"https:\/\/api.w.org\/{rel}","templated":true}]}}