{"id":7239,"date":"2018-03-23T08:38:00","date_gmt":"2018-03-23T06:38:00","guid":{"rendered":"https:\/\/www.eryigit.com.tr\/we-fight-against-drugs-addiction\/"},"modified":"2021-12-14T17:14:56","modified_gmt":"2021-12-14T14:14:56","slug":"nous-luttons-contre-la-toxicomanie","status":"publish","type":"page","link":"https:\/\/www.eryigit.com.tr\/fr\/nous-luttons-contre-la-toxicomanie\/","title":{"rendered":"Nous luttons contre la toxicomanie"},"content":{"rendered":"<p class=\"p1\"><span class=\"s1\">Consid\u00e9rant la lutte contre la drogue comme un devoir de responsabilit\u00e9 sociale, Eryigit vise \u00e0 sensibiliser les jeunes et leurs familles \u00e0 la \u00ab\u00a0toxicomanie\u00a0\u00bb, qui est l&rsquo;un des plus gros probl\u00e8mes de monre paye due resti \u00c0 cette fin, Eryi\u011fit Medical Devices <\/span><span class=\"s2\">Il a \u00e9t\u00e9 le pionnier de la cr\u00e9ation de l&rsquo;Association internationale de lutte contre la toxicoman<span class=\"Apple-converted-space\">ie<\/span>(<a href=\"http:\/\/umudder.org\/\" target=\"_blank\" rel=\"noopener\">UMUDDER<\/a>). <\/span><\/p>\n<p class=\"p1\"><span class=\"s2\">UMUDDER, ba\u011f\u0131ml\u0131l\u0131kla etkin bir m\u00fccadele i\u00e7in kamu kurumlar\u0131, \u00fcniversiteler, yerel y\u00f6netimler ve sivil toplum kurulu\u015flar\u0131 ile i\u015fbirliklerine olumlu yakla\u015fmaktad\u0131r. UMUDDER soutient la recherche scientifique, les \u00e9tudes et les projets visant \u00e0 \u00e9liminer les facteurs de risque et m\u00e8ne des activit\u00e9s d&rsquo;information des citoyens.<\/span><\/p>\n","protected":false},"excerpt":{"rendered":"<p>Consid\u00e9rant la lutte contre la drogue comme un devoir de responsabilit\u00e9 sociale, Eryigit vise \u00e0 sensibiliser les jeunes et leurs familles \u00e0 la \u00ab\u00a0toxicomanie\u00a0\u00bb, qui est l&rsquo;un des plus gros probl\u00e8mes de monre paye due resti \u00c0 cette fin, Eryi\u011fit Medical Devices Il a \u00e9t\u00e9 le pionnier de la cr\u00e9ation de l&rsquo;Association internationale de lutte<\/p>\n","protected":false},"author":2,"featured_media":0,"parent":0,"menu_order":0,"comment_status":"closed","ping_status":"closed","template":"","meta":{"footnotes":""},"class_list":["post-7239","page","type-page","status-publish","hentry"],"yoast_head":"<!-- This site is optimized with the Yoast SEO plugin v24.1 - https:\/\/yoast.com\/wordpress\/plugins\/seo\/ -->\n<title>Nos projets de responsabilit\u00e9 sociale - Eryi\u011fit Medical Devices<\/title>\n<meta name=\"description\" content=\"Consid\u00e9rant la lutte contre la drogue comme un devoir de responsabilit\u00e9 sociale, Eryi\u011fit vise \u00e0 sensibiliser les jeunes et leurs familles \u00e0 la &quot;toxicomanie&quot;, qui est l&#039;un des plus gros probl\u00e8mes de notre pays ainsi que du reste du monde.\" \/>\n<meta name=\"robots\" content=\"index, follow, max-snippet:-1, max-image-preview:large, max-video-preview:-1\" \/>\n<link rel=\"canonical\" href=\"https:\/\/www.eryigit.com.tr\/fr\/nous-luttons-contre-la-toxicomanie\/\" \/>\n<meta name=\"twitter:label1\" content=\"Dur\u00e9e de lecture estim\u00e9e\" \/>\n\t<meta name=\"twitter:data1\" content=\"1 minute\" \/>\n<script type=\"application\/ld+json\" class=\"yoast-schema-graph\">{\"@context\":\"https:\/\/schema.org\",\"@graph\":[{\"@type\":\"WebPage\",\"@id\":\"https:\/\/www.eryigit.com.tr\/fr\/nous-luttons-contre-la-toxicomanie\/\",\"url\":\"https:\/\/www.eryigit.com.tr\/fr\/nous-luttons-contre-la-toxicomanie\/\",\"name\":\"Nos projets de responsabilit\u00e9 sociale - Eryi\u011fit Medical Devices\",\"isPartOf\":{\"@id\":\"https:\/\/www.eryigit.com.tr\/#website\"},\"datePublished\":\"2018-03-23T06:38:00+00:00\",\"dateModified\":\"2021-12-14T14:14:56+00:00\",\"description\":\"Consid\u00e9rant la lutte contre la drogue comme un devoir de responsabilit\u00e9 sociale, Eryi\u011fit vise \u00e0 sensibiliser les jeunes et leurs familles \u00e0 la \\\"toxicomanie\\\", qui est l'un des plus gros probl\u00e8mes de notre pays ainsi que du reste du monde.\",\"breadcrumb\":{\"@id\":\"https:\/\/www.eryigit.com.tr\/fr\/nous-luttons-contre-la-toxicomanie\/#breadcrumb\"},\"inLanguage\":\"fr-FR\",\"potentialAction\":[{\"@type\":\"ReadAction\",\"target\":[\"https:\/\/www.eryigit.com.tr\/fr\/nous-luttons-contre-la-toxicomanie\/\"]}]},{\"@type\":\"BreadcrumbList\",\"@id\":\"https:\/\/www.eryigit.com.tr\/fr\/nous-luttons-contre-la-toxicomanie\/#breadcrumb\",\"itemListElement\":[{\"@type\":\"ListItem\",\"position\":1,\"name\":\"Ana sayfa\",\"item\":\"https:\/\/www.eryigit.com.tr\/fr\/\"},{\"@type\":\"ListItem\",\"position\":2,\"name\":\"Nous luttons contre la toxicomanie\"}]},{\"@type\":\"WebSite\",\"@id\":\"https:\/\/www.eryigit.com.tr\/#website\",\"url\":\"https:\/\/www.eryigit.com.tr\/\",\"name\":\"Eryi\u011fit T\u0131bbi Cihazlar&amp;Biyoteknoloji\",\"description\":\"Eryi\u011fit T\u0131bbi Cihazlar&amp;Biyoteknoloji \u2013 Technologies for Life\",\"publisher\":{\"@id\":\"https:\/\/www.eryigit.com.tr\/#organization\"},\"potentialAction\":[{\"@type\":\"SearchAction\",\"target\":{\"@type\":\"EntryPoint\",\"urlTemplate\":\"https:\/\/www.eryigit.com.tr\/?s={search_term_string}\"},\"query-input\":{\"@type\":\"PropertyValueSpecification\",\"valueRequired\":true,\"valueName\":\"search_term_string\"}}],\"inLanguage\":\"fr-FR\"},{\"@type\":\"Organization\",\"@id\":\"https:\/\/www.eryigit.com.tr\/#organization\",\"name\":\"Eryi\u011fit T\u0131bbi Cihazlar A.\u015e.\",\"url\":\"https:\/\/www.eryigit.com.tr\/\",\"logo\":{\"@type\":\"ImageObject\",\"inLanguage\":\"fr-FR\",\"@id\":\"https:\/\/www.eryigit.com.tr\/#\/schema\/logo\/image\/\",\"url\":\"https:\/\/www.eryigit.com.tr\/wp-content\/uploads\/eryigit-logo.jpg\",\"contentUrl\":\"https:\/\/www.eryigit.com.tr\/wp-content\/uploads\/eryigit-logo.jpg\",\"width\":168,\"height\":49,\"caption\":\"Eryi\u011fit T\u0131bbi Cihazlar A.\u015e.\"},\"image\":{\"@id\":\"https:\/\/www.eryigit.com.tr\/#\/schema\/logo\/image\/\"},\"sameAs\":[\"https:\/\/www.facebook.com\/eryigitmedical\/\",\"https:\/\/www.instagram.com\/eryigitmedical\/\",\"https:\/\/www.linkedin.com\/company\/eryi\u011fit-t\u0131bbi-cihazlar-\/\",\"https:\/\/www.youtube.com\/channel\/UCMaYrhKIcluSWpTNjQJw2Gw\"]}]}<\/script>\n<!-- \/ Yoast SEO plugin. -->","yoast_head_json":{"title":"Nos projets de responsabilit\u00e9 sociale - Eryi\u011fit Medical Devices","description":"Consid\u00e9rant la lutte contre la drogue comme un devoir de responsabilit\u00e9 sociale, Eryi\u011fit vise \u00e0 sensibiliser les jeunes et leurs familles \u00e0 la \"toxicomanie\", qui est l'un des plus gros probl\u00e8mes de notre pays ainsi que du reste du monde.","robots":{"index":"index","follow":"follow","max-snippet":"max-snippet:-1","max-image-preview":"max-image-preview:large","max-video-preview":"max-video-preview:-1"},"canonical":"https:\/\/www.eryigit.com.tr\/fr\/nous-luttons-contre-la-toxicomanie\/","twitter_misc":{"Dur\u00e9e de lecture estim\u00e9e":"1 minute"},"schema":{"@context":"https:\/\/schema.org","@graph":[{"@type":"WebPage","@id":"https:\/\/www.eryigit.com.tr\/fr\/nous-luttons-contre-la-toxicomanie\/","url":"https:\/\/www.eryigit.com.tr\/fr\/nous-luttons-contre-la-toxicomanie\/","name":"Nos projets de responsabilit\u00e9 sociale - Eryi\u011fit Medical Devices","isPartOf":{"@id":"https:\/\/www.eryigit.com.tr\/#website"},"datePublished":"2018-03-23T06:38:00+00:00","dateModified":"2021-12-14T14:14:56+00:00","description":"Consid\u00e9rant la lutte contre la drogue comme un devoir de responsabilit\u00e9 sociale, Eryi\u011fit vise \u00e0 sensibiliser les jeunes et leurs familles \u00e0 la \"toxicomanie\", qui est l'un des plus gros probl\u00e8mes de notre pays ainsi que du reste du monde.","breadcrumb":{"@id":"https:\/\/www.eryigit.com.tr\/fr\/nous-luttons-contre-la-toxicomanie\/#breadcrumb"},"inLanguage":"fr-FR","potentialAction":[{"@type":"ReadAction","target":["https:\/\/www.eryigit.com.tr\/fr\/nous-luttons-contre-la-toxicomanie\/"]}]},{"@type":"BreadcrumbList","@id":"https:\/\/www.eryigit.com.tr\/fr\/nous-luttons-contre-la-toxicomanie\/#breadcrumb","itemListElement":[{"@type":"ListItem","position":1,"name":"Ana sayfa","item":"https:\/\/www.eryigit.com.tr\/fr\/"},{"@type":"ListItem","position":2,"name":"Nous luttons contre la toxicomanie"}]},{"@type":"WebSite","@id":"https:\/\/www.eryigit.com.tr\/#website","url":"https:\/\/www.eryigit.com.tr\/","name":"Eryi\u011fit T\u0131bbi Cihazlar&amp;Biyoteknoloji","description":"Eryi\u011fit T\u0131bbi Cihazlar&amp;Biyoteknoloji \u2013 Technologies for Life","publisher":{"@id":"https:\/\/www.eryigit.com.tr\/#organization"},"potentialAction":[{"@type":"SearchAction","target":{"@type":"EntryPoint","urlTemplate":"https:\/\/www.eryigit.com.tr\/?s={search_term_string}"},"query-input":{"@type":"PropertyValueSpecification","valueRequired":true,"valueName":"search_term_string"}}],"inLanguage":"fr-FR"},{"@type":"Organization","@id":"https:\/\/www.eryigit.com.tr\/#organization","name":"Eryi\u011fit T\u0131bbi Cihazlar A.\u015e.","url":"https:\/\/www.eryigit.com.tr\/","logo":{"@type":"ImageObject","inLanguage":"fr-FR","@id":"https:\/\/www.eryigit.com.tr\/#\/schema\/logo\/image\/","url":"https:\/\/www.eryigit.com.tr\/wp-content\/uploads\/eryigit-logo.jpg","contentUrl":"https:\/\/www.eryigit.com.tr\/wp-content\/uploads\/eryigit-logo.jpg","width":168,"height":49,"caption":"Eryi\u011fit T\u0131bbi Cihazlar A.\u015e."},"image":{"@id":"https:\/\/www.eryigit.com.tr\/#\/schema\/logo\/image\/"},"sameAs":["https:\/\/www.facebook.com\/eryigitmedical\/","https:\/\/www.instagram.com\/eryigitmedical\/","https:\/\/www.linkedin.com\/company\/eryi\u011fit-t\u0131bbi-cihazlar-\/","https:\/\/www.youtube.com\/channel\/UCMaYrhKIcluSWpTNjQJw2Gw"]}]}},"_links":{"self":[{"href":"https:\/\/www.eryigit.com.tr\/fr\/wp-json\/wp\/v2\/pages\/7239","targetHints":{"allow":["GET"]}}],"collection":[{"href":"https:\/\/www.eryigit.com.tr\/fr\/wp-json\/wp\/v2\/pages"}],"about":[{"href":"https:\/\/www.eryigit.com.tr\/fr\/wp-json\/wp\/v2\/types\/page"}],"author":[{"embeddable":true,"href":"https:\/\/www.eryigit.com.tr\/fr\/wp-json\/wp\/v2\/users\/2"}],"replies":[{"embeddable":true,"href":"https:\/\/www.eryigit.com.tr\/fr\/wp-json\/wp\/v2\/comments?post=7239"}],"version-history":[{"count":0,"href":"https:\/\/www.eryigit.com.tr\/fr\/wp-json\/wp\/v2\/pages\/7239\/revisions"}],"wp:attachment":[{"href":"https:\/\/www.eryigit.com.tr\/fr\/wp-json\/wp\/v2\/media?parent=7239"}],"curies":[{"name":"wp","href":"https:\/\/api.w.org\/{rel}","templated":true}]}}