{"id":16788,"date":"2024-02-19T14:07:19","date_gmt":"2024-02-19T11:07:19","guid":{"rendered":"https:\/\/www.eryigit.com.tr\/%d0%bd%d0%b0%d1%88%d0%b8-%d0%bf%d0%b0%d1%82%d0%b5%d0%bd%d1%82%d1%8b\/"},"modified":"2024-02-21T10:59:09","modified_gmt":"2024-02-21T07:59:09","slug":"%d0%bd%d0%b0%d1%88%d0%b8-%d0%bf%d0%b0%d1%82%d0%b5%d0%bd%d1%82%d1%8b","status":"publish","type":"page","link":"https:\/\/www.eryigit.com.tr\/ru\/%d0%b0%d0%ba%d0%b0%d0%b4%d0%b5%d0%bc%d0%b8%d1%8f-%d1%8d%d1%80%d0%b8%d0%b8%d0%b3%d0%b8%d1%82\/%d0%bd%d0%b0%d1%88%d0%b8-%d0%bf%d0%b0%d1%82%d0%b5%d0%bd%d1%82%d1%8b\/","title":{"rendered":"\u041d\u0430\u0448\u0438 \u043f\u0430\u0442\u0435\u043d\u0442\u044b"},"content":{"rendered":"","protected":false},"excerpt":{"rendered":"","protected":false},"author":2,"featured_media":0,"parent":16877,"menu_order":0,"comment_status":"closed","ping_status":"closed","template":"","meta":{"footnotes":""},"class_list":["post-16788","page","type-page","status-publish","hentry"],"yoast_head":"<!-- This site is optimized with the Yoast SEO plugin v24.1 - https:\/\/yoast.com\/wordpress\/plugins\/seo\/ -->\n<title>\u041d\u0430\u0448\u0438 \u043f\u0430\u0442\u0435\u043d\u0442\u044b | Eryi\u011fit T\u0131bbi Cihazlar&amp;Biyoteknoloji<\/title>\n<meta name=\"robots\" content=\"index, follow, max-snippet:-1, max-image-preview:large, max-video-preview:-1\" \/>\n<link rel=\"canonical\" href=\"https:\/\/www.eryigit.com.tr\/ru\/\u0430\u043a\u0430\u0434\u0435\u043c\u0438\u044f-\u044d\u0440\u0438\u0438\u0433\u0438\u0442\/\u043d\u0430\u0448\u0438-\u043f\u0430\u0442\u0435\u043d\u0442\u044b\/\" \/>\n<script type=\"application\/ld+json\" class=\"yoast-schema-graph\">{\"@context\":\"https:\/\/schema.org\",\"@graph\":[{\"@type\":\"WebPage\",\"@id\":\"https:\/\/www.eryigit.com.tr\/ru\/%d0%b0%d0%ba%d0%b0%d0%b4%d0%b5%d0%bc%d0%b8%d1%8f-%d1%8d%d1%80%d0%b8%d0%b8%d0%b3%d0%b8%d1%82\/%d0%bd%d0%b0%d1%88%d0%b8-%d0%bf%d0%b0%d1%82%d0%b5%d0%bd%d1%82%d1%8b\/\",\"url\":\"https:\/\/www.eryigit.com.tr\/ru\/%d0%b0%d0%ba%d0%b0%d0%b4%d0%b5%d0%bc%d0%b8%d1%8f-%d1%8d%d1%80%d0%b8%d0%b8%d0%b3%d0%b8%d1%82\/%d0%bd%d0%b0%d1%88%d0%b8-%d0%bf%d0%b0%d1%82%d0%b5%d0%bd%d1%82%d1%8b\/\",\"name\":\"\u041d\u0430\u0448\u0438 \u043f\u0430\u0442\u0435\u043d\u0442\u044b | Eryi\u011fit T\u0131bbi Cihazlar&amp;Biyoteknoloji\",\"isPartOf\":{\"@id\":\"https:\/\/www.eryigit.com.tr\/#website\"},\"datePublished\":\"2024-02-19T11:07:19+00:00\",\"dateModified\":\"2024-02-21T07:59:09+00:00\",\"breadcrumb\":{\"@id\":\"https:\/\/www.eryigit.com.tr\/ru\/%d0%b0%d0%ba%d0%b0%d0%b4%d0%b5%d0%bc%d0%b8%d1%8f-%d1%8d%d1%80%d0%b8%d0%b8%d0%b3%d0%b8%d1%82\/%d0%bd%d0%b0%d1%88%d0%b8-%d0%bf%d0%b0%d1%82%d0%b5%d0%bd%d1%82%d1%8b\/#breadcrumb\"},\"inLanguage\":\"ru-RU\",\"potentialAction\":[{\"@type\":\"ReadAction\",\"target\":[\"https:\/\/www.eryigit.com.tr\/ru\/%d0%b0%d0%ba%d0%b0%d0%b4%d0%b5%d0%bc%d0%b8%d1%8f-%d1%8d%d1%80%d0%b8%d0%b8%d0%b3%d0%b8%d1%82\/%d0%bd%d0%b0%d1%88%d0%b8-%d0%bf%d0%b0%d1%82%d0%b5%d0%bd%d1%82%d1%8b\/\"]}]},{\"@type\":\"BreadcrumbList\",\"@id\":\"https:\/\/www.eryigit.com.tr\/ru\/%d0%b0%d0%ba%d0%b0%d0%b4%d0%b5%d0%bc%d0%b8%d1%8f-%d1%8d%d1%80%d0%b8%d0%b8%d0%b3%d0%b8%d1%82\/%d0%bd%d0%b0%d1%88%d0%b8-%d0%bf%d0%b0%d1%82%d0%b5%d0%bd%d1%82%d1%8b\/#breadcrumb\",\"itemListElement\":[{\"@type\":\"ListItem\",\"position\":1,\"name\":\"Ana sayfa\",\"item\":\"https:\/\/www.eryigit.com.tr\/ru\/\"},{\"@type\":\"ListItem\",\"position\":2,\"name\":\"\u0410\u043a\u0430\u0434\u0435\u043c\u0438\u044f \u042d\u0440\u0438\u0438\u0433\u0438\u0442\",\"item\":\"https:\/\/www.eryigit.com.tr\/ru\/%d0%b0%d0%ba%d0%b0%d0%b4%d0%b5%d0%bc%d0%b8%d1%8f-%d1%8d%d1%80%d0%b8%d0%b8%d0%b3%d0%b8%d1%82\/\"},{\"@type\":\"ListItem\",\"position\":3,\"name\":\"\u041d\u0430\u0448\u0438 \u043f\u0430\u0442\u0435\u043d\u0442\u044b\"}]},{\"@type\":\"WebSite\",\"@id\":\"https:\/\/www.eryigit.com.tr\/#website\",\"url\":\"https:\/\/www.eryigit.com.tr\/\",\"name\":\"Eryi\u011fit T\u0131bbi Cihazlar&amp;Biyoteknoloji\",\"description\":\"Eryi\u011fit T\u0131bbi Cihazlar&amp;Biyoteknoloji \u2013 Technologies for Life\",\"publisher\":{\"@id\":\"https:\/\/www.eryigit.com.tr\/#organization\"},\"potentialAction\":[{\"@type\":\"SearchAction\",\"target\":{\"@type\":\"EntryPoint\",\"urlTemplate\":\"https:\/\/www.eryigit.com.tr\/?s={search_term_string}\"},\"query-input\":{\"@type\":\"PropertyValueSpecification\",\"valueRequired\":true,\"valueName\":\"search_term_string\"}}],\"inLanguage\":\"ru-RU\"},{\"@type\":\"Organization\",\"@id\":\"https:\/\/www.eryigit.com.tr\/#organization\",\"name\":\"Eryi\u011fit T\u0131bbi Cihazlar A.\u015e.\",\"url\":\"https:\/\/www.eryigit.com.tr\/\",\"logo\":{\"@type\":\"ImageObject\",\"inLanguage\":\"ru-RU\",\"@id\":\"https:\/\/www.eryigit.com.tr\/#\/schema\/logo\/image\/\",\"url\":\"https:\/\/www.eryigit.com.tr\/wp-content\/uploads\/eryigit-logo.jpg\",\"contentUrl\":\"https:\/\/www.eryigit.com.tr\/wp-content\/uploads\/eryigit-logo.jpg\",\"width\":168,\"height\":49,\"caption\":\"Eryi\u011fit T\u0131bbi Cihazlar A.\u015e.\"},\"image\":{\"@id\":\"https:\/\/www.eryigit.com.tr\/#\/schema\/logo\/image\/\"},\"sameAs\":[\"https:\/\/www.facebook.com\/eryigitmedical\/\",\"https:\/\/www.instagram.com\/eryigitmedical\/\",\"https:\/\/www.linkedin.com\/company\/eryi\u011fit-t\u0131bbi-cihazlar-\/\",\"https:\/\/www.youtube.com\/channel\/UCMaYrhKIcluSWpTNjQJw2Gw\"]}]}<\/script>\n<!-- \/ Yoast SEO plugin. -->","yoast_head_json":{"title":"\u041d\u0430\u0448\u0438 \u043f\u0430\u0442\u0435\u043d\u0442\u044b | Eryi\u011fit T\u0131bbi Cihazlar&amp;Biyoteknoloji","robots":{"index":"index","follow":"follow","max-snippet":"max-snippet:-1","max-image-preview":"max-image-preview:large","max-video-preview":"max-video-preview:-1"},"canonical":"https:\/\/www.eryigit.com.tr\/ru\/\u0430\u043a\u0430\u0434\u0435\u043c\u0438\u044f-\u044d\u0440\u0438\u0438\u0433\u0438\u0442\/\u043d\u0430\u0448\u0438-\u043f\u0430\u0442\u0435\u043d\u0442\u044b\/","schema":{"@context":"https:\/\/schema.org","@graph":[{"@type":"WebPage","@id":"https:\/\/www.eryigit.com.tr\/ru\/%d0%b0%d0%ba%d0%b0%d0%b4%d0%b5%d0%bc%d0%b8%d1%8f-%d1%8d%d1%80%d0%b8%d0%b8%d0%b3%d0%b8%d1%82\/%d0%bd%d0%b0%d1%88%d0%b8-%d0%bf%d0%b0%d1%82%d0%b5%d0%bd%d1%82%d1%8b\/","url":"https:\/\/www.eryigit.com.tr\/ru\/%d0%b0%d0%ba%d0%b0%d0%b4%d0%b5%d0%bc%d0%b8%d1%8f-%d1%8d%d1%80%d0%b8%d0%b8%d0%b3%d0%b8%d1%82\/%d0%bd%d0%b0%d1%88%d0%b8-%d0%bf%d0%b0%d1%82%d0%b5%d0%bd%d1%82%d1%8b\/","name":"\u041d\u0430\u0448\u0438 \u043f\u0430\u0442\u0435\u043d\u0442\u044b | Eryi\u011fit T\u0131bbi Cihazlar&amp;Biyoteknoloji","isPartOf":{"@id":"https:\/\/www.eryigit.com.tr\/#website"},"datePublished":"2024-02-19T11:07:19+00:00","dateModified":"2024-02-21T07:59:09+00:00","breadcrumb":{"@id":"https:\/\/www.eryigit.com.tr\/ru\/%d0%b0%d0%ba%d0%b0%d0%b4%d0%b5%d0%bc%d0%b8%d1%8f-%d1%8d%d1%80%d0%b8%d0%b8%d0%b3%d0%b8%d1%82\/%d0%bd%d0%b0%d1%88%d0%b8-%d0%bf%d0%b0%d1%82%d0%b5%d0%bd%d1%82%d1%8b\/#breadcrumb"},"inLanguage":"ru-RU","potentialAction":[{"@type":"ReadAction","target":["https:\/\/www.eryigit.com.tr\/ru\/%d0%b0%d0%ba%d0%b0%d0%b4%d0%b5%d0%bc%d0%b8%d1%8f-%d1%8d%d1%80%d0%b8%d0%b8%d0%b3%d0%b8%d1%82\/%d0%bd%d0%b0%d1%88%d0%b8-%d0%bf%d0%b0%d1%82%d0%b5%d0%bd%d1%82%d1%8b\/"]}]},{"@type":"BreadcrumbList","@id":"https:\/\/www.eryigit.com.tr\/ru\/%d0%b0%d0%ba%d0%b0%d0%b4%d0%b5%d0%bc%d0%b8%d1%8f-%d1%8d%d1%80%d0%b8%d0%b8%d0%b3%d0%b8%d1%82\/%d0%bd%d0%b0%d1%88%d0%b8-%d0%bf%d0%b0%d1%82%d0%b5%d0%bd%d1%82%d1%8b\/#breadcrumb","itemListElement":[{"@type":"ListItem","position":1,"name":"Ana sayfa","item":"https:\/\/www.eryigit.com.tr\/ru\/"},{"@type":"ListItem","position":2,"name":"\u0410\u043a\u0430\u0434\u0435\u043c\u0438\u044f \u042d\u0440\u0438\u0438\u0433\u0438\u0442","item":"https:\/\/www.eryigit.com.tr\/ru\/%d0%b0%d0%ba%d0%b0%d0%b4%d0%b5%d0%bc%d0%b8%d1%8f-%d1%8d%d1%80%d0%b8%d0%b8%d0%b3%d0%b8%d1%82\/"},{"@type":"ListItem","position":3,"name":"\u041d\u0430\u0448\u0438 \u043f\u0430\u0442\u0435\u043d\u0442\u044b"}]},{"@type":"WebSite","@id":"https:\/\/www.eryigit.com.tr\/#website","url":"https:\/\/www.eryigit.com.tr\/","name":"Eryi\u011fit T\u0131bbi Cihazlar&amp;Biyoteknoloji","description":"Eryi\u011fit T\u0131bbi Cihazlar&amp;Biyoteknoloji \u2013 Technologies for Life","publisher":{"@id":"https:\/\/www.eryigit.com.tr\/#organization"},"potentialAction":[{"@type":"SearchAction","target":{"@type":"EntryPoint","urlTemplate":"https:\/\/www.eryigit.com.tr\/?s={search_term_string}"},"query-input":{"@type":"PropertyValueSpecification","valueRequired":true,"valueName":"search_term_string"}}],"inLanguage":"ru-RU"},{"@type":"Organization","@id":"https:\/\/www.eryigit.com.tr\/#organization","name":"Eryi\u011fit T\u0131bbi Cihazlar A.\u015e.","url":"https:\/\/www.eryigit.com.tr\/","logo":{"@type":"ImageObject","inLanguage":"ru-RU","@id":"https:\/\/www.eryigit.com.tr\/#\/schema\/logo\/image\/","url":"https:\/\/www.eryigit.com.tr\/wp-content\/uploads\/eryigit-logo.jpg","contentUrl":"https:\/\/www.eryigit.com.tr\/wp-content\/uploads\/eryigit-logo.jpg","width":168,"height":49,"caption":"Eryi\u011fit T\u0131bbi Cihazlar A.\u015e."},"image":{"@id":"https:\/\/www.eryigit.com.tr\/#\/schema\/logo\/image\/"},"sameAs":["https:\/\/www.facebook.com\/eryigitmedical\/","https:\/\/www.instagram.com\/eryigitmedical\/","https:\/\/www.linkedin.com\/company\/eryi\u011fit-t\u0131bbi-cihazlar-\/","https:\/\/www.youtube.com\/channel\/UCMaYrhKIcluSWpTNjQJw2Gw"]}]}},"_links":{"self":[{"href":"https:\/\/www.eryigit.com.tr\/ru\/wp-json\/wp\/v2\/pages\/16788","targetHints":{"allow":["GET"]}}],"collection":[{"href":"https:\/\/www.eryigit.com.tr\/ru\/wp-json\/wp\/v2\/pages"}],"about":[{"href":"https:\/\/www.eryigit.com.tr\/ru\/wp-json\/wp\/v2\/types\/page"}],"author":[{"embeddable":true,"href":"https:\/\/www.eryigit.com.tr\/ru\/wp-json\/wp\/v2\/users\/2"}],"replies":[{"embeddable":true,"href":"https:\/\/www.eryigit.com.tr\/ru\/wp-json\/wp\/v2\/comments?post=16788"}],"version-history":[{"count":0,"href":"https:\/\/www.eryigit.com.tr\/ru\/wp-json\/wp\/v2\/pages\/16788\/revisions"}],"up":[{"embeddable":true,"href":"https:\/\/www.eryigit.com.tr\/ru\/wp-json\/wp\/v2\/pages\/16877"}],"wp:attachment":[{"href":"https:\/\/www.eryigit.com.tr\/ru\/wp-json\/wp\/v2\/media?parent=16788"}],"curies":[{"name":"wp","href":"https:\/\/api.w.org\/{rel}","templated":true}]}}