{"id":16789,"date":"2024-02-19T14:08:42","date_gmt":"2024-02-19T11:08:42","guid":{"rendered":"https:\/\/www.eryigit.com.tr\/%d0%bd%d0%be%d0%b2%d0%be%d1%81%d1%82%d0%b8-%d0%be%d1%82-%d0%bd%d0%b0%d1%81\/"},"modified":"2024-02-20T17:27:39","modified_gmt":"2024-02-20T14:27:39","slug":"%d0%bd%d0%be%d0%b2%d0%be%d1%81%d1%82%d0%b8-%d0%be%d1%82-%d0%bd%d0%b0%d1%81","status":"publish","type":"page","link":"https:\/\/www.eryigit.com.tr\/ru\/%d0%bd%d0%be%d0%b2%d0%be%d1%81%d1%82%d0%b8-%d0%be%d1%82-%d0%bd%d0%b0%d1%81\/","title":{"rendered":"\u041d\u043e\u0432\u043e\u0441\u0442\u0438 \u043e\u0442 \u043d\u0430\u0441"},"content":{"rendered":"","protected":false},"excerpt":{"rendered":"","protected":false},"author":1,"featured_media":0,"parent":0,"menu_order":0,"comment_status":"closed","ping_status":"closed","template":"","meta":{"footnotes":""},"class_list":["post-16789","page","type-page","status-publish","hentry"],"yoast_head":"<!-- This site is optimized with the Yoast SEO plugin v24.1 - https:\/\/yoast.com\/wordpress\/plugins\/seo\/ -->\n<title>\u041d\u043e\u0432\u043e\u0441\u0442\u0438 \u043e\u0442 \u043d\u0430\u0441 - Eryigit T\u0131bbi Cihazlar AS<\/title>\n<meta name=\"description\" content=\"\u041f\u043e\u0441\u043b\u0435\u0434\u043d\u0438\u0435 \u0441\u043e\u0431\u044b\u0442\u0438\u044f, \u0441\u0432\u044f\u0437\u0430\u043d\u043d\u044b\u0435 \u0441 Eryi\u011fit T\u0131bbi Cihazlar A\u015e, \u0432\u044b \u043c\u043e\u0436\u0435\u0442\u0435 \u043d\u0430\u0439\u0442\u0438 \u0432 \u043d\u0430\u0448\u0435\u043c \u0440\u0430\u0437\u0434\u0435\u043b\u0435 \u043d\u043e\u0432\u043e\u0441\u0442\u0435\u0439\" \/>\n<meta name=\"robots\" content=\"index, follow, max-snippet:-1, max-image-preview:large, max-video-preview:-1\" \/>\n<link rel=\"canonical\" href=\"https:\/\/www.eryigit.com.tr\/ru\/\u043d\u043e\u0432\u043e\u0441\u0442\u0438-\u043e\u0442-\u043d\u0430\u0441\/\" \/>\n<script type=\"application\/ld+json\" class=\"yoast-schema-graph\">{\"@context\":\"https:\/\/schema.org\",\"@graph\":[{\"@type\":\"WebPage\",\"@id\":\"https:\/\/www.eryigit.com.tr\/ru\/%d0%bd%d0%be%d0%b2%d0%be%d1%81%d1%82%d0%b8-%d0%be%d1%82-%d0%bd%d0%b0%d1%81\/\",\"url\":\"https:\/\/www.eryigit.com.tr\/ru\/%d0%bd%d0%be%d0%b2%d0%be%d1%81%d1%82%d0%b8-%d0%be%d1%82-%d0%bd%d0%b0%d1%81\/\",\"name\":\"\u041d\u043e\u0432\u043e\u0441\u0442\u0438 \u043e\u0442 \u043d\u0430\u0441 - Eryigit T\u0131bbi Cihazlar AS\",\"isPartOf\":{\"@id\":\"https:\/\/www.eryigit.com.tr\/#website\"},\"datePublished\":\"2024-02-19T11:08:42+00:00\",\"dateModified\":\"2024-02-20T14:27:39+00:00\",\"description\":\"\u041f\u043e\u0441\u043b\u0435\u0434\u043d\u0438\u0435 \u0441\u043e\u0431\u044b\u0442\u0438\u044f, \u0441\u0432\u044f\u0437\u0430\u043d\u043d\u044b\u0435 \u0441 Eryi\u011fit T\u0131bbi Cihazlar A\u015e, \u0432\u044b \u043c\u043e\u0436\u0435\u0442\u0435 \u043d\u0430\u0439\u0442\u0438 \u0432 \u043d\u0430\u0448\u0435\u043c \u0440\u0430\u0437\u0434\u0435\u043b\u0435 \u043d\u043e\u0432\u043e\u0441\u0442\u0435\u0439\",\"breadcrumb\":{\"@id\":\"https:\/\/www.eryigit.com.tr\/ru\/%d0%bd%d0%be%d0%b2%d0%be%d1%81%d1%82%d0%b8-%d0%be%d1%82-%d0%bd%d0%b0%d1%81\/#breadcrumb\"},\"inLanguage\":\"ru-RU\",\"potentialAction\":[{\"@type\":\"ReadAction\",\"target\":[\"https:\/\/www.eryigit.com.tr\/ru\/%d0%bd%d0%be%d0%b2%d0%be%d1%81%d1%82%d0%b8-%d0%be%d1%82-%d0%bd%d0%b0%d1%81\/\"]}]},{\"@type\":\"BreadcrumbList\",\"@id\":\"https:\/\/www.eryigit.com.tr\/ru\/%d0%bd%d0%be%d0%b2%d0%be%d1%81%d1%82%d0%b8-%d0%be%d1%82-%d0%bd%d0%b0%d1%81\/#breadcrumb\",\"itemListElement\":[{\"@type\":\"ListItem\",\"position\":1,\"name\":\"Ana sayfa\",\"item\":\"https:\/\/www.eryigit.com.tr\/ru\/\"},{\"@type\":\"ListItem\",\"position\":2,\"name\":\"\u041d\u043e\u0432\u043e\u0441\u0442\u0438 \u043e\u0442 \u043d\u0430\u0441\"}]},{\"@type\":\"WebSite\",\"@id\":\"https:\/\/www.eryigit.com.tr\/#website\",\"url\":\"https:\/\/www.eryigit.com.tr\/\",\"name\":\"Eryi\u011fit T\u0131bbi Cihazlar&amp;Biyoteknoloji\",\"description\":\"Eryi\u011fit T\u0131bbi Cihazlar&amp;Biyoteknoloji \u2013 Technologies for Life\",\"publisher\":{\"@id\":\"https:\/\/www.eryigit.com.tr\/#organization\"},\"potentialAction\":[{\"@type\":\"SearchAction\",\"target\":{\"@type\":\"EntryPoint\",\"urlTemplate\":\"https:\/\/www.eryigit.com.tr\/?s={search_term_string}\"},\"query-input\":{\"@type\":\"PropertyValueSpecification\",\"valueRequired\":true,\"valueName\":\"search_term_string\"}}],\"inLanguage\":\"ru-RU\"},{\"@type\":\"Organization\",\"@id\":\"https:\/\/www.eryigit.com.tr\/#organization\",\"name\":\"Eryi\u011fit T\u0131bbi Cihazlar A.\u015e.\",\"url\":\"https:\/\/www.eryigit.com.tr\/\",\"logo\":{\"@type\":\"ImageObject\",\"inLanguage\":\"ru-RU\",\"@id\":\"https:\/\/www.eryigit.com.tr\/#\/schema\/logo\/image\/\",\"url\":\"https:\/\/www.eryigit.com.tr\/wp-content\/uploads\/eryigit-logo.jpg\",\"contentUrl\":\"https:\/\/www.eryigit.com.tr\/wp-content\/uploads\/eryigit-logo.jpg\",\"width\":168,\"height\":49,\"caption\":\"Eryi\u011fit T\u0131bbi Cihazlar A.\u015e.\"},\"image\":{\"@id\":\"https:\/\/www.eryigit.com.tr\/#\/schema\/logo\/image\/\"},\"sameAs\":[\"https:\/\/www.facebook.com\/eryigitmedical\/\",\"https:\/\/www.instagram.com\/eryigitmedical\/\",\"https:\/\/www.linkedin.com\/company\/eryi\u011fit-t\u0131bbi-cihazlar-\/\",\"https:\/\/www.youtube.com\/channel\/UCMaYrhKIcluSWpTNjQJw2Gw\"]}]}<\/script>\n<!-- \/ Yoast SEO plugin. -->","yoast_head_json":{"title":"\u041d\u043e\u0432\u043e\u0441\u0442\u0438 \u043e\u0442 \u043d\u0430\u0441 - Eryigit T\u0131bbi Cihazlar AS","description":"\u041f\u043e\u0441\u043b\u0435\u0434\u043d\u0438\u0435 \u0441\u043e\u0431\u044b\u0442\u0438\u044f, \u0441\u0432\u044f\u0437\u0430\u043d\u043d\u044b\u0435 \u0441 Eryi\u011fit T\u0131bbi Cihazlar A\u015e, \u0432\u044b \u043c\u043e\u0436\u0435\u0442\u0435 \u043d\u0430\u0439\u0442\u0438 \u0432 \u043d\u0430\u0448\u0435\u043c \u0440\u0430\u0437\u0434\u0435\u043b\u0435 \u043d\u043e\u0432\u043e\u0441\u0442\u0435\u0439","robots":{"index":"index","follow":"follow","max-snippet":"max-snippet:-1","max-image-preview":"max-image-preview:large","max-video-preview":"max-video-preview:-1"},"canonical":"https:\/\/www.eryigit.com.tr\/ru\/\u043d\u043e\u0432\u043e\u0441\u0442\u0438-\u043e\u0442-\u043d\u0430\u0441\/","schema":{"@context":"https:\/\/schema.org","@graph":[{"@type":"WebPage","@id":"https:\/\/www.eryigit.com.tr\/ru\/%d0%bd%d0%be%d0%b2%d0%be%d1%81%d1%82%d0%b8-%d0%be%d1%82-%d0%bd%d0%b0%d1%81\/","url":"https:\/\/www.eryigit.com.tr\/ru\/%d0%bd%d0%be%d0%b2%d0%be%d1%81%d1%82%d0%b8-%d0%be%d1%82-%d0%bd%d0%b0%d1%81\/","name":"\u041d\u043e\u0432\u043e\u0441\u0442\u0438 \u043e\u0442 \u043d\u0430\u0441 - Eryigit T\u0131bbi Cihazlar AS","isPartOf":{"@id":"https:\/\/www.eryigit.com.tr\/#website"},"datePublished":"2024-02-19T11:08:42+00:00","dateModified":"2024-02-20T14:27:39+00:00","description":"\u041f\u043e\u0441\u043b\u0435\u0434\u043d\u0438\u0435 \u0441\u043e\u0431\u044b\u0442\u0438\u044f, \u0441\u0432\u044f\u0437\u0430\u043d\u043d\u044b\u0435 \u0441 Eryi\u011fit T\u0131bbi Cihazlar A\u015e, \u0432\u044b \u043c\u043e\u0436\u0435\u0442\u0435 \u043d\u0430\u0439\u0442\u0438 \u0432 \u043d\u0430\u0448\u0435\u043c \u0440\u0430\u0437\u0434\u0435\u043b\u0435 \u043d\u043e\u0432\u043e\u0441\u0442\u0435\u0439","breadcrumb":{"@id":"https:\/\/www.eryigit.com.tr\/ru\/%d0%bd%d0%be%d0%b2%d0%be%d1%81%d1%82%d0%b8-%d0%be%d1%82-%d0%bd%d0%b0%d1%81\/#breadcrumb"},"inLanguage":"ru-RU","potentialAction":[{"@type":"ReadAction","target":["https:\/\/www.eryigit.com.tr\/ru\/%d0%bd%d0%be%d0%b2%d0%be%d1%81%d1%82%d0%b8-%d0%be%d1%82-%d0%bd%d0%b0%d1%81\/"]}]},{"@type":"BreadcrumbList","@id":"https:\/\/www.eryigit.com.tr\/ru\/%d0%bd%d0%be%d0%b2%d0%be%d1%81%d1%82%d0%b8-%d0%be%d1%82-%d0%bd%d0%b0%d1%81\/#breadcrumb","itemListElement":[{"@type":"ListItem","position":1,"name":"Ana sayfa","item":"https:\/\/www.eryigit.com.tr\/ru\/"},{"@type":"ListItem","position":2,"name":"\u041d\u043e\u0432\u043e\u0441\u0442\u0438 \u043e\u0442 \u043d\u0430\u0441"}]},{"@type":"WebSite","@id":"https:\/\/www.eryigit.com.tr\/#website","url":"https:\/\/www.eryigit.com.tr\/","name":"Eryi\u011fit T\u0131bbi Cihazlar&amp;Biyoteknoloji","description":"Eryi\u011fit T\u0131bbi Cihazlar&amp;Biyoteknoloji \u2013 Technologies for Life","publisher":{"@id":"https:\/\/www.eryigit.com.tr\/#organization"},"potentialAction":[{"@type":"SearchAction","target":{"@type":"EntryPoint","urlTemplate":"https:\/\/www.eryigit.com.tr\/?s={search_term_string}"},"query-input":{"@type":"PropertyValueSpecification","valueRequired":true,"valueName":"search_term_string"}}],"inLanguage":"ru-RU"},{"@type":"Organization","@id":"https:\/\/www.eryigit.com.tr\/#organization","name":"Eryi\u011fit T\u0131bbi Cihazlar A.\u015e.","url":"https:\/\/www.eryigit.com.tr\/","logo":{"@type":"ImageObject","inLanguage":"ru-RU","@id":"https:\/\/www.eryigit.com.tr\/#\/schema\/logo\/image\/","url":"https:\/\/www.eryigit.com.tr\/wp-content\/uploads\/eryigit-logo.jpg","contentUrl":"https:\/\/www.eryigit.com.tr\/wp-content\/uploads\/eryigit-logo.jpg","width":168,"height":49,"caption":"Eryi\u011fit T\u0131bbi Cihazlar A.\u015e."},"image":{"@id":"https:\/\/www.eryigit.com.tr\/#\/schema\/logo\/image\/"},"sameAs":["https:\/\/www.facebook.com\/eryigitmedical\/","https:\/\/www.instagram.com\/eryigitmedical\/","https:\/\/www.linkedin.com\/company\/eryi\u011fit-t\u0131bbi-cihazlar-\/","https:\/\/www.youtube.com\/channel\/UCMaYrhKIcluSWpTNjQJw2Gw"]}]}},"_links":{"self":[{"href":"https:\/\/www.eryigit.com.tr\/ru\/wp-json\/wp\/v2\/pages\/16789","targetHints":{"allow":["GET"]}}],"collection":[{"href":"https:\/\/www.eryigit.com.tr\/ru\/wp-json\/wp\/v2\/pages"}],"about":[{"href":"https:\/\/www.eryigit.com.tr\/ru\/wp-json\/wp\/v2\/types\/page"}],"author":[{"embeddable":true,"href":"https:\/\/www.eryigit.com.tr\/ru\/wp-json\/wp\/v2\/users\/1"}],"replies":[{"embeddable":true,"href":"https:\/\/www.eryigit.com.tr\/ru\/wp-json\/wp\/v2\/comments?post=16789"}],"version-history":[{"count":0,"href":"https:\/\/www.eryigit.com.tr\/ru\/wp-json\/wp\/v2\/pages\/16789\/revisions"}],"wp:attachment":[{"href":"https:\/\/www.eryigit.com.tr\/ru\/wp-json\/wp\/v2\/media?parent=16789"}],"curies":[{"name":"wp","href":"https:\/\/api.w.org\/{rel}","templated":true}]}}